{"id":99,"date":"2026-03-13T09:17:51","date_gmt":"2026-03-13T06:17:51","guid":{"rendered":"https:\/\/www.istanbulbilisimkongresi.org.tr\/2026\/?page_id=99"},"modified":"2026-03-14T13:36:42","modified_gmt":"2026-03-14T10:36:42","slug":"iletisim","status":"publish","type":"page","link":"https:\/\/www.istanbulbilisimkongresi.org.tr\/2026\/iletisim\/","title":{"rendered":"\u0130leti\u015fim"},"content":{"rendered":"<p>[et_pb_section fb_built=&#8221;1&#8243; admin_label=&#8221;section&#8221; _builder_version=&#8221;4.16&#8243; global_colors_info=&#8221;{}&#8221;][et_pb_row admin_label=&#8221;row&#8221; _builder_version=&#8221;4.16&#8243; background_size=&#8221;initial&#8221; background_position=&#8221;top_left&#8221; background_repeat=&#8221;repeat&#8221; global_colors_info=&#8221;{}&#8221;][et_pb_column type=&#8221;4_4&#8243; _builder_version=&#8221;4.16&#8243; custom_padding=&#8221;|||&#8221; global_colors_info=&#8221;{}&#8221; custom_padding__hover=&#8221;|||&#8221;][et_pb_text _builder_version=&#8221;4.27.4&#8243; _module_preset=&#8221;default&#8221; hover_enabled=&#8221;0&#8243; global_colors_info=&#8221;{}&#8221; sticky_enabled=&#8221;0&#8243;]<\/p>\n<h3>T\u00dcRK\u0130YE B\u0130L\u0130\u015e\u0130M DERNE\u011e\u0130 \u0130STANBUL \u015eUBES\u0130<\/h3>\n<p>19 May\u0131s Mahallesi S\u00fcmer Sokak, S\u00dcMKO Sitesi<br \/>5B M7 A Blok Kat:7 Daire:29, 34710 Kad\u0131k\u00f6y\/\u0130stanbul<br \/>Tel: +090 216 337 7041, +90 505 210 11 78<br \/><a href=\"https:\/\/www.tbd.org.tr\/\" target=\"_blank\" rel=\"noreferrer noopener\">www.tbd.org.tr<\/a>\u00a0 | \u00a0 <a href=\"mailto:tbd-istanbul@tbd.org.tr\">tbd-istanbul@tbd.org.tr<\/a><\/p>\n<p>Bildiri g\u00f6nderimi ile ilgili t\u00fcm sorular\u0131n\u0131z\u0131 <a href=\"mailto:bildiri@istanbulbilisimkongresi.org.tr\" target=\"_blank\" rel=\"noopener\">bildiri@istanbulbilisimkongresi.org.tr<\/a> e-posta adresine iletebilirsiniz.<\/p>\n<p>[\/et_pb_text][\/et_pb_column][\/et_pb_row][\/et_pb_section]<\/p>\n","protected":false},"excerpt":{"rendered":"<p>T\u00dcRK\u0130YE B\u0130L\u0130\u015e\u0130M DERNE\u011e\u0130 \u0130STANBUL \u015eUBES\u0130 19 May\u0131s Mahallesi S\u00fcmer Sokak, S\u00dcMKO Sitesi5B M7 A Blok Kat:7 Daire:29, 34710 Kad\u0131k\u00f6y\/\u0130stanbulTel: +090 216 337 7041, +90 505 210 11 78www.tbd.org.tr\u00a0 | \u00a0 tbd-istanbul@tbd.org.tr Bildiri g\u00f6nderimi ile ilgili t\u00fcm sorular\u0131n\u0131z\u0131 bildiri@istanbulbilisimkongresi.org.tr e-posta adresine iletebilirsiniz.<\/p>\n","protected":false},"author":2,"featured_media":0,"parent":0,"menu_order":0,"comment_status":"closed","ping_status":"closed","template":"","meta":{"_et_pb_use_builder":"on","_et_pb_old_content":"","_et_gb_content_width":"","footnotes":""},"class_list":["post-99","page","type-page","status-publish","hentry"],"amp_enabled":true,"_links":{"self":[{"href":"https:\/\/www.istanbulbilisimkongresi.org.tr\/2026\/wp-json\/wp\/v2\/pages\/99","targetHints":{"allow":["GET"]}}],"collection":[{"href":"https:\/\/www.istanbulbilisimkongresi.org.tr\/2026\/wp-json\/wp\/v2\/pages"}],"about":[{"href":"https:\/\/www.istanbulbilisimkongresi.org.tr\/2026\/wp-json\/wp\/v2\/types\/page"}],"author":[{"embeddable":true,"href":"https:\/\/www.istanbulbilisimkongresi.org.tr\/2026\/wp-json\/wp\/v2\/users\/2"}],"replies":[{"embeddable":true,"href":"https:\/\/www.istanbulbilisimkongresi.org.tr\/2026\/wp-json\/wp\/v2\/comments?post=99"}],"version-history":[{"count":7,"href":"https:\/\/www.istanbulbilisimkongresi.org.tr\/2026\/wp-json\/wp\/v2\/pages\/99\/revisions"}],"predecessor-version":[{"id":208,"href":"https:\/\/www.istanbulbilisimkongresi.org.tr\/2026\/wp-json\/wp\/v2\/pages\/99\/revisions\/208"}],"wp:attachment":[{"href":"https:\/\/www.istanbulbilisimkongresi.org.tr\/2026\/wp-json\/wp\/v2\/media?parent=99"}],"curies":[{"name":"wp","href":"https:\/\/api.w.org\/{rel}","templated":true}]}}