{"id":94,"date":"2026-03-13T09:16:21","date_gmt":"2026-03-13T06:16:21","guid":{"rendered":"https:\/\/www.istanbulbilisimkongresi.org.tr\/2026\/?page_id=94"},"modified":"2026-04-06T14:19:35","modified_gmt":"2026-04-06T11:19:35","slug":"organiasyon-kurulu","status":"publish","type":"page","link":"https:\/\/www.istanbulbilisimkongresi.org.tr\/2026\/organiasyon-kurulu\/","title":{"rendered":"Organizasyon Kurulu"},"content":{"rendered":"<p>[et_pb_section fb_built=&#8221;1&#8243; admin_label=&#8221;section&#8221; _builder_version=&#8221;4.16&#8243; global_colors_info=&#8221;{}&#8221;][et_pb_row admin_label=&#8221;row&#8221; _builder_version=&#8221;4.16&#8243; background_size=&#8221;initial&#8221; background_position=&#8221;top_left&#8221; background_repeat=&#8221;repeat&#8221; global_colors_info=&#8221;{}&#8221;][et_pb_column type=&#8221;4_4&#8243; _builder_version=&#8221;4.16&#8243; custom_padding=&#8221;|||&#8221; global_colors_info=&#8221;{}&#8221; custom_padding__hover=&#8221;|||&#8221;][et_pb_text _builder_version=&#8221;4.27.4&#8243; _module_preset=&#8221;default&#8221; hover_enabled=&#8221;0&#8243; global_colors_info=&#8221;{}&#8221; sticky_enabled=&#8221;0&#8243;]<\/p>\n<h3>ORGAN\u0130ZASYON KURULU<\/h3>\n<p>Ahmet AYVALI<br \/>Bilgin MET\u0130N<br \/>Birden S\u0130YAH\u0130<br \/>Can DA\u011eDELEN<br \/>Ceyda C\u0130M\u0130LL\u0130 AKAYDIN<br \/>Deniz T\u0130RYAK\u0130O\u011eLU<br \/>Ebru GAD\u0130\u015e<br \/>Elif KARTAL<br \/>Ertan BARUT<br \/>G\u00f6ker SARP<br \/>H\u00fcseyin KARAYA\u011eIZ K.<br \/>Tufan TEK\u0130N<br \/>M. Erdal BALABAN<br \/>Murat DEM\u0130REL<br \/>S. Gonca TELL\u0130<br \/>Zeki \u00d6ZEN<\/p>\n<p>[\/et_pb_text][\/et_pb_column][\/et_pb_row][\/et_pb_section]<\/p>\n","protected":false},"excerpt":{"rendered":"<p>ORGAN\u0130ZASYON KURULU Ahmet AYVALIBilgin MET\u0130NBirden S\u0130YAH\u0130Can DA\u011eDELENCeyda C\u0130M\u0130LL\u0130 AKAYDINDeniz T\u0130RYAK\u0130O\u011eLUEbru GAD\u0130\u015eElif KARTALErtan BARUTG\u00f6ker SARPH\u00fcseyin KARAYA\u011eIZ K.Tufan TEK\u0130NM. Erdal BALABANMurat DEM\u0130RELS. Gonca TELL\u0130Zeki \u00d6ZEN<\/p>\n","protected":false},"author":2,"featured_media":0,"parent":0,"menu_order":0,"comment_status":"closed","ping_status":"closed","template":"","meta":{"_et_pb_use_builder":"on","_et_pb_old_content":"","_et_gb_content_width":"","footnotes":""},"class_list":["post-94","page","type-page","status-publish","hentry"],"amp_enabled":true,"_links":{"self":[{"href":"https:\/\/www.istanbulbilisimkongresi.org.tr\/2026\/wp-json\/wp\/v2\/pages\/94","targetHints":{"allow":["GET"]}}],"collection":[{"href":"https:\/\/www.istanbulbilisimkongresi.org.tr\/2026\/wp-json\/wp\/v2\/pages"}],"about":[{"href":"https:\/\/www.istanbulbilisimkongresi.org.tr\/2026\/wp-json\/wp\/v2\/types\/page"}],"author":[{"embeddable":true,"href":"https:\/\/www.istanbulbilisimkongresi.org.tr\/2026\/wp-json\/wp\/v2\/users\/2"}],"replies":[{"embeddable":true,"href":"https:\/\/www.istanbulbilisimkongresi.org.tr\/2026\/wp-json\/wp\/v2\/comments?post=94"}],"version-history":[{"count":8,"href":"https:\/\/www.istanbulbilisimkongresi.org.tr\/2026\/wp-json\/wp\/v2\/pages\/94\/revisions"}],"predecessor-version":[{"id":247,"href":"https:\/\/www.istanbulbilisimkongresi.org.tr\/2026\/wp-json\/wp\/v2\/pages\/94\/revisions\/247"}],"wp:attachment":[{"href":"https:\/\/www.istanbulbilisimkongresi.org.tr\/2026\/wp-json\/wp\/v2\/media?parent=94"}],"curies":[{"name":"wp","href":"https:\/\/api.w.org\/{rel}","templated":true}]}}