{"id":13,"date":"2026-03-13T09:04:56","date_gmt":"2026-03-13T06:04:56","guid":{"rendered":"https:\/\/www.istanbulbilisimkongresi.org.tr\/2026\/?page_id=13"},"modified":"2026-04-16T14:35:11","modified_gmt":"2026-04-16T11:35:11","slug":"kongre-hakkinda","status":"publish","type":"page","link":"https:\/\/www.istanbulbilisimkongresi.org.tr\/2026\/kongre-hakkinda\/","title":{"rendered":"Kongre Hakk\u0131nda"},"content":{"rendered":"<p>[et_pb_section fb_built=&#8221;1&#8243; admin_label=&#8221;section&#8221; _builder_version=&#8221;4.16&#8243; global_colors_info=&#8221;{}&#8221;][et_pb_row admin_label=&#8221;row&#8221; _builder_version=&#8221;4.16&#8243; background_size=&#8221;initial&#8221; background_position=&#8221;top_left&#8221; background_repeat=&#8221;repeat&#8221; global_colors_info=&#8221;{}&#8221;][et_pb_column type=&#8221;4_4&#8243; _builder_version=&#8221;4.16&#8243; custom_padding=&#8221;|||&#8221; global_colors_info=&#8221;{}&#8221; custom_padding__hover=&#8221;|||&#8221;][et_pb_text _builder_version=&#8221;4.27.4&#8243; _module_preset=&#8221;default&#8221; hover_enabled=&#8221;0&#8243; global_colors_info=&#8221;{}&#8221; sticky_enabled=&#8221;0&#8243;]<\/p>\n<h3 class=\"p1\" style=\"text-align: center\"><b>20. \u0130stanbul Bili\u015fim Kongresi<br \/><\/b><b>\u201cYapay Zek\u00e2 Destekli Gelecek: Teknoloji ve Toplum\u201d<br \/><\/b><b>5 Kas\u0131m 2026<\/b><\/h3>\n<p class=\"p3\">T\u00fcrkiye Bili\u015fim Derne\u011fi \u0130stanbul \u015eubesi olarak, bu y\u0131l <span class=\"s1\"><b>20.ncisini<\/b><\/span> d\u00fczenleyece\u011fimiz <span class=\"s1\"><b>\u0130stanbul Bili\u015fim Kongresi\u2019ni<\/b><\/span>, 5 Kas\u0131m 2026 tarihinde <span class=\"s1\"><b>\u201cYapay Zek\u00e2 Destekli Gelecek: Teknoloji ve Toplum\u201d<\/b><\/span> temas\u0131yla <strong>\u0130stanbul<\/strong> <span class=\"s1\"><b>Ni\u015fanta\u015f\u0131 \u00dcniversitesi Maslak Kamp\u00fcs\u00fc\u2019nde<\/b><\/span> ger\u00e7ekle\u015ftirece\u011fiz.<\/p>\n<p class=\"p3\">Kongremizde d\u00fczenlenecek panellerde ve oturumlarda; yapay zek\u00e2 ve \u00fcretken yapay zek\u00e2, makine \u00f6\u011frenmesi ve veri bilimi, b\u00fcy\u00fck veri analiti\u011fi ve veri mimarileri, siber g\u00fcvenlik ve dijital g\u00fcven, nesnelerin interneti ve ak\u0131ll\u0131 sistemler, bulut bili\u015fim ve edge computing, dijital d\u00f6n\u00fc\u015f\u00fcm ve End\u00fcstri 4.0, FinTech ve blokzincir teknolojileri, sa\u011fl\u0131k bili\u015fimi, e\u011fitim teknolojileri, ak\u0131ll\u0131 \u015fehirler, insan\u2013bilgisayar etkile\u015fimi, robotik sistemler ile yapay zek\u00e2 eti\u011fi ve algoritmik adalet gibi bili\u015fim alan\u0131ndaki g\u00fcncel konular ele al\u0131nacakt\u0131r.<\/p>\n<p class=\"p3\">Bu y\u0131lki etkinli\u011fimizde akademi, kamu ve \u00f6zel sekt\u00f6rden alan\u0131nda uzman konu\u015fmac\u0131lar ile bir araya gelerek yapay zek\u00e2 ba\u015fta olmak \u00fczere yeni nesil teknolojilerin toplum, ekonomi, e\u011fitim ve i\u015f d\u00fcnyas\u0131 \u00fczerindeki etkilerini farkl\u0131 perspektiflerden de\u011ferlendirmeyi ama\u00e7l\u0131yoruz. \u0130stanbul Bili\u015fim Kongresi, bili\u015fim ekosisteminin farkl\u0131 payda\u015flar\u0131n\u0131 bir araya getiren bir platform olarak bilgi payla\u015f\u0131m\u0131n\u0131 te\u015fvik etmeyi ve gelece\u011fin teknolojilerine y\u00f6nelik ortak bir vizyon olu\u015fturmay\u0131 hedeflemektedir.<\/p>\n<p><strong>Sayg\u0131lar\u0131m\u0131zla<br \/><\/strong><\/p>\n<p><strong>T\u00fcrkiye Bili\u015fim Derne\u011fi<\/strong><br \/><strong>\u0130stanbul \u015eube Y\u00f6netim Kurulu<\/strong><\/p>\n<p>[\/et_pb_text][\/et_pb_column][\/et_pb_row][\/et_pb_section]<\/p>\n","protected":false},"excerpt":{"rendered":"<p>20. \u0130stanbul Bili\u015fim Kongresi\u201cYapay Zek\u00e2 Destekli Gelecek: Teknoloji ve Toplum\u201d5 Kas\u0131m 2026 T\u00fcrkiye Bili\u015fim Derne\u011fi \u0130stanbul \u015eubesi olarak, bu y\u0131l 20.ncisini d\u00fczenleyece\u011fimiz \u0130stanbul Bili\u015fim Kongresi\u2019ni, 5 Kas\u0131m 2026 tarihinde \u201cYapay Zek\u00e2 Destekli Gelecek: Teknoloji ve Toplum\u201d temas\u0131yla \u0130stanbul Ni\u015fanta\u015f\u0131 \u00dcniversitesi Maslak Kamp\u00fcs\u00fc\u2019nde ger\u00e7ekle\u015ftirece\u011fiz. Kongremizde d\u00fczenlenecek panellerde ve oturumlarda; yapay zek\u00e2 ve \u00fcretken yapay zek\u00e2, makine [&hellip;]<\/p>\n","protected":false},"author":2,"featured_media":0,"parent":0,"menu_order":0,"comment_status":"closed","ping_status":"closed","template":"","meta":{"_et_pb_use_builder":"on","_et_pb_old_content":"","_et_gb_content_width":"","footnotes":""},"class_list":["post-13","page","type-page","status-publish","hentry"],"amp_enabled":true,"_links":{"self":[{"href":"https:\/\/www.istanbulbilisimkongresi.org.tr\/2026\/wp-json\/wp\/v2\/pages\/13","targetHints":{"allow":["GET"]}}],"collection":[{"href":"https:\/\/www.istanbulbilisimkongresi.org.tr\/2026\/wp-json\/wp\/v2\/pages"}],"about":[{"href":"https:\/\/www.istanbulbilisimkongresi.org.tr\/2026\/wp-json\/wp\/v2\/types\/page"}],"author":[{"embeddable":true,"href":"https:\/\/www.istanbulbilisimkongresi.org.tr\/2026\/wp-json\/wp\/v2\/users\/2"}],"replies":[{"embeddable":true,"href":"https:\/\/www.istanbulbilisimkongresi.org.tr\/2026\/wp-json\/wp\/v2\/comments?post=13"}],"version-history":[{"count":11,"href":"https:\/\/www.istanbulbilisimkongresi.org.tr\/2026\/wp-json\/wp\/v2\/pages\/13\/revisions"}],"predecessor-version":[{"id":260,"href":"https:\/\/www.istanbulbilisimkongresi.org.tr\/2026\/wp-json\/wp\/v2\/pages\/13\/revisions\/260"}],"wp:attachment":[{"href":"https:\/\/www.istanbulbilisimkongresi.org.tr\/2026\/wp-json\/wp\/v2\/media?parent=13"}],"curies":[{"name":"wp","href":"https:\/\/api.w.org\/{rel}","templated":true}]}}