{"id":125,"date":"2026-03-13T21:28:10","date_gmt":"2026-03-13T18:28:10","guid":{"rendered":"https:\/\/www.istanbulbilisimkongresi.org.tr\/2026\/?page_id=125"},"modified":"2026-03-14T13:34:37","modified_gmt":"2026-03-14T10:34:37","slug":"yayin-kurulu","status":"publish","type":"page","link":"https:\/\/www.istanbulbilisimkongresi.org.tr\/2026\/yayin-kurulu\/","title":{"rendered":"Yay\u0131n Kurulu"},"content":{"rendered":"<p>[et_pb_section fb_built=&#8221;1&#8243; admin_label=&#8221;section&#8221; _builder_version=&#8221;4.16&#8243; global_colors_info=&#8221;{}&#8221;][et_pb_row admin_label=&#8221;row&#8221; _builder_version=&#8221;4.16&#8243; background_size=&#8221;initial&#8221; background_position=&#8221;top_left&#8221; background_repeat=&#8221;repeat&#8221; global_colors_info=&#8221;{}&#8221;][et_pb_column type=&#8221;4_4&#8243; _builder_version=&#8221;4.16&#8243; custom_padding=&#8221;|||&#8221; global_colors_info=&#8221;{}&#8221; custom_padding__hover=&#8221;|||&#8221;][et_pb_text _builder_version=&#8221;4.27.4&#8243; _module_preset=&#8221;default&#8221; global_colors_info=&#8221;{}&#8221;]<\/p>\n<h3>YAYIN KURULU<\/h3>\n<p>Prof. Dr. S. Gonca TELL\u0130<br \/>Prof. Dr. M. Erdal BALABAN<br \/>Do\u00e7. Dr. Elif KARTAL<br \/>Do\u00e7. Dr. F. \u00d6nay KO\u00c7O\u011eLU<br \/>Do\u00e7. Dr. Zeki \u00d6ZEN<br \/>Dr. \u00d6\u011fr. \u00dcyesi G\u00f6k\u00e7e KARAHAN ADALI<\/p>\n<p>[\/et_pb_text][\/et_pb_column][\/et_pb_row][\/et_pb_section]<\/p>\n","protected":false},"excerpt":{"rendered":"<p>YAYIN KURULU Prof. Dr. S. Gonca TELL\u0130Prof. Dr. M. Erdal BALABANDo\u00e7. Dr. Elif KARTALDo\u00e7. Dr. F. \u00d6nay KO\u00c7O\u011eLUDo\u00e7. Dr. Zeki \u00d6ZENDr. \u00d6\u011fr. \u00dcyesi G\u00f6k\u00e7e KARAHAN ADALI<\/p>\n","protected":false},"author":5,"featured_media":0,"parent":0,"menu_order":0,"comment_status":"closed","ping_status":"closed","template":"","meta":{"_et_pb_use_builder":"on","_et_pb_old_content":"","_et_gb_content_width":"","footnotes":""},"class_list":["post-125","page","type-page","status-publish","hentry"],"amp_enabled":true,"_links":{"self":[{"href":"https:\/\/www.istanbulbilisimkongresi.org.tr\/2026\/wp-json\/wp\/v2\/pages\/125","targetHints":{"allow":["GET"]}}],"collection":[{"href":"https:\/\/www.istanbulbilisimkongresi.org.tr\/2026\/wp-json\/wp\/v2\/pages"}],"about":[{"href":"https:\/\/www.istanbulbilisimkongresi.org.tr\/2026\/wp-json\/wp\/v2\/types\/page"}],"author":[{"embeddable":true,"href":"https:\/\/www.istanbulbilisimkongresi.org.tr\/2026\/wp-json\/wp\/v2\/users\/5"}],"replies":[{"embeddable":true,"href":"https:\/\/www.istanbulbilisimkongresi.org.tr\/2026\/wp-json\/wp\/v2\/comments?post=125"}],"version-history":[{"count":4,"href":"https:\/\/www.istanbulbilisimkongresi.org.tr\/2026\/wp-json\/wp\/v2\/pages\/125\/revisions"}],"predecessor-version":[{"id":205,"href":"https:\/\/www.istanbulbilisimkongresi.org.tr\/2026\/wp-json\/wp\/v2\/pages\/125\/revisions\/205"}],"wp:attachment":[{"href":"https:\/\/www.istanbulbilisimkongresi.org.tr\/2026\/wp-json\/wp\/v2\/media?parent=125"}],"curies":[{"name":"wp","href":"https:\/\/api.w.org\/{rel}","templated":true}]}}