{"id":80,"date":"2025-10-01T16:28:08","date_gmt":"2025-10-01T13:28:08","guid":{"rendered":"https:\/\/www.istanbulbilisimkongresi.org.tr\/2025\/?page_id=80"},"modified":"2025-10-14T14:20:33","modified_gmt":"2025-10-14T11:20:33","slug":"program","status":"publish","type":"page","link":"https:\/\/www.istanbulbilisimkongresi.org.tr\/2025\/program\/","title":{"rendered":"Program"},"content":{"rendered":"<p>[et_pb_section fb_built=&#8221;1&#8243; fullwidth=&#8221;on&#8221; _builder_version=&#8221;4.16&#8243; global_colors_info=&#8221;{}&#8221;][et_pb_fullwidth_image src=&#8221;https:\/\/www.istanbulbilisimkongresi.org.tr\/2025\/wp-content\/uploads\/sites\/17\/2025\/09\/ibk25-ust.jpg&#8221; title_text=&#8221;ibk25-ust&#8221; _builder_version=&#8221;4.27.4&#8243; vertical_offset_tablet=&#8221;0&#8243; horizontal_offset_tablet=&#8221;0&#8243; z_index_tablet=&#8221;0&#8243; box_shadow_horizontal_tablet=&#8221;0px&#8221; box_shadow_vertical_tablet=&#8221;0px&#8221; box_shadow_blur_tablet=&#8221;40px&#8221; box_shadow_spread_tablet=&#8221;0px&#8221; global_colors_info=&#8221;{}&#8221;][\/et_pb_fullwidth_image][\/et_pb_section][et_pb_section fb_built=&#8221;1&#8243; _builder_version=&#8221;4.27.4&#8243; background_color=&#8221;#f2f2f2&#8243; global_colors_info=&#8221;{}&#8221;][et_pb_row _builder_version=&#8221;4.27.4&#8243; background_size=&#8221;initial&#8221; background_position=&#8221;top_left&#8221; background_repeat=&#8221;repeat&#8221; global_colors_info=&#8221;{}&#8221;][et_pb_column type=&#8221;4_4&#8243; _builder_version=&#8221;4.16&#8243; custom_padding=&#8221;|||&#8221; global_colors_info=&#8221;{}&#8221; custom_padding__hover=&#8221;|||&#8221;][et_pb_text _builder_version=&#8221;4.27.4&#8243; vertical_offset_tablet=&#8221;0&#8243; horizontal_offset_tablet=&#8221;0&#8243; hover_enabled=&#8221;0&#8243; z_index_tablet=&#8221;0&#8243; custom_css_free_form=&#8221;h1 {||      color: #003366;||      font-size: 1.8em;||      text-align: center;||      margin: 20px 0;||    }||    .session, .workshop {||      background: #ffffff;||      border-left: 6px solid #80bfff;||      margin-bottom: 20px;||      padding: 15px 20px;||      border-radius: 8px;||      box-shadow: 0 2px 6px rgba(0, 0, 0, 0.05);||    }||    .workshop {||      border-left-color: #ffeb99;||    }||    .session h2, .workshop h2 {||      margin-top: 0;||      font-size: 1.2em;||      color: #003366;||    }||    .time {||      font-weight: bold;||      color: #555;||      margin: 8px 0;||    }||    .speaker {||      margin-left: 15px;||      margin-bottom: 5px;||    }||    .speaker a {||      text-decoration: none;||      color: #0066cc;||    }||    .speaker a:hover {||      text-decoration: underline;||    }||    p {||      margin-left: 15px;||      font-size: 0.95em;||    }||    @media (max-width: 600px) {||      body {||        padding: 10px;||      }||      header img {||        width: 90px;||      }||      h1 {||        font-size: 1.4em;||      }||      .session h2, .workshop h2 {||        font-size: 1.05em;||      }||    }&#8221; text_text_shadow_horizontal_length_tablet=&#8221;0px&#8221; text_text_shadow_vertical_length_tablet=&#8221;0px&#8221; text_text_shadow_blur_strength_tablet=&#8221;1px&#8221; link_text_shadow_horizontal_length_tablet=&#8221;0px&#8221; link_text_shadow_vertical_length_tablet=&#8221;0px&#8221; link_text_shadow_blur_strength_tablet=&#8221;1px&#8221; ul_text_shadow_horizontal_length_tablet=&#8221;0px&#8221; ul_text_shadow_vertical_length_tablet=&#8221;0px&#8221; ul_text_shadow_blur_strength_tablet=&#8221;1px&#8221; ol_text_shadow_horizontal_length_tablet=&#8221;0px&#8221; ol_text_shadow_vertical_length_tablet=&#8221;0px&#8221; ol_text_shadow_blur_strength_tablet=&#8221;1px&#8221; quote_text_shadow_horizontal_length_tablet=&#8221;0px&#8221; quote_text_shadow_vertical_length_tablet=&#8221;0px&#8221; quote_text_shadow_blur_strength_tablet=&#8221;1px&#8221; header_text_shadow_horizontal_length_tablet=&#8221;0px&#8221; header_text_shadow_vertical_length_tablet=&#8221;0px&#8221; header_text_shadow_blur_strength_tablet=&#8221;1px&#8221; header_2_text_shadow_horizontal_length_tablet=&#8221;0px&#8221; header_2_text_shadow_vertical_length_tablet=&#8221;0px&#8221; header_2_text_shadow_blur_strength_tablet=&#8221;1px&#8221; header_3_text_shadow_horizontal_length_tablet=&#8221;0px&#8221; header_3_text_shadow_vertical_length_tablet=&#8221;0px&#8221; header_3_text_shadow_blur_strength_tablet=&#8221;1px&#8221; header_4_text_shadow_horizontal_length_tablet=&#8221;0px&#8221; header_4_text_shadow_vertical_length_tablet=&#8221;0px&#8221; header_4_text_shadow_blur_strength_tablet=&#8221;1px&#8221; header_5_text_shadow_horizontal_length_tablet=&#8221;0px&#8221; header_5_text_shadow_vertical_length_tablet=&#8221;0px&#8221; header_5_text_shadow_blur_strength_tablet=&#8221;1px&#8221; header_6_text_shadow_horizontal_length_tablet=&#8221;0px&#8221; header_6_text_shadow_vertical_length_tablet=&#8221;0px&#8221; header_6_text_shadow_blur_strength_tablet=&#8221;1px&#8221; border_radii=&#8221;off|0px|0px|0px|0px&#8221; box_shadow_vertical_tablet=&#8221;0px&#8221; box_shadow_blur_tablet=&#8221;40px&#8221; global_colors_info=&#8221;{}&#8221; sticky_enabled=&#8221;0&#8243;]<\/p>\n<h1>\u0130stanbul Bili\u015fim Kongresi 2025<\/h1>\n<div class=\"session\">\n<h2>KAYIT<\/h2>\n<div class=\"time\">09:30 &#8211; 10:00<\/div>\n<\/div>\n<div class=\"session\">\n<h2>A\u00c7ILI\u015e KONU\u015eMALARI<\/h2>\n<div class=\"time\">10:00 &#8211; 10:40<\/div>\n<div class=\"speaker\">Cemal K\u0131van\u00e7 \u00d6NER &#8211; TBD \u0130stanbul \u015eubesi Y\u00f6netim Kurulu Ba\u015fkan\u0131<\/div>\n<div class=\"speaker\">Kenan ALTINSAAT &#8211; T\u00fcrkiye Bili\u015fim Derne\u011fi Genel Ba\u015fkan\u0131<\/div>\n<div class=\"speaker\">Prof. Dr. U\u011fur YOZGAT &#8211; \u0130stanbul Ni\u015fanta\u015f\u0131 \u00dcniversitesi Rekt\u00f6r Yard\u0131mc\u0131s\u0131<\/div>\n<div class=\"speaker\">Davut G\u00dcL &#8211; \u0130stanbul Valisi *<\/div>\n<\/div>\n<div class=\"session\">\n<h2>ANA OTURUM<\/h2>\n<div class=\"time\">10:40 &#8211; 11:50<\/div>\n<div class=\"speaker\">Ali KIRCA &#8211; ULAK HABERLE\u015eME A.\u015e. Yaz\u0131l\u0131m Tan\u0131ml\u0131 A\u011f Teknolojileri M\u00fcd\u00fcr\u00fc<\/div>\n<div class=\"speaker\">\u00c7a\u011flar UZUNER &#8211; Esri T\u00fcrkiye Profesyonel Hizmetler Grup M\u00fcd\u00fcr\u00fc<\/div>\n<div class=\"speaker\">Can DA\u011eDELEN &#8211; DAG-Tech CEO<\/div>\n<div class=\"speaker\">Can G\u00d6YMEN &#8211; Curiosity CEO &#8211; Yapay Zek\u00e2 M\u00fchendisi<\/div>\n<\/div>\n<div class=\"session\">\n<h2>\u00c7AY KAHVE ARASI<\/h2>\n<div class=\"time\">11:50 &#8211; 12:05<\/div>\n<\/div>\n<div class=\"session\">\n<h2>Say\u0131sal D\u00f6n\u00fc\u015f\u00fcm: Ak\u0131ll\u0131 Otomasyonlar ile Zirveye (A Konferans Salonu)<\/h2>\n<div class=\"time\">12:05 &#8211; 13:15<\/div>\n<div class=\"speaker\">\u0130hsan \u00d6ZCAN &#8211; Nokia TR CTO<\/div>\n<div class=\"speaker\">Serdar ATLI &#8211; F5 K\u0131demli Hesap Y\u00f6neticisi<\/div>\n<div class=\"speaker\">Mehmet Ziya \u00d6ZBAYRAK &#8211; \u0130BA &#8211; Kurucu<\/div>\n<div class=\"speaker\">Zafer DEM\u0130RKOL &#8211; deep-ai.dev Kurucusu &#8211; AB Yapay Zeka \u00dcyesi<\/div>\n<\/div>\n<div class=\"session\">\n<h2>SosyAI Medya Yarat\u0131c\u0131 Yapay Zek\u00e2 Paneli (B Konferans Salonu)<\/h2>\n<div class=\"time\">12:05 &#8211; 13:15<\/div>\n<div class=\"speaker\"><strong>Moderat\u00f6r:<\/strong> O\u011fuzhan SARUHAN &#8211; Yazar &#8211;  E\u011fitmen &#8211; Dan\u0131\u015fman<\/div>\n<div class=\"speaker\">Ahmet ERDEM &#8211; Dijital \u0130\u00e7erik \u00dcreticisi<\/div>\n<div class=\"speaker\">Buse MA\u011eDEN &#8211; Masqot.co Kurucu<\/div>\n<div class=\"speaker\">Ceyda C\u0130M\u0130LL\u0130 AKAYDIN &#8211; Avukat &#8211; E\u011fitimci<\/div>\n<div class=\"speaker\">Yasemin KULEY\u0130N &#8211; EkoAvrasya Vakf\u0131 Genel Sekreter Yard.<\/div>\n<\/div>\n<div class=\"session\">\n<h2>YEMEK ARASI<\/h2>\n<div class=\"time\">13:15 &#8211; 14:15<\/div>\n<\/div>\n<div class=\"session\">\n<h2>Yeni D\u00fcnyam\u0131z Yapay Zek\u00e2 (A Konferans Salonu)<\/h2>\n<div class=\"time\">14:15 &#8211; 15:30<\/div>\n<div class=\"speaker\">Canan ALKIN &#8211; Robot \u0130stihdam Ajans\u0131 Kurucusu<\/div>\n<div class=\"speaker\">Dr. G\u00f6k\u00e7e Mehmet AY &#8211; Eski\u015fehir Osmangazi \u00dcniversitesi ETTOM M\u00fcd\u00fcr\u00fc<\/div>\n<div class=\"speaker\">\u0130nan ACILIO\u011eLU &#8211; OpM-D Dan\u0131\u015fmanl\u0131k Kurucusu, Yazar, Konu\u015fmac\u0131<\/div>\n<div class=\"speaker\">Zafer KARADAYI &#8211; NaraXR CEO &#8211; YK Ba\u015fkan\u0131<\/div>\n<\/div>\n<div class=\"session\">\n<h2>E\u011fitimde Say\u0131salla\u015fma (B Konferans Salonu)<\/h2>\n<div class=\"time\">14:15 &#8211; 15:30<\/div>\n<div class=\"speaker\">Dr. Ali \u00d6ZKURT &#8211; \u0130stanbul Ni\u015fanta\u015f\u0131 \u00dcniv. Bilgisayar M\u00fch. B\u00f6l\u00fcm\u00fc \u00d6\u011fr. \u00dcyesi<\/div>\n<div class=\"speaker\">Burcu YILMAZ &#8211; MEB Bili\u015fim Teknolojileri E\u011fitimcileri Derne\u011fi Onursal Ba\u015fkan\u0131<\/div>\n<div class=\"speaker\">Prof. Dr. Gonca TELL\u0130 &#8211; Yeditepe \u00dcniv. Bilgisayar ve Bili\u015fim Bilimleri Fak\u00fcltesi<\/div>\n<div class=\"speaker\">Dr. Ula\u015f VURAL &#8211; \u0130stanbul Ni\u015fanta\u015f\u0131 \u00dcniv. Bilgisayar M\u00fchendisli\u011fi B\u00f6l\u00fcm\u00fc \u00d6\u011fr. \u00dcyesi<\/div>\n<\/div>\n<div class=\"session\">\n<h2>\u00c7AY KAHVE ARASI<\/h2>\n<div class=\"time\">15:30 &#8211; 15:45<\/div>\n<\/div>\n<div class=\"session\">\n<h2>Yapay Zek\u00e2n\u0131n Y\u00fckseli\u015fi (A Konferans Salonu)<\/h2>\n<div class=\"time\">15:45 &#8211; 17:00<\/div>\n<div class=\"speaker\">Berkay YAL\u00c7IN &#8211; SAAS Corner Kurucusu<\/div>\n<div class=\"speaker\">\u0130rfan \u00c7OLAK &#8211; MECHANICA YK \u00dcyesi &#8211; \u0130\u015f Geli\u015ftirme ve Sat\u0131\u015f Direkt\u00f6r\u00fc<\/div>\n<div class=\"speaker\">Prof. Dr. \u00d6zg\u00fcr E. M\u00dcSTECAPLIO\u011eLU &#8211; Ko\u00e7 \u00dcniv. Fen Fak\u00fcltesi Fizik B\u00f6l\u00fcm\u00fc<\/div>\n<div class=\"speaker\">Serdar GERE &#8211; IBM T\u00fcrk  CTO- Teknik Topluluk Lideri<\/div>\n<\/div>\n<div class=\"session\">\n<h2>Sa\u011fl\u0131kta Say\u0131salla\u015fma (B Konferans Salonu)<\/h2>\n<div class=\"time\">15:45 &#8211; 17:00<\/div>\n<div class=\"speaker\">Prof. Dr. G\u00fcrkan ERSOY &#8211; Uluslararas\u0131 K\u0131br\u0131s \u00dcniv. T\u0131p Fak\u00fcltesi \u00d6\u011fr. \u00dcyesi<\/div>\n<div class=\"speaker\">Dr. \u0130lker GEL\u0130\u015eEN &#8211; Yak\u0131n Do\u011fu \u00dcniv. Ortak Dersler Koordinat\u00f6rl\u00fc\u011f\u00fc<\/div>\n<div class=\"speaker\">Dr. Mehmet Ali EGE &#8211; Ege \u00dcniv. Eczac\u0131l\u0131k Fak\u00fcltesi Dr. \u00d6\u011fr. G\u00f6revlisi<\/div>\n<div class=\"speaker\">Prof. Dr. Utku \u015eENOL &#8211; Akdeniz \u00dcniv. T\u0131p Fak\u00fcltesi N\u00f6roradyoloji Bilim Dal\u0131 Ba\u015fkan\u0131 ve Sa\u011fl\u0131k Bilimleri Enstit\u00fcs\u00fc T\u0131p Bili\u015fimi \u00d6\u011fr. \u00dcyesi<\/div>\n<\/div>\n<div class=\"session\">\n<h2>Z Ku\u015fa\u011f\u0131 TBD Gen\u00e7lik \u00c7al\u0131\u015ftay\u0131 (C Anfi)<\/h2>\n<div class=\"time\">15:45 &#8211; 17:00<\/div>\n<\/div>\n<div class=\"session\">\n<h2>PLAKET T\u00d6REN\u0130<\/h2>\n<div class=\"time\"><\/div>\n<\/div>\n<div class=\"session\">\n<h2>TE\u015eEKK\u00dcR VE KAPANI\u015e<\/h2>\n<div class=\"time\">17:00<\/div>\n<\/div>\n<p>* Davet edildi program\u0131n\u0131n uygunlu\u011fu dahilinde kat\u0131l\u0131m sa\u011flayacaklad\u0131r.<\/p>\n<p>[\/et_pb_text][\/et_pb_column][\/et_pb_row][\/et_pb_section]<\/p>\n","protected":false},"excerpt":{"rendered":"<p>\u0130stanbul Bili\u015fim Kongresi 2025 KAYIT 09:30 &#8211; 10:00 A\u00c7ILI\u015e KONU\u015eMALARI 10:00 &#8211; 10:40 Cemal K\u0131van\u00e7 \u00d6NER &#8211; TBD \u0130stanbul \u015eubesi Y\u00f6netim Kurulu Ba\u015fkan\u0131 Kenan ALTINSAAT &#8211; T\u00fcrkiye Bili\u015fim Derne\u011fi Genel Ba\u015fkan\u0131 Prof. Dr. U\u011fur YOZGAT &#8211; \u0130stanbul Ni\u015fanta\u015f\u0131 \u00dcniversitesi Rekt\u00f6r Yard\u0131mc\u0131s\u0131 Davut G\u00dcL &#8211; \u0130stanbul Valisi * ANA OTURUM 10:40 &#8211; 11:50 Ali KIRCA &#8211; [&hellip;]<\/p>\n","protected":false},"author":2,"featured_media":0,"parent":0,"menu_order":0,"comment_status":"closed","ping_status":"closed","template":"","meta":{"_et_pb_use_builder":"on","_et_pb_old_content":"","_et_gb_content_width":"","footnotes":""},"class_list":["post-80","page","type-page","status-publish","hentry"],"amp_enabled":true,"_links":{"self":[{"href":"https:\/\/www.istanbulbilisimkongresi.org.tr\/2025\/wp-json\/wp\/v2\/pages\/80","targetHints":{"allow":["GET"]}}],"collection":[{"href":"https:\/\/www.istanbulbilisimkongresi.org.tr\/2025\/wp-json\/wp\/v2\/pages"}],"about":[{"href":"https:\/\/www.istanbulbilisimkongresi.org.tr\/2025\/wp-json\/wp\/v2\/types\/page"}],"author":[{"embeddable":true,"href":"https:\/\/www.istanbulbilisimkongresi.org.tr\/2025\/wp-json\/wp\/v2\/users\/2"}],"replies":[{"embeddable":true,"href":"https:\/\/www.istanbulbilisimkongresi.org.tr\/2025\/wp-json\/wp\/v2\/comments?post=80"}],"version-history":[{"count":16,"href":"https:\/\/www.istanbulbilisimkongresi.org.tr\/2025\/wp-json\/wp\/v2\/pages\/80\/revisions"}],"predecessor-version":[{"id":244,"href":"https:\/\/www.istanbulbilisimkongresi.org.tr\/2025\/wp-json\/wp\/v2\/pages\/80\/revisions\/244"}],"wp:attachment":[{"href":"https:\/\/www.istanbulbilisimkongresi.org.tr\/2025\/wp-json\/wp\/v2\/media?parent=80"}],"curies":[{"name":"wp","href":"https:\/\/api.w.org\/{rel}","templated":true}]}}