{"id":24,"date":"2023-11-03T15:06:18","date_gmt":"2023-11-03T12:06:18","guid":{"rendered":"https:\/\/www.istanbulbilisimkongresi.org.tr\/2023\/?page_id=24"},"modified":"2023-12-16T14:34:51","modified_gmt":"2023-12-16T11:34:51","slug":"iletisim","status":"publish","type":"page","link":"https:\/\/www.istanbulbilisimkongresi.org.tr\/2023\/iletisim\/","title":{"rendered":"\u0130leti\u015fim"},"content":{"rendered":"<p>[et_pb_section fb_built=&#8221;1&#8243; fullwidth=&#8221;on&#8221; _builder_version=&#8221;3.22&#8243;][et_pb_fullwidth_image src=&#8221;https:\/\/www.istanbulbilisimkongresi.org.tr\/2023\/wp-content\/uploads\/sites\/15\/2023\/11\/istanbul-bilisim-kongresi-23-header.jpg&#8221; title_text=&#8221;istanbul-bilisim-kongresi-23-header&#8221; _builder_version=&#8221;4.7.7&#8243; vertical_offset_tablet=&#8221;0&#8243; horizontal_offset_tablet=&#8221;0&#8243; z_index_tablet=&#8221;0&#8243; box_shadow_horizontal_tablet=&#8221;0px&#8221; box_shadow_vertical_tablet=&#8221;0px&#8221; box_shadow_blur_tablet=&#8221;40px&#8221; box_shadow_spread_tablet=&#8221;0px&#8221;][\/et_pb_fullwidth_image][\/et_pb_section][et_pb_section fb_built=&#8221;1&#8243; _builder_version=&#8221;3.22&#8243;][et_pb_row _builder_version=&#8221;3.25&#8243; background_size=&#8221;initial&#8221; background_position=&#8221;top_left&#8221; background_repeat=&#8221;repeat&#8221; column_structure=&#8221;2_5,3_5&#8243;][et_pb_column type=&#8221;2_5&#8243; _builder_version=&#8221;3.0.47&#8243; custom_padding=&#8221;|||&#8221; custom_padding__hover=&#8221;|||&#8221;][et_pb_text _builder_version=&#8221;4.7.7&#8243; vertical_offset_tablet=&#8221;0&#8243; horizontal_offset_tablet=&#8221;0&#8243; hover_enabled=&#8221;0&#8243; z_index_tablet=&#8221;0&#8243; text_text_shadow_horizontal_length_tablet=&#8221;0px&#8221; text_text_shadow_vertical_length_tablet=&#8221;0px&#8221; text_text_shadow_blur_strength_tablet=&#8221;1px&#8221; link_text_shadow_horizontal_length_tablet=&#8221;0px&#8221; link_text_shadow_vertical_length_tablet=&#8221;0px&#8221; link_text_shadow_blur_strength_tablet=&#8221;1px&#8221; ul_text_shadow_horizontal_length_tablet=&#8221;0px&#8221; ul_text_shadow_vertical_length_tablet=&#8221;0px&#8221; ul_text_shadow_blur_strength_tablet=&#8221;1px&#8221; ol_text_shadow_horizontal_length_tablet=&#8221;0px&#8221; ol_text_shadow_vertical_length_tablet=&#8221;0px&#8221; ol_text_shadow_blur_strength_tablet=&#8221;1px&#8221; quote_text_shadow_horizontal_length_tablet=&#8221;0px&#8221; quote_text_shadow_vertical_length_tablet=&#8221;0px&#8221; quote_text_shadow_blur_strength_tablet=&#8221;1px&#8221; header_text_shadow_horizontal_length_tablet=&#8221;0px&#8221; header_text_shadow_vertical_length_tablet=&#8221;0px&#8221; header_text_shadow_blur_strength_tablet=&#8221;1px&#8221; header_2_text_shadow_horizontal_length_tablet=&#8221;0px&#8221; header_2_text_shadow_vertical_length_tablet=&#8221;0px&#8221; header_2_text_shadow_blur_strength_tablet=&#8221;1px&#8221; header_3_text_shadow_horizontal_length_tablet=&#8221;0px&#8221; header_3_text_shadow_vertical_length_tablet=&#8221;0px&#8221; header_3_text_shadow_blur_strength_tablet=&#8221;1px&#8221; header_4_text_shadow_horizontal_length_tablet=&#8221;0px&#8221; header_4_text_shadow_vertical_length_tablet=&#8221;0px&#8221; header_4_text_shadow_blur_strength_tablet=&#8221;1px&#8221; header_5_text_shadow_horizontal_length_tablet=&#8221;0px&#8221; header_5_text_shadow_vertical_length_tablet=&#8221;0px&#8221; header_5_text_shadow_blur_strength_tablet=&#8221;1px&#8221; header_6_text_shadow_horizontal_length_tablet=&#8221;0px&#8221; header_6_text_shadow_vertical_length_tablet=&#8221;0px&#8221; header_6_text_shadow_blur_strength_tablet=&#8221;1px&#8221; box_shadow_horizontal_tablet=&#8221;0px&#8221; box_shadow_vertical_tablet=&#8221;0px&#8221; box_shadow_blur_tablet=&#8221;40px&#8221; box_shadow_spread_tablet=&#8221;0px&#8221; sticky_enabled=&#8221;0&#8243;]<\/p>\n<p><strong>17. \u0130STANBUL B\u0130L\u0130\u015eM KONGRES\u0130 ADRES:<\/strong><\/p>\n<p>Kadir Has \u00dcniversitesi<\/p>\n<p><strong>Adres:<\/strong> Cibali Mah. Kadir Has Cad. 34083 Fatih, \u0130stanbul<\/p>\n<p><a href=\"https:\/\/www.google.com\/maps\/dir\/\/Kadir+Has+Cd.+Cibali+34083+Fatih%2F%C4%B0stanbul\/@41.0253755,28.9589995,16z\/data=!4m8!4m7!1m0!1m5!1m1!1s0x14cab9f0d6f5e2b9:0x8166ca686527143a!2m2!1d28.9589995!2d41.0253755?entry=ttu\" target=\"_blank\" rel=\"noopener\">Yol Tarifi Al (Google Haritalar)<\/a><\/p>\n<p>[\/et_pb_text][et_pb_text _builder_version=&#8221;4.7.7&#8243; vertical_offset_tablet=&#8221;0&#8243; horizontal_offset_tablet=&#8221;0&#8243; z_index_tablet=&#8221;0&#8243; text_text_shadow_horizontal_length_tablet=&#8221;0px&#8221; text_text_shadow_vertical_length_tablet=&#8221;0px&#8221; text_text_shadow_blur_strength_tablet=&#8221;1px&#8221; link_text_shadow_horizontal_length_tablet=&#8221;0px&#8221; link_text_shadow_vertical_length_tablet=&#8221;0px&#8221; link_text_shadow_blur_strength_tablet=&#8221;1px&#8221; ul_text_shadow_horizontal_length_tablet=&#8221;0px&#8221; ul_text_shadow_vertical_length_tablet=&#8221;0px&#8221; ul_text_shadow_blur_strength_tablet=&#8221;1px&#8221; ol_text_shadow_horizontal_length_tablet=&#8221;0px&#8221; ol_text_shadow_vertical_length_tablet=&#8221;0px&#8221; ol_text_shadow_blur_strength_tablet=&#8221;1px&#8221; quote_text_shadow_horizontal_length_tablet=&#8221;0px&#8221; quote_text_shadow_vertical_length_tablet=&#8221;0px&#8221; quote_text_shadow_blur_strength_tablet=&#8221;1px&#8221; header_text_shadow_horizontal_length_tablet=&#8221;0px&#8221; header_text_shadow_vertical_length_tablet=&#8221;0px&#8221; header_text_shadow_blur_strength_tablet=&#8221;1px&#8221; header_2_text_shadow_horizontal_length_tablet=&#8221;0px&#8221; header_2_text_shadow_vertical_length_tablet=&#8221;0px&#8221; header_2_text_shadow_blur_strength_tablet=&#8221;1px&#8221; header_3_text_shadow_horizontal_length_tablet=&#8221;0px&#8221; header_3_text_shadow_vertical_length_tablet=&#8221;0px&#8221; header_3_text_shadow_blur_strength_tablet=&#8221;1px&#8221; header_4_text_shadow_horizontal_length_tablet=&#8221;0px&#8221; header_4_text_shadow_vertical_length_tablet=&#8221;0px&#8221; header_4_text_shadow_blur_strength_tablet=&#8221;1px&#8221; header_5_text_shadow_horizontal_length_tablet=&#8221;0px&#8221; header_5_text_shadow_vertical_length_tablet=&#8221;0px&#8221; header_5_text_shadow_blur_strength_tablet=&#8221;1px&#8221; header_6_text_shadow_horizontal_length_tablet=&#8221;0px&#8221; header_6_text_shadow_vertical_length_tablet=&#8221;0px&#8221; header_6_text_shadow_blur_strength_tablet=&#8221;1px&#8221; box_shadow_horizontal_tablet=&#8221;0px&#8221; box_shadow_vertical_tablet=&#8221;0px&#8221; box_shadow_blur_tablet=&#8221;40px&#8221; box_shadow_spread_tablet=&#8221;0px&#8221;]<strong>T\u00dcRK\u0130YE B\u0130L\u0130\u015e\u0130M DERNE\u011e\u0130 \u0130STANBUL \u015eUBES\u0130<\/strong><\/p>\n<p>Cafera\u011fa Mahallesi Gn. As\u0131m G\u00fcnd\u00fcz Caddesi<br \/>\nNo:72 Kat:1 Daire: 1 Kad\u0131k\u00f6y \u0130STANBUL<br \/>\nTel: (216) 337 70 41<br \/>\n<a href=\"https:\/\/www.tbd.org.tr\/\" target=\"_blank\" rel=\"noopener noreferrer\">www.tbd.org.tr<\/a><\/p>\n<p>mail :\u00a0<a href=\"mailto:tbd-istanbul@tbd.org.tr\">tbd-istanbul@tbd.org.tr<\/a><br \/>\n[\/et_pb_text][\/et_pb_column][et_pb_column type=&#8221;3_5&#8243; _builder_version=&#8221;3.0.47&#8243; custom_padding=&#8221;|||&#8221; custom_padding__hover=&#8221;|||&#8221;][et_pb_text _builder_version=&#8221;4.7.7&#8243; _module_preset=&#8221;default&#8221; hover_enabled=&#8221;0&#8243; sticky_enabled=&#8221;0&#8243;]<iframe src=\"https:\/\/www.google.com\/maps\/embed?pb=!1m14!1m8!1m3!1d12040.055735252305!2d28.9589739!3d41.0249511!3m2!1i1024!2i768!4f13.1!3m3!1m2!1s0x14cab9f12ab56e17%3A0x9485bbf687d7cbfd!2sKadir%20Has%20%C3%9Cniversitesi!5e0!3m2!1str!2str!4v1702726409158!5m2!1str!2str\" width=\"100%\" height=\"450\" style=\"border:0;\" allowfullscreen=\"\" loading=\"lazy\" referrerpolicy=\"no-referrer-when-downgrade\"><\/iframe>[\/et_pb_text][\/et_pb_column][\/et_pb_row][\/et_pb_section]<\/p>\n","protected":false},"excerpt":{"rendered":"<p>17. \u0130STANBUL B\u0130L\u0130\u015eM KONGRES\u0130 ADRES: Kadir Has \u00dcniversitesi Adres: Cibali Mah. Kadir Has Cad. 34083 Fatih, \u0130stanbul Yol Tarifi Al (Google Haritalar)T\u00dcRK\u0130YE B\u0130L\u0130\u015e\u0130M DERNE\u011e\u0130 \u0130STANBUL \u015eUBES\u0130 Cafera\u011fa Mahallesi Gn. As\u0131m G\u00fcnd\u00fcz Caddesi No:72 Kat:1 Daire: 1 Kad\u0131k\u00f6y \u0130STANBUL Tel: (216) 337 70 41 www.tbd.org.tr mail :\u00a0tbd-istanbul@tbd.org.tr<\/p>\n","protected":false},"author":2,"featured_media":0,"parent":0,"menu_order":0,"comment_status":"closed","ping_status":"closed","template":"","meta":{"_et_pb_use_builder":"on","_et_pb_old_content":"","_et_gb_content_width":"","footnotes":""},"class_list":["post-24","page","type-page","status-publish","hentry"],"amp_enabled":true,"_links":{"self":[{"href":"https:\/\/www.istanbulbilisimkongresi.org.tr\/2023\/wp-json\/wp\/v2\/pages\/24","targetHints":{"allow":["GET"]}}],"collection":[{"href":"https:\/\/www.istanbulbilisimkongresi.org.tr\/2023\/wp-json\/wp\/v2\/pages"}],"about":[{"href":"https:\/\/www.istanbulbilisimkongresi.org.tr\/2023\/wp-json\/wp\/v2\/types\/page"}],"author":[{"embeddable":true,"href":"https:\/\/www.istanbulbilisimkongresi.org.tr\/2023\/wp-json\/wp\/v2\/users\/2"}],"replies":[{"embeddable":true,"href":"https:\/\/www.istanbulbilisimkongresi.org.tr\/2023\/wp-json\/wp\/v2\/comments?post=24"}],"version-history":[{"count":6,"href":"https:\/\/www.istanbulbilisimkongresi.org.tr\/2023\/wp-json\/wp\/v2\/pages\/24\/revisions"}],"predecessor-version":[{"id":247,"href":"https:\/\/www.istanbulbilisimkongresi.org.tr\/2023\/wp-json\/wp\/v2\/pages\/24\/revisions\/247"}],"wp:attachment":[{"href":"https:\/\/www.istanbulbilisimkongresi.org.tr\/2023\/wp-json\/wp\/v2\/media?parent=24"}],"curies":[{"name":"wp","href":"https:\/\/api.w.org\/{rel}","templated":true}]}}