{"id":18,"date":"2023-11-03T15:04:50","date_gmt":"2023-11-03T12:04:50","guid":{"rendered":"https:\/\/www.istanbulbilisimkongresi.org.tr\/2023\/?page_id=18"},"modified":"2023-11-03T17:06:50","modified_gmt":"2023-11-03T14:06:50","slug":"ibk-2023-hakkinda","status":"publish","type":"page","link":"https:\/\/www.istanbulbilisimkongresi.org.tr\/2023\/ibk-2023-hakkinda\/","title":{"rendered":"\u0130BK 2023 Hakk\u0131nda"},"content":{"rendered":"<p>[et_pb_section fb_built=&#8221;1&#8243; fullwidth=&#8221;on&#8221; _builder_version=&#8221;3.22&#8243;][et_pb_fullwidth_image src=&#8221;https:\/\/www.istanbulbilisimkongresi.org.tr\/2023\/wp-content\/uploads\/sites\/15\/2023\/11\/istanbul-bilisim-kongresi-23-header.jpg&#8221; title_text=&#8221;istanbul-bilisim-kongresi-23-header&#8221; _builder_version=&#8221;4.7.7&#8243; vertical_offset_tablet=&#8221;0&#8243; horizontal_offset_tablet=&#8221;0&#8243; z_index_tablet=&#8221;0&#8243; box_shadow_horizontal_tablet=&#8221;0px&#8221; box_shadow_vertical_tablet=&#8221;0px&#8221; box_shadow_blur_tablet=&#8221;40px&#8221; box_shadow_spread_tablet=&#8221;0px&#8221;][\/et_pb_fullwidth_image][\/et_pb_section][et_pb_section fb_built=&#8221;1&#8243; _builder_version=&#8221;3.22&#8243;][et_pb_row _builder_version=&#8221;3.25&#8243; background_size=&#8221;initial&#8221; background_position=&#8221;top_left&#8221; background_repeat=&#8221;repeat&#8221;][et_pb_column type=&#8221;4_4&#8243; _builder_version=&#8221;3.0.47&#8243; custom_padding=&#8221;|||&#8221; custom_padding__hover=&#8221;|||&#8221;][et_pb_text _builder_version=&#8221;4.7.7&#8243; vertical_offset_tablet=&#8221;0&#8243; horizontal_offset_tablet=&#8221;0&#8243; hover_enabled=&#8221;0&#8243; z_index_tablet=&#8221;0&#8243; text_text_shadow_horizontal_length_tablet=&#8221;0px&#8221; text_text_shadow_vertical_length_tablet=&#8221;0px&#8221; text_text_shadow_blur_strength_tablet=&#8221;1px&#8221; link_text_shadow_horizontal_length_tablet=&#8221;0px&#8221; link_text_shadow_vertical_length_tablet=&#8221;0px&#8221; link_text_shadow_blur_strength_tablet=&#8221;1px&#8221; ul_text_shadow_horizontal_length_tablet=&#8221;0px&#8221; ul_text_shadow_vertical_length_tablet=&#8221;0px&#8221; ul_text_shadow_blur_strength_tablet=&#8221;1px&#8221; ol_text_shadow_horizontal_length_tablet=&#8221;0px&#8221; ol_text_shadow_vertical_length_tablet=&#8221;0px&#8221; ol_text_shadow_blur_strength_tablet=&#8221;1px&#8221; quote_text_shadow_horizontal_length_tablet=&#8221;0px&#8221; quote_text_shadow_vertical_length_tablet=&#8221;0px&#8221; quote_text_shadow_blur_strength_tablet=&#8221;1px&#8221; header_text_shadow_horizontal_length_tablet=&#8221;0px&#8221; header_text_shadow_vertical_length_tablet=&#8221;0px&#8221; header_text_shadow_blur_strength_tablet=&#8221;1px&#8221; header_2_text_shadow_horizontal_length_tablet=&#8221;0px&#8221; header_2_text_shadow_vertical_length_tablet=&#8221;0px&#8221; header_2_text_shadow_blur_strength_tablet=&#8221;1px&#8221; header_3_text_shadow_horizontal_length_tablet=&#8221;0px&#8221; header_3_text_shadow_vertical_length_tablet=&#8221;0px&#8221; header_3_text_shadow_blur_strength_tablet=&#8221;1px&#8221; header_4_text_shadow_horizontal_length_tablet=&#8221;0px&#8221; header_4_text_shadow_vertical_length_tablet=&#8221;0px&#8221; header_4_text_shadow_blur_strength_tablet=&#8221;1px&#8221; header_5_text_shadow_horizontal_length_tablet=&#8221;0px&#8221; header_5_text_shadow_vertical_length_tablet=&#8221;0px&#8221; header_5_text_shadow_blur_strength_tablet=&#8221;1px&#8221; header_6_text_shadow_horizontal_length_tablet=&#8221;0px&#8221; header_6_text_shadow_vertical_length_tablet=&#8221;0px&#8221; header_6_text_shadow_blur_strength_tablet=&#8221;1px&#8221; box_shadow_horizontal_tablet=&#8221;0px&#8221; box_shadow_vertical_tablet=&#8221;0px&#8221; box_shadow_blur_tablet=&#8221;40px&#8221; box_shadow_spread_tablet=&#8221;0px&#8221; sticky_enabled=&#8221;0&#8243;]<\/p>\n<h2 style=\"text-align: center;\"><strong>17. \u0130stanbul Bili\u015fim Kongresi<\/strong><\/h2>\n<h3 style=\"text-align: center;\"><strong>\u201c\u00dcretken Yapay Zek\u00e2 ile \u0130nsan Yarat\u0131c\u0131l\u0131\u011f\u0131n\u0131n Y\u00fckseli\u015fi\u201d<\/strong><\/h3>\n<p style=\"text-align: center;\"><strong>18 Aral\u0131k 2023<\/strong><\/p>\n<p>&nbsp;<\/p>\n<p>T\u00fcrkiye Bili\u015fim Derne\u011fi \u0130stanbul \u015eubesi taraf\u0131ndan d\u00fczenlenen\u00a0<strong>17. \u0130stanbul Bili\u015fim Kongremiz<\/strong>\u00a0bu sene\u00a0<strong>18 Aral\u0131k 2023<\/strong>\u00a0tarihinde\u00a0<strong>Kadir Has \u00dcniversitesi<\/strong> \u00dcniversitesi\u2019nde yap\u0131lacakt\u0131r. Temam\u0131z\u00a0<strong>\u201c\u00dcretken Yapay Zek\u00e2 ile \u0130nsan Yarat\u0131c\u0131l\u0131\u011f\u0131n\u0131n Y\u00fckseli\u015fi\u201d<\/strong><\/p>\n<p>Her sene vizyoner ve fark yaratan bir temayla d\u00fczenledi\u011fimiz ve bir marka olan <strong>\u0130stanbul Bili\u015fim Kongremiz<\/strong> yo\u011fun ilgi ile beklenmektedir. Kongremizde amac\u0131m\u0131z teknolojinin ve insan potansiyelinin bir araya geldi\u011finde do\u011furabilece\u011fi b\u00fcy\u00fcleyici sonu\u00e7lar\u0131 anlatmak, yapay zek\u00e2n\u0131n sadece basit g\u00f6revleri otomatize etmekle kalmay\u0131p, ayn\u0131 zamanda insanlar\u0131n yarat\u0131c\u0131 yeteneklerini geni\u015fletip derinle\u015ftirebilece\u011fini i\u015faret etmek, teknolojinin yarat\u0131c\u0131l\u0131\u011f\u0131m\u0131z\u0131 s\u0131n\u0131rlamad\u0131\u011f\u0131, aksine onu destekledi\u011fi ve yeni ufuklara ta\u015f\u0131d\u0131\u011f\u0131n\u0131 vurgulamak. Bu birlikteli\u011fin, hem bili\u015fim d\u00fcnyas\u0131nda hem de di\u011fer disiplinlerde yeni, yenilik\u00e7i ve beklenmedik \u00e7\u00f6z\u00fcmlerin ortaya \u00e7\u0131kmas\u0131na olanak tan\u0131yacak olmas\u0131n\u0131n Ak\u0131ll\u0131 \u015fehirlere, KOB\u0130\u2019lere, topluma ve \u00dclke ekonomisine sa\u011flayaca\u011f\u0131 katk\u0131 noktas\u0131nda rehber olmas\u0131d\u0131r.<\/p>\n<p>&nbsp;<\/p>\n<p><strong>Sayg\u0131lar\u0131m\u0131zla<\/strong><\/p>\n<p>&nbsp;<\/p>\n<p><strong>T\u00fcrkiye Bili\u015fim Derne\u011fi<\/strong><br \/><strong>\u0130stanbul \u015eube Y\u00f6netim Kurulu<\/strong><\/p>\n<p>[\/et_pb_text][\/et_pb_column][\/et_pb_row][\/et_pb_section]<\/p>\n","protected":false},"excerpt":{"rendered":"<p>17. \u0130stanbul Bili\u015fim Kongresi \u201c\u00dcretken Yapay Zek\u00e2 ile \u0130nsan Yarat\u0131c\u0131l\u0131\u011f\u0131n\u0131n Y\u00fckseli\u015fi\u201d 18 Aral\u0131k 2023 &nbsp; T\u00fcrkiye Bili\u015fim Derne\u011fi \u0130stanbul \u015eubesi taraf\u0131ndan d\u00fczenlenen\u00a017. \u0130stanbul Bili\u015fim Kongremiz\u00a0bu sene\u00a018 Aral\u0131k 2023\u00a0tarihinde\u00a0Kadir Has \u00dcniversitesi \u00dcniversitesi\u2019nde yap\u0131lacakt\u0131r. Temam\u0131z\u00a0\u201c\u00dcretken Yapay Zek\u00e2 ile \u0130nsan Yarat\u0131c\u0131l\u0131\u011f\u0131n\u0131n Y\u00fckseli\u015fi\u201d Her sene vizyoner ve fark yaratan bir temayla d\u00fczenledi\u011fimiz ve bir marka olan \u0130stanbul Bili\u015fim Kongremiz [&hellip;]<\/p>\n","protected":false},"author":2,"featured_media":0,"parent":0,"menu_order":0,"comment_status":"closed","ping_status":"closed","template":"","meta":{"_et_pb_use_builder":"on","_et_pb_old_content":"","_et_gb_content_width":"","footnotes":""},"class_list":["post-18","page","type-page","status-publish","hentry"],"amp_enabled":true,"_links":{"self":[{"href":"https:\/\/www.istanbulbilisimkongresi.org.tr\/2023\/wp-json\/wp\/v2\/pages\/18","targetHints":{"allow":["GET"]}}],"collection":[{"href":"https:\/\/www.istanbulbilisimkongresi.org.tr\/2023\/wp-json\/wp\/v2\/pages"}],"about":[{"href":"https:\/\/www.istanbulbilisimkongresi.org.tr\/2023\/wp-json\/wp\/v2\/types\/page"}],"author":[{"embeddable":true,"href":"https:\/\/www.istanbulbilisimkongresi.org.tr\/2023\/wp-json\/wp\/v2\/users\/2"}],"replies":[{"embeddable":true,"href":"https:\/\/www.istanbulbilisimkongresi.org.tr\/2023\/wp-json\/wp\/v2\/comments?post=18"}],"version-history":[{"count":5,"href":"https:\/\/www.istanbulbilisimkongresi.org.tr\/2023\/wp-json\/wp\/v2\/pages\/18\/revisions"}],"predecessor-version":[{"id":125,"href":"https:\/\/www.istanbulbilisimkongresi.org.tr\/2023\/wp-json\/wp\/v2\/pages\/18\/revisions\/125"}],"wp:attachment":[{"href":"https:\/\/www.istanbulbilisimkongresi.org.tr\/2023\/wp-json\/wp\/v2\/media?parent=18"}],"curies":[{"name":"wp","href":"https:\/\/api.w.org\/{rel}","templated":true}]}}