{"id":13,"date":"2022-08-17T17:41:57","date_gmt":"2022-08-17T14:41:57","guid":{"rendered":"https:\/\/www.istanbulbilisimkongresi.org.tr\/2022\/?page_id=13"},"modified":"2022-11-09T00:32:35","modified_gmt":"2022-11-08T21:32:35","slug":"ibk-2022-hakkinda","status":"publish","type":"page","link":"https:\/\/www.istanbulbilisimkongresi.org.tr\/2022\/ibk-2022-hakkinda\/","title":{"rendered":"\u0130BK 2022 Hakk\u0131nda"},"content":{"rendered":"<p>[et_pb_section bb_built=&#8221;1&#8243; fullwidth=&#8221;on&#8221; specialty=&#8221;off&#8221; next_background_color=&#8221;#000000&#8243; inner_width=&#8221;auto&#8221; inner_max_width=&#8221;1080px&#8221;][et_pb_fullwidth_image _builder_version=&#8221;4.7.7&#8243; src=&#8221;https:\/\/www.istanbulbilisimkongresi.org.tr\/2022\/wp-content\/uploads\/sites\/14\/2022\/11\/IBK-Banner-970-\u00d7-150-piksel.png&#8221; box_shadow_horizontal_tablet=&#8221;0px&#8221; box_shadow_vertical_tablet=&#8221;0px&#8221; box_shadow_blur_tablet=&#8221;40px&#8221; box_shadow_spread_tablet=&#8221;0px&#8221; vertical_offset_tablet=&#8221;0&#8243; horizontal_offset_tablet=&#8221;0&#8243; z_index_tablet=&#8221;0&#8243; \/][\/et_pb_section][et_pb_section bb_built=&#8221;1&#8243; prev_background_color=&#8221;#000000&#8243; inner_width=&#8221;auto&#8221; inner_max_width=&#8221;1080px&#8221;][et_pb_row][et_pb_column type=&#8221;4_4&#8243; custom_padding__hover=&#8221;|||&#8221; custom_padding=&#8221;|||&#8221;][et_pb_text _builder_version=&#8221;4.7.7&#8243; text_text_shadow_horizontal_length=&#8221;text_text_shadow_style,%91object Object%93&#8243; text_text_shadow_horizontal_length_tablet=&#8221;0px&#8221; text_text_shadow_vertical_length=&#8221;text_text_shadow_style,%91object Object%93&#8243; text_text_shadow_vertical_length_tablet=&#8221;0px&#8221; text_text_shadow_blur_strength=&#8221;text_text_shadow_style,%91object Object%93&#8243; text_text_shadow_blur_strength_tablet=&#8221;1px&#8221; link_text_shadow_horizontal_length=&#8221;link_text_shadow_style,%91object Object%93&#8243; link_text_shadow_horizontal_length_tablet=&#8221;0px&#8221; link_text_shadow_vertical_length=&#8221;link_text_shadow_style,%91object Object%93&#8243; link_text_shadow_vertical_length_tablet=&#8221;0px&#8221; link_text_shadow_blur_strength=&#8221;link_text_shadow_style,%91object Object%93&#8243; link_text_shadow_blur_strength_tablet=&#8221;1px&#8221; ul_text_shadow_horizontal_length=&#8221;ul_text_shadow_style,%91object Object%93&#8243; ul_text_shadow_horizontal_length_tablet=&#8221;0px&#8221; ul_text_shadow_vertical_length=&#8221;ul_text_shadow_style,%91object Object%93&#8243; ul_text_shadow_vertical_length_tablet=&#8221;0px&#8221; ul_text_shadow_blur_strength=&#8221;ul_text_shadow_style,%91object Object%93&#8243; ul_text_shadow_blur_strength_tablet=&#8221;1px&#8221; ol_text_shadow_horizontal_length=&#8221;ol_text_shadow_style,%91object Object%93&#8243; ol_text_shadow_horizontal_length_tablet=&#8221;0px&#8221; ol_text_shadow_vertical_length=&#8221;ol_text_shadow_style,%91object Object%93&#8243; ol_text_shadow_vertical_length_tablet=&#8221;0px&#8221; ol_text_shadow_blur_strength=&#8221;ol_text_shadow_style,%91object Object%93&#8243; ol_text_shadow_blur_strength_tablet=&#8221;1px&#8221; quote_text_shadow_horizontal_length=&#8221;quote_text_shadow_style,%91object Object%93&#8243; quote_text_shadow_horizontal_length_tablet=&#8221;0px&#8221; quote_text_shadow_vertical_length=&#8221;quote_text_shadow_style,%91object Object%93&#8243; quote_text_shadow_vertical_length_tablet=&#8221;0px&#8221; quote_text_shadow_blur_strength=&#8221;quote_text_shadow_style,%91object Object%93&#8243; quote_text_shadow_blur_strength_tablet=&#8221;1px&#8221; header_text_shadow_horizontal_length=&#8221;header_text_shadow_style,%91object Object%93&#8243; header_text_shadow_horizontal_length_tablet=&#8221;0px&#8221; header_text_shadow_vertical_length=&#8221;header_text_shadow_style,%91object Object%93&#8243; header_text_shadow_vertical_length_tablet=&#8221;0px&#8221; header_text_shadow_blur_strength=&#8221;header_text_shadow_style,%91object Object%93&#8243; header_text_shadow_blur_strength_tablet=&#8221;1px&#8221; header_2_text_shadow_horizontal_length=&#8221;header_2_text_shadow_style,%91object Object%93&#8243; header_2_text_shadow_horizontal_length_tablet=&#8221;0px&#8221; header_2_text_shadow_vertical_length=&#8221;header_2_text_shadow_style,%91object Object%93&#8243; header_2_text_shadow_vertical_length_tablet=&#8221;0px&#8221; header_2_text_shadow_blur_strength=&#8221;header_2_text_shadow_style,%91object Object%93&#8243; header_2_text_shadow_blur_strength_tablet=&#8221;1px&#8221; header_3_text_shadow_horizontal_length=&#8221;header_3_text_shadow_style,%91object Object%93&#8243; header_3_text_shadow_horizontal_length_tablet=&#8221;0px&#8221; header_3_text_shadow_vertical_length=&#8221;header_3_text_shadow_style,%91object Object%93&#8243; header_3_text_shadow_vertical_length_tablet=&#8221;0px&#8221; header_3_text_shadow_blur_strength=&#8221;header_3_text_shadow_style,%91object Object%93&#8243; header_3_text_shadow_blur_strength_tablet=&#8221;1px&#8221; header_4_text_shadow_horizontal_length=&#8221;header_4_text_shadow_style,%91object Object%93&#8243; header_4_text_shadow_horizontal_length_tablet=&#8221;0px&#8221; header_4_text_shadow_vertical_length=&#8221;header_4_text_shadow_style,%91object Object%93&#8243; header_4_text_shadow_vertical_length_tablet=&#8221;0px&#8221; header_4_text_shadow_blur_strength=&#8221;header_4_text_shadow_style,%91object Object%93&#8243; header_4_text_shadow_blur_strength_tablet=&#8221;1px&#8221; header_5_text_shadow_horizontal_length=&#8221;header_5_text_shadow_style,%91object Object%93&#8243; header_5_text_shadow_horizontal_length_tablet=&#8221;0px&#8221; header_5_text_shadow_vertical_length=&#8221;header_5_text_shadow_style,%91object Object%93&#8243; header_5_text_shadow_vertical_length_tablet=&#8221;0px&#8221; header_5_text_shadow_blur_strength=&#8221;header_5_text_shadow_style,%91object Object%93&#8243; header_5_text_shadow_blur_strength_tablet=&#8221;1px&#8221; header_6_text_shadow_horizontal_length=&#8221;header_6_text_shadow_style,%91object Object%93&#8243; header_6_text_shadow_horizontal_length_tablet=&#8221;0px&#8221; header_6_text_shadow_vertical_length=&#8221;header_6_text_shadow_style,%91object Object%93&#8243; header_6_text_shadow_vertical_length_tablet=&#8221;0px&#8221; header_6_text_shadow_blur_strength=&#8221;header_6_text_shadow_style,%91object Object%93&#8243; header_6_text_shadow_blur_strength_tablet=&#8221;1px&#8221; box_shadow_horizontal_tablet=&#8221;0px&#8221; box_shadow_vertical_tablet=&#8221;0px&#8221; box_shadow_blur_tablet=&#8221;40px&#8221; box_shadow_spread_tablet=&#8221;0px&#8221; vertical_offset_tablet=&#8221;0&#8243; horizontal_offset_tablet=&#8221;0&#8243; z_index_tablet=&#8221;0&#8243;]<\/p>\n<h2 style=\"text-align: center;\"><strong>16. \u0130stanbul Bili\u015fim Kongresi<\/strong><\/h2>\n<h3 style=\"text-align: center;\"><strong>\u201cS\u00fcrd\u00fcr\u00fclebilir Teknolojiler \u00c7a\u011f\u0131, Kendi Kayna\u011f\u0131n\u0131 \u00dcretebilen Toplum\u201d<\/strong><\/h3>\n<p style=\"text-align: center;\"><strong>29 Kas\u0131m 2022<\/strong><\/p>\n<p>&nbsp;<\/p>\n<p>T\u00fcrkiye Bili\u015fim Derne\u011fi \u0130stanbul \u015eubesi taraf\u0131ndan d\u00fczenlenen\u00a0<strong>16. \u0130stanbul Bili\u015fim Kongremiz<\/strong>\u00a0bu sene\u00a0<strong>29 Kas\u0131m 2022<\/strong>\u00a0tarihinde\u00a0<strong>Bah\u00e7e\u015fehir \u00dcniversitesi\u2019 nde <\/strong>yap\u0131lacakt\u0131r. Temam\u0131z\u00a0<strong>\u201cS\u00fcrd\u00fcr\u00fclebilir Teknolojiler \u00c7a\u011f\u0131, Kendi Kayna\u011f\u0131n\u0131 \u00dcretebilen Toplum\u201d<\/strong><\/p>\n<p>Her sene vizyoner ve fark yaratan bir temayla d\u00fczenledi\u011fimiz ve bir marka olan <strong>\u0130stanbul Bili\u015fim Kongremiz<\/strong> yo\u011fun ilgi ile beklenmektedir. Kongremizde amac\u0131m\u0131z d\u00fcnyada ya\u015fanan h\u0131zl\u0131 geli\u015fmeler \u00e7er\u00e7evesinde son teknolojik geli\u015fmeleri anlatmak, S\u00fcrd\u00fcr\u00fclebilir Teknolojilerin ve Kendi Kayna\u011f\u0131n\u0131 \u00dcretebilen Toplumun \u00f6nemini vurgulayarak \u00dclkemizdeki ve D\u00fcnyadaki yerini anlatarak fark\u0131ndal\u0131k yaratmak . De\u011fi\u015fen ve de\u011fi\u015fmek zorunda olan i\u015f, ticaret ve ya\u015fam stillerini, S\u00fcrd\u00fcr\u00fclebilir Teknolojilerin ak\u0131ll\u0131 \u015fehirlere, KOB\u0130\u2019lere ticarete, topluma etkisini anlatarak \u00fclke ekonomisine katk\u0131 sa\u011flayarak gelece\u011fe \u0131\u015f\u0131k tutmakt\u0131r.<\/p>\n<p>&nbsp;<\/p>\n<p><strong>Sayg\u0131lar\u0131m\u0131zla<\/strong><\/p>\n<p>&nbsp;<\/p>\n<p><strong>T\u00fcrkiye Bili\u015fim Derne\u011fi<\/strong><br \/><strong>\u0130stanbul \u015eube Y\u00f6netim Kurulu<\/strong><\/p>\n<p>[\/et_pb_text][\/et_pb_column][\/et_pb_row][\/et_pb_section]<\/p>\n","protected":false},"excerpt":{"rendered":"<p><div class=\"et_pb_row et_pb_row_0 et_pb_row_empty\">\n\t\t\t\t\n\t\t\t\t\n\t\t\t\t\n\t\t\t\t\n\t\t\t\t\n\t\t\t<\/div> 16. \u0130stanbul Bili\u015fim Kongresi \u201cS\u00fcrd\u00fcr\u00fclebilir Teknolojiler \u00c7a\u011f\u0131, Kendi Kayna\u011f\u0131n\u0131 \u00dcretebilen Toplum\u201d 29 Kas\u0131m 2022 &nbsp; T\u00fcrkiye Bili\u015fim Derne\u011fi \u0130stanbul \u015eubesi taraf\u0131ndan d\u00fczenlenen\u00a016. \u0130stanbul Bili\u015fim Kongremiz\u00a0bu sene\u00a029 Kas\u0131m 2022\u00a0tarihinde\u00a0Bah\u00e7e\u015fehir \u00dcniversitesi\u2019 nde yap\u0131lacakt\u0131r. Temam\u0131z\u00a0\u201cS\u00fcrd\u00fcr\u00fclebilir Teknolojiler \u00c7a\u011f\u0131, Kendi Kayna\u011f\u0131n\u0131 \u00dcretebilen Toplum\u201d Her sene vizyoner ve fark yaratan bir temayla d\u00fczenledi\u011fimiz ve bir marka olan \u0130stanbul Bili\u015fim Kongremiz [&hellip;]<\/p>\n","protected":false},"author":2,"featured_media":0,"parent":0,"menu_order":0,"comment_status":"closed","ping_status":"closed","template":"","meta":{"_et_pb_use_builder":"on","_et_pb_old_content":"","_et_gb_content_width":"","footnotes":""},"class_list":["post-13","page","type-page","status-publish","hentry"],"amp_enabled":true,"_links":{"self":[{"href":"https:\/\/www.istanbulbilisimkongresi.org.tr\/2022\/wp-json\/wp\/v2\/pages\/13","targetHints":{"allow":["GET"]}}],"collection":[{"href":"https:\/\/www.istanbulbilisimkongresi.org.tr\/2022\/wp-json\/wp\/v2\/pages"}],"about":[{"href":"https:\/\/www.istanbulbilisimkongresi.org.tr\/2022\/wp-json\/wp\/v2\/types\/page"}],"author":[{"embeddable":true,"href":"https:\/\/www.istanbulbilisimkongresi.org.tr\/2022\/wp-json\/wp\/v2\/users\/2"}],"replies":[{"embeddable":true,"href":"https:\/\/www.istanbulbilisimkongresi.org.tr\/2022\/wp-json\/wp\/v2\/comments?post=13"}],"version-history":[{"count":7,"href":"https:\/\/www.istanbulbilisimkongresi.org.tr\/2022\/wp-json\/wp\/v2\/pages\/13\/revisions"}],"predecessor-version":[{"id":270,"href":"https:\/\/www.istanbulbilisimkongresi.org.tr\/2022\/wp-json\/wp\/v2\/pages\/13\/revisions\/270"}],"wp:attachment":[{"href":"https:\/\/www.istanbulbilisimkongresi.org.tr\/2022\/wp-json\/wp\/v2\/media?parent=13"}],"curies":[{"name":"wp","href":"https:\/\/api.w.org\/{rel}","templated":true}]}}