{"id":52,"date":"2020-11-16T12:09:17","date_gmt":"2020-11-16T09:09:17","guid":{"rendered":"http:\/\/www.istanbulbilisimkongresi.org.tr\/2020\/?page_id=52"},"modified":"2020-12-05T20:27:14","modified_gmt":"2020-12-05T17:27:14","slug":"program","status":"publish","type":"page","link":"https:\/\/www.istanbulbilisimkongresi.org.tr\/2020\/program\/","title":{"rendered":"Program"},"content":{"rendered":"<p>[et_pb_section bb_built=&#8221;1&#8243; fullwidth=&#8221;on&#8221; _builder_version=&#8221;3.22&#8243; next_background_color=&#8221;#000000&#8243;][et_pb_fullwidth_image src=&#8221;http:\/\/www.istanbulbilisimkongresi.org.tr\/2020\/wp-content\/uploads\/sites\/12\/2020\/11\/IBK2020-Yatay-Banner-V7-scaled.jpg&#8221; _builder_version=&#8221;4.7.0&#8243; vertical_offset_tablet=&#8221;0&#8243; horizontal_offset_tablet=&#8221;0&#8243; z_index_tablet=&#8221;0&#8243; box_shadow_horizontal_tablet=&#8221;0px&#8221; box_shadow_vertical_tablet=&#8221;0px&#8221; box_shadow_blur_tablet=&#8221;40px&#8221; box_shadow_spread_tablet=&#8221;0px&#8221;]<\/p>\n<p>[\/et_pb_fullwidth_image][\/et_pb_section][et_pb_section bb_built=&#8221;1&#8243; _builder_version=&#8221;3.22&#8243; prev_background_color=&#8221;#000000&#8243;][et_pb_row _builder_version=&#8221;4.7.0&#8243; background_color=&#8221;#dfdce2&#8243; background_size=&#8221;initial&#8221; background_position=&#8221;top_left&#8221; background_repeat=&#8221;repeat&#8221; box_shadow_style=&#8221;preset3&#8243; box_shadow_horizontal=&#8221;41px&#8221; box_shadow_vertical=&#8221;-23px&#8221; box_shadow_blur=&#8221;20px&#8221;][et_pb_column type=&#8221;4_4&#8243; _builder_version=&#8221;3.0.47&#8243; custom_padding=&#8221;|||&#8221; custom_padding__hover=&#8221;|||&#8221;][et_pb_text _builder_version=&#8221;4.7.0&#8243; vertical_offset_tablet=&#8221;0&#8243; horizontal_offset_tablet=&#8221;0&#8243; z_index_tablet=&#8221;0&#8243; text_text_shadow_horizontal_length_tablet=&#8221;0px&#8221; text_text_shadow_vertical_length_tablet=&#8221;0px&#8221; text_text_shadow_blur_strength_tablet=&#8221;1px&#8221; link_text_shadow_horizontal_length_tablet=&#8221;0px&#8221; link_text_shadow_vertical_length_tablet=&#8221;0px&#8221; link_text_shadow_blur_strength_tablet=&#8221;1px&#8221; ul_text_shadow_horizontal_length_tablet=&#8221;0px&#8221; ul_text_shadow_vertical_length_tablet=&#8221;0px&#8221; ul_text_shadow_blur_strength_tablet=&#8221;1px&#8221; ol_text_shadow_horizontal_length_tablet=&#8221;0px&#8221; ol_text_shadow_vertical_length_tablet=&#8221;0px&#8221; ol_text_shadow_blur_strength_tablet=&#8221;1px&#8221; quote_text_shadow_horizontal_length_tablet=&#8221;0px&#8221; quote_text_shadow_vertical_length_tablet=&#8221;0px&#8221; quote_text_shadow_blur_strength_tablet=&#8221;1px&#8221; header_text_shadow_horizontal_length_tablet=&#8221;0px&#8221; header_text_shadow_vertical_length_tablet=&#8221;0px&#8221; header_text_shadow_blur_strength_tablet=&#8221;1px&#8221; header_2_text_shadow_horizontal_length_tablet=&#8221;0px&#8221; header_2_text_shadow_vertical_length_tablet=&#8221;0px&#8221; header_2_text_shadow_blur_strength_tablet=&#8221;1px&#8221; header_3_text_shadow_horizontal_length_tablet=&#8221;0px&#8221; header_3_text_shadow_vertical_length_tablet=&#8221;0px&#8221; header_3_text_shadow_blur_strength_tablet=&#8221;1px&#8221; header_4_text_shadow_horizontal_length_tablet=&#8221;0px&#8221; header_4_text_shadow_vertical_length_tablet=&#8221;0px&#8221; header_4_text_shadow_blur_strength_tablet=&#8221;1px&#8221; header_5_text_shadow_horizontal_length_tablet=&#8221;0px&#8221; header_5_text_shadow_vertical_length_tablet=&#8221;0px&#8221; header_5_text_shadow_blur_strength_tablet=&#8221;1px&#8221; header_6_text_shadow_horizontal_length_tablet=&#8221;0px&#8221; header_6_text_shadow_vertical_length_tablet=&#8221;0px&#8221; header_6_text_shadow_blur_strength_tablet=&#8221;1px&#8221; box_shadow_horizontal_tablet=&#8221;0px&#8221; box_shadow_vertical_tablet=&#8221;0px&#8221; box_shadow_blur_tablet=&#8221;40px&#8221; box_shadow_spread_tablet=&#8221;0px&#8221; inline_fonts=&#8221;Abril Fatface&#8221; text_text_shadow_horizontal_length=&#8221;text_text_shadow_style,%91object Object%93&#8243; text_text_shadow_vertical_length=&#8221;text_text_shadow_style,%91object Object%93&#8243; text_text_shadow_blur_strength=&#8221;text_text_shadow_style,%91object Object%93&#8243; link_text_shadow_horizontal_length=&#8221;link_text_shadow_style,%91object Object%93&#8243; link_text_shadow_vertical_length=&#8221;link_text_shadow_style,%91object Object%93&#8243; link_text_shadow_blur_strength=&#8221;link_text_shadow_style,%91object Object%93&#8243; ul_text_shadow_horizontal_length=&#8221;ul_text_shadow_style,%91object Object%93&#8243; ul_text_shadow_vertical_length=&#8221;ul_text_shadow_style,%91object Object%93&#8243; ul_text_shadow_blur_strength=&#8221;ul_text_shadow_style,%91object Object%93&#8243; ol_text_shadow_horizontal_length=&#8221;ol_text_shadow_style,%91object Object%93&#8243; ol_text_shadow_vertical_length=&#8221;ol_text_shadow_style,%91object Object%93&#8243; ol_text_shadow_blur_strength=&#8221;ol_text_shadow_style,%91object Object%93&#8243; quote_text_shadow_horizontal_length=&#8221;quote_text_shadow_style,%91object Object%93&#8243; quote_text_shadow_vertical_length=&#8221;quote_text_shadow_style,%91object Object%93&#8243; quote_text_shadow_blur_strength=&#8221;quote_text_shadow_style,%91object Object%93&#8243; header_text_shadow_horizontal_length=&#8221;header_text_shadow_style,%91object Object%93&#8243; header_text_shadow_vertical_length=&#8221;header_text_shadow_style,%91object Object%93&#8243; header_text_shadow_blur_strength=&#8221;header_text_shadow_style,%91object Object%93&#8243; header_2_text_shadow_horizontal_length=&#8221;header_2_text_shadow_style,%91object Object%93&#8243; header_2_text_shadow_vertical_length=&#8221;header_2_text_shadow_style,%91object Object%93&#8243; header_2_text_shadow_blur_strength=&#8221;header_2_text_shadow_style,%91object Object%93&#8243; header_3_text_shadow_horizontal_length=&#8221;header_3_text_shadow_style,%91object Object%93&#8243; header_3_text_shadow_vertical_length=&#8221;header_3_text_shadow_style,%91object Object%93&#8243; header_3_text_shadow_blur_strength=&#8221;header_3_text_shadow_style,%91object Object%93&#8243; header_4_text_shadow_horizontal_length=&#8221;header_4_text_shadow_style,%91object Object%93&#8243; header_4_text_shadow_vertical_length=&#8221;header_4_text_shadow_style,%91object Object%93&#8243; header_4_text_shadow_blur_strength=&#8221;header_4_text_shadow_style,%91object Object%93&#8243; header_5_text_shadow_horizontal_length=&#8221;header_5_text_shadow_style,%91object Object%93&#8243; header_5_text_shadow_vertical_length=&#8221;header_5_text_shadow_style,%91object Object%93&#8243; header_5_text_shadow_blur_strength=&#8221;header_5_text_shadow_style,%91object Object%93&#8243; header_6_text_shadow_horizontal_length=&#8221;header_6_text_shadow_style,%91object Object%93&#8243; header_6_text_shadow_vertical_length=&#8221;header_6_text_shadow_style,%91object Object%93&#8243; header_6_text_shadow_blur_strength=&#8221;header_6_text_shadow_style,%91object Object%93&#8243;]<\/p>\n<table id=\"table1\">\n<tbody>\n<tr>\n<th style=\"color: #003366; font-size: 20px; text-align: center;\" colspan=\"3\"><span style=\"font-size: x-large;\"><b>1. G\u00dcN \u2013 9 ARALIK 2020, \u00c7AR\u015eAMBA<\/b><\/span><\/th>\n<\/tr>\n<tr>\n<td style=\"width: 135px;\">\n<h4><strong>\u00a0<span style=\"color: #800080;\">10:20-10:30<\/span><\/strong><\/h4>\n<\/td>\n<td colspan=\"2\">\n<p><span style=\"font-family: inherit; font-weight: normal; font-size: large;\"><b><span style=\"color: #660a0a;\">A\u00c7ILI\u015e KONU\u015eMALARI<br \/><\/span><\/b><\/span><b style=\"font-size: 14px;\">Deniz Tiryakio\u011flu\u00a0 \u00a0<\/b><span style=\"font-size: 14px;\">T\u00fcrkiye Bili\u015fim Derne\u011fi \u0130stanbul Y\u00f6netim Kurulu Ba\u015fkan\u0131<br \/><\/span><b style=\"font-size: 14px;\">Rahmi Aktepe\u00a0 \u00a0 \u00a0 \u00a0 \u00a0<\/b><span style=\"font-size: 14px;\">T\u00fcrkiye Bili\u015fim Derne\u011fi Genel Ba\u015fkan\u0131<\/span><span style=\"font-size: 14px;\">\u00a0<\/span><\/p>\n<\/td>\n<\/tr>\n<tr>\n<td>\n<h4><span style=\"color: #800080;\"><strong>10:30 \u2013 12:30<\/strong><\/span><\/h4>\n<\/td>\n<td style=\"color: darkred; font-weight: bold;\" colspan=\"2\"><span style=\"font-size: large;\">Panel: PANDEM\u0130 D\u00d6NEM\u0130 AKILLI \u015eEH\u0130RLER<\/span><\/td>\n<\/tr>\n<tr>\n<td colspan=\"3\">\n<p><img loading=\"lazy\" decoding=\"async\" class=\"wp-image-263 alignleft\" style=\"font-family: inherit; font-size: inherit;\" src=\"http:\/\/www.istanbulbilisimkongresi.org.tr\/2020\/wp-content\/uploads\/sites\/12\/2020\/11\/IBK2020-Akilli-Sehirler-Paneli.png\" alt=\"\" width=\"369\" height=\"281\" \/><\/p>\n<p><span style=\"color: #626262; font-weight: bold;\">Moderat\u00f6r:<\/span> <strong>Dr. Naim Erol \u00d6zg\u00fcner<\/strong>, <em>\u0130BB Bilgi \u0130\u015flem Daire Ba\u015fkan\u0131<\/em><\/p>\n<p><strong style=\"font-family: inherit; font-size: inherit;\">Konu\u015fmac\u0131lar:<\/strong><\/p>\n<p><strong>Melih Gecek\u00a0 \u00a0 \u00a0 \u00a0 \u00a0 <\/strong>\u0130BB Teknoloji Koordinat\u00f6r\u00fc<br \/><strong>Y\u00fccel Karadeniz\u00a0 \u00a0<\/strong>BELB\u0130M A.\u015e. Genel M\u00fcd\u00fcr\u00fc<br \/><strong>Nihat Narin,\u00a0 \u00a0 \u00a0 \u00a0 \u00a0\u00a0<\/strong>\u0130STTELKOM A.\u015e. Genel M<span style=\"font-family: inherit; font-size: inherit;\">\u00fcd\u00fcr\u00fc<\/span><\/p>\n<p><strong>Esat Temimhan\u00a0 \u00a0<\/strong>\u00a0\u0130SBAK A.\u015e. Genel M\u00fcd\u00fcr\u00fc<br \/><strong>\u0130brahim Edin<\/strong>,\u00a0 \u00a0 \u00a0<strong>\u00a0 <\/strong>\u00a0UGETAM A.\u015e. Genel M\u00fcd\u00fcr\u00fc<em style=\"font-size: 14px;\">\u00a0<\/em><\/p>\n<p>\u00a0<\/p>\n<\/td>\n<\/tr>\n<tr>\n<td>\n<h4><span style=\"color: #800080;\"><strong>13:00 \u2013 14:30<\/strong><\/span><\/h4>\n<\/td>\n<td style=\"color: darkred; font-weight: bold;\" colspan=\"2\"><span style=\"font-size: large;\">Panel: PANDEM\u0130 VE AFET B\u0130L\u0130\u015e\u0130M\u0130<\/span><\/td>\n<\/tr>\n<tr>\n<td colspan=\"3\">\n<p><span style=\"color: #626262; font-weight: bold;\"><img loading=\"lazy\" decoding=\"async\" class=\"wp-image-276 alignleft\" style=\"font-family: inherit; font-size: inherit;\" src=\"http:\/\/www.istanbulbilisimkongresi.org.tr\/2020\/wp-content\/uploads\/sites\/12\/2020\/12\/IBK2020-Panel-Afet-2-1.png\" alt=\"\" width=\"369\" height=\"281\" \/><strong style=\"color: #666666;\"><br \/><\/strong>Moderat\u00f6r:<\/span> <strong>D<\/strong><strong>r. Tayfun Kahraman<\/strong>, <em>\u0130BB Deprem Risk Daire Ba\u015fkan\u0131<\/em><\/p>\n<p><strong>Konu\u015fmac\u0131lar:<\/strong><strong><br \/><\/strong><br \/><strong>Bar\u0131\u015f Uz\u00a0 \u00a0 \u00a0 \u00a0 \u00a0 \u00a0<\/strong>\u00a0Esri T\u00fcrkiye CEO<br \/><strong>Ahmet Batat\u00a0\u00a0<\/strong>\u00a0\u0130htiya\u00e7 Haritas\u0131 Genel Koordinat\u00f6r\u00fc<br \/><strong>Can Da\u011fdelen\u00a0<\/strong>\u00a0Parametre CEO<em style=\"font-size: 14px;\">\u00a0<\/em><\/p>\n<\/td>\n<\/tr>\n<tr>\n<td>\n<h4><span style=\"color: #800080;\"><strong>15:00 \u2013 16:30<\/strong><\/span><\/h4>\n<\/td>\n<td style=\"color: darkred; font-weight: bold;\" colspan=\"2\">\n<p><span style=\"font-size: large;\">Panel: VER\u0130 B\u0130L\u0130M\u0130NDE YEN\u0130 TRENDLER VE YEN\u0130L\u0130KLERE HAZIR MIYIZ?<\/span><\/p>\n<\/td>\n<\/tr>\n<tr>\n<td colspan=\"3\">\n<p><span style=\"color: #626262; font-weight: bold;\"><em style=\"color: #666666; font-weight: 500;\"><img loading=\"lazy\" decoding=\"async\" class=\"wp-image-258 alignleft\" src=\"http:\/\/www.istanbulbilisimkongresi.org.tr\/2020\/wp-content\/uploads\/sites\/12\/2020\/11\/IBK2020-Veri-Bilimi-scaled.jpg\" alt=\"\" width=\"369\" height=\"281\" \/><\/em>Moderat\u00f6r<\/span><span style=\"color: #626262; font-weight: bold;\">:<\/span><strong> Dr. Ayd\u0131n Kolat<\/strong>, <em>TBD Merkez \u0130cra Kurulu Ba\u015fkan\u0131<\/em><\/p>\n<p><strong>Konu\u015fmac\u0131lar:<br \/><\/strong><br \/><strong>Prof.Dr. Gonca Telli\u00a0 \u00a0 \u00a0 <\/strong>Maltepe \u00dcni. \u0130\u015fletme ve Y\u00f6netim Bilimleri Fak\u00fcltesi Dekan\u0131<br \/><strong>Ula\u015f Kula\u00a0 \u00a0 \u00a0 \u00a0 \u00a0 \u00a0 \u00a0 \u00a0 \u00a0 \u00a0 \u00a0\u00a0<\/strong>\u00a0Bili\u015fim A.\u015e Teknoloji ve ARGE Direkt\u00f6r\u00fc<br \/><strong>Olcay Y\u0131ld\u0131z\u00a0 \u00a0 \u00a0 \u00a0 \u00a0 \u00a0 \u00a0 \u00a0 \u00a0\u00a0<\/strong> T\u00dcRKKEP Genel M\u00fcd\u00fcr\u00fc<br \/><strong>Cemal K\u0131van\u00e7 \u00d6ner\u00a0 \u00a0 \u00a0 <\/strong>\u00d6ner Bili\u015fim A.\u015e Kurucu &amp; Genel M\u00fcd\u00fcr<br \/><strong>Orkun Ba\u015far\u00a0 \u00a0 \u00a0 \u00a0 \u00a0 \u00a0 \u00a0 \u00a0 \u00a0<\/strong>Netuce CTO<em style=\"font-size: 14px;\">\u00a0<\/em><\/p>\n<p>\u00a0<\/p>\n<p>\u00a0<\/p>\n<\/td>\n<\/tr>\n<tr>\n<th style=\"color: #003366; font-size: 20px; text-align: center;\" colspan=\"3\"><span style=\"font-size: x-large;\"><b>2. G\u00dcN \u201310 ARALIK 2020, PER\u015eEMBE<\/b><\/span><\/th>\n<\/tr>\n<tr>\n<td>\n<h4><span style=\"color: #800080;\"><strong>11:00 \u2013 12:30<\/strong><\/span><\/h4>\n<\/td>\n<td style=\"color: darkred; font-weight: bold;\" colspan=\"2\"><span style=\"font-size: large;\">Panel: BULUT B\u0130L\u0130\u015e\u0130M VE S\u0130BER G\u00dcVENL\u0130K<\/span><\/td>\n<\/tr>\n<tr>\n<td colspan=\"3\">\n<p><span style=\"color: #626262; font-weight: bold;\"><br \/>Moderat\u00f6r:<\/span> <strong>Ali Yaz\u0131c\u0131<\/strong>, <em>T\u00fcrkiye Bili\u015fim Derne\u011fi II. Ba\u015fkan\u0131<img loading=\"lazy\" decoding=\"async\" class=\"wp-image-273 alignleft\" src=\"http:\/\/www.istanbulbilisimkongresi.org.tr\/2020\/wp-content\/uploads\/sites\/12\/2020\/12\/Bulut-Bilisim-ve-Siber-Guvenlik-Paneli-Gorseli.jpg\" alt=\"\" width=\"369\" height=\"280\" \/><\/em><\/p>\n<p><strong>Konu\u015fmac\u0131lar:<br \/><\/strong><br \/><strong>Murat Lostar\u00a0 \u00a0 \u00a0 \u00a0 \u00a0 \u00a0 \u00a0 \u00a0 \u00a0<\/strong>\u00a0LOSTAR Bilgi G\u00fcvenli\u011fi A.\u015e. Kurucusu<br \/><strong>Ayhan \u015eehrin\u00a0 \u00a0 \u00a0 \u00a0 \u00a0 \u00a0 \u00a0 \u00a0 \u00a0<\/strong>T\u00dcRKKEP Kurucu Ortak<br \/><strong>Yavuz S. Selim Y\u00fcksel\u00a0 <\/strong>Bili\u015fim Teknolojileri ve Siber G\u00fcvenlik Derne\u011fi Ba\u015fkan\u0131<\/p>\n<p><em>\u00a0<\/em><\/p>\n<p>\u00a0<\/p>\n<\/td>\n<\/tr>\n<tr>\n<td>\n<h4><span style=\"color: #800080;\"><strong>13:00 \u2013 14:30<\/strong><\/span><\/h4>\n<\/td>\n<td style=\"color: darkred; font-weight: bold;\" colspan=\"2\"><span style=\"font-size: medium;\">Panel: YEN\u0130LENEB\u0130L\u0130R (ENERJ\u0130, SU, GIDA) VE DA\u011eITIK KAYNAKLARIN G\u0130R\u0130\u015e\u0130MLER SAYES\u0130NDE AKILLI Y\u00d6NET\u0130M\u0130<\/span><\/td>\n<\/tr>\n<tr>\n<td colspan=\"3\">\n<p><span style=\"color: #626262; font-weight: bold;\"><em style=\"color: #666666; font-weight: 500;\"><img loading=\"lazy\" decoding=\"async\" class=\"wp-image-261 alignleft\" src=\"http:\/\/www.istanbulbilisimkongresi.org.tr\/2020\/wp-content\/uploads\/sites\/12\/2020\/11\/76ec7f53-840e-4082-b4bd-db7b5b36fe91.jpg\" alt=\"\" width=\"369\" height=\"280\" \/><br \/><\/em>Moderat\u00f6r:<\/span> <strong> H<\/strong><strong>\u00fcseyin Karaya\u011f\u0131z<\/strong>, <em>Trangels Kurucu Ortak, TBD \u0130stanbul Y\u00f6netim Kurulu \u00dcyesi<\/em><\/p>\n<p><strong>Konu\u015fmac\u0131lar:<br \/><\/strong><br \/><strong>Nam\u0131k Sar\u0131g\u00f6l\u00a0 \u00a0 \u00a0 \u00a0 \u00a0\u00a0<\/strong>\u00a0 MMI Eurasia Fuarc\u0131l\u0131k Ltd. Sti. Genel M\u00fcd\u00fcr Yard\u0131mc\u0131s\u0131<br \/><strong>Buse Berber \u00d6r\u00e7en\u00a0\u00a0<\/strong>\u00a0Nanomik Biotechnology Co Founder &amp; CEO<br \/><strong>Onur G\u00fcd\u00fc\u00a0 \u00a0 \u00a0 \u00a0 \u00a0 \u00a0 \u00a0 \u00a0 \u00a0\u00a0<\/strong>Laska Technology Founder &amp; CEO<br \/><strong>Alp Ta\u015fan\u00a0 \u00a0 \u00a0 \u00a0 \u00a0 \u00a0 \u00a0 \u00a0 \u00a0 \u00a0\u00a0<\/strong>\u00a0Bak-Tek \u00c7evre Teknolojileri San. ve Tic. A.\u015e. CEO<br \/><strong>Sel\u00e7uk Il\u0131kcan\u00a0 \u00a0 \u00a0 \u00a0 \u00a0 \u00a0 \u00a0<\/strong>Sampa\u015f Genel Koordinat\u00f6r<\/p>\n<p><em>\u00a0<\/em><span style=\"font-size: 14px;\">\u00a0<\/span><\/p>\n<\/td>\n<\/tr>\n<tr>\n<td>\n<h4><span style=\"color: #800080;\"><strong>15:00 \u2013 16:30<\/strong><\/span><\/h4>\n<\/td>\n<td style=\"color: darkred; font-weight: bold;\" colspan=\"2\"><span style=\"font-size: large;\">Kapan\u0131\u015f Paneli: GELECEK D\u0130J\u0130TAL TARIM VE SA\u011eLIKTA\u00a0<\/span><\/td>\n<\/tr>\n<tr>\n<td colspan=\"3\">\n<p><em><img loading=\"lazy\" decoding=\"async\" class=\"wp-image-278 alignleft\" src=\"http:\/\/www.istanbulbilisimkongresi.org.tr\/2020\/wp-content\/uploads\/sites\/12\/2020\/12\/Dijital-Tarim-V3.jpg\" alt=\"\" width=\"369\" height=\"281\" \/><\/em><strong><br \/>Moderat\u00f6r: Galip Zerey<\/strong>,<em> T.C. Ula\u015ft\u0131rma ve Altyap\u0131 Bakanl\u0131\u011f\u0131 Eski M\u00fcste\u015far Yard\u0131mc\u0131s\u0131<\/em><\/p>\n<p><strong>Konu\u015fmac\u0131lar:<br \/><\/strong><br \/><strong>Ali R\u0131za Ersoy\u00a0 \u00a0 \u00a0 \u00a0 \u00a0 \u00a0 <\/strong>\u00a0ION Academy Kurucu &#8211; Ak\u0131ll\u0131 Tar\u0131m<br \/><strong>Dr. Cenk Tezcan\u00a0 \u00a0 \u00a0 \u00a0<\/strong>\u00a0F\u00fct\u00fcrist, B-Wise Kurucu Ortak &#8211; Ak\u0131ll\u0131 Sa\u011fl\u0131k<br \/><strong>Cemil \u015einasi T\u00fcr\u00fcn\u00a0\u00a0<\/strong>\u00a0Defterhane Blockchain Kurucusu &#8211; Yeni Finansal Sistemler<\/p>\n<p><em>\u00a0<\/em><span style=\"font-size: 14px;\">\u00a0<\/span><\/p>\n<\/td>\n<\/tr>\n<\/tbody>\n<\/table>\n<p>[\/et_pb_text][\/et_pb_column][\/et_pb_row][\/et_pb_section]<\/p>\n","protected":false},"excerpt":{"rendered":"<p>1. G\u00dcN \u2013 9 ARALIK 2020, \u00c7AR\u015eAMBA\u00a010:20-10:30A\u00c7ILI\u015e KONU\u015eMALARIDeniz Tiryakio\u011flu\u00a0 \u00a0T\u00fcrkiye Bili\u015fim Derne\u011fi \u0130stanbul Y\u00f6netim Kurulu Ba\u015fkan\u0131Rahmi Aktepe\u00a0 \u00a0 \u00a0 \u00a0 \u00a0T\u00fcrkiye Bili\u015fim Derne\u011fi Genel Ba\u015fkan\u0131\u00a010:30 \u2013 12:30Panel: PANDEM\u0130 D\u00d6NEM\u0130 AKILLI \u015eEH\u0130RLERModerat\u00f6r: Dr. Naim Erol \u00d6zg\u00fcner, \u0130BB Bilgi \u0130\u015flem Daire Ba\u015fkan\u0131Konu\u015fmac\u0131lar:Melih Gecek\u00a0 \u00a0 \u00a0 \u00a0 \u00a0 \u0130BB Teknoloji Koordinat\u00f6r\u00fcY\u00fccel Karadeniz\u00a0 \u00a0BELB\u0130M A.\u015e. Genel M\u00fcd\u00fcr\u00fcNihat Narin,\u00a0 \u00a0 [&hellip;]<\/p>\n","protected":false},"author":2,"featured_media":0,"parent":0,"menu_order":0,"comment_status":"closed","ping_status":"closed","template":"","meta":{"_et_pb_use_builder":"on","_et_pb_old_content":"","_et_gb_content_width":"","footnotes":""},"class_list":["post-52","page","type-page","status-publish","hentry"],"amp_enabled":true,"_links":{"self":[{"href":"https:\/\/www.istanbulbilisimkongresi.org.tr\/2020\/wp-json\/wp\/v2\/pages\/52","targetHints":{"allow":["GET"]}}],"collection":[{"href":"https:\/\/www.istanbulbilisimkongresi.org.tr\/2020\/wp-json\/wp\/v2\/pages"}],"about":[{"href":"https:\/\/www.istanbulbilisimkongresi.org.tr\/2020\/wp-json\/wp\/v2\/types\/page"}],"author":[{"embeddable":true,"href":"https:\/\/www.istanbulbilisimkongresi.org.tr\/2020\/wp-json\/wp\/v2\/users\/2"}],"replies":[{"embeddable":true,"href":"https:\/\/www.istanbulbilisimkongresi.org.tr\/2020\/wp-json\/wp\/v2\/comments?post=52"}],"version-history":[{"count":29,"href":"https:\/\/www.istanbulbilisimkongresi.org.tr\/2020\/wp-json\/wp\/v2\/pages\/52\/revisions"}],"predecessor-version":[{"id":281,"href":"https:\/\/www.istanbulbilisimkongresi.org.tr\/2020\/wp-json\/wp\/v2\/pages\/52\/revisions\/281"}],"wp:attachment":[{"href":"https:\/\/www.istanbulbilisimkongresi.org.tr\/2020\/wp-json\/wp\/v2\/media?parent=52"}],"curies":[{"name":"wp","href":"https:\/\/api.w.org\/{rel}","templated":true}]}}