{"id":130,"date":"2019-09-19T17:10:27","date_gmt":"2019-09-19T14:10:27","guid":{"rendered":"http:\/\/www.istanbulbilisimkongresi.org.tr\/2019\/?page_id=130"},"modified":"2019-11-25T14:51:19","modified_gmt":"2019-11-25T11:51:19","slug":"kurullar","status":"publish","type":"page","link":"https:\/\/www.istanbulbilisimkongresi.org.tr\/2019\/kurullar\/","title":{"rendered":"Kurullar"},"content":{"rendered":"<p>[et_pb_section bb_built=&#8221;1&#8243; fullwidth=&#8221;on&#8221; specialty=&#8221;off&#8221; next_background_color=&#8221;#000000&#8243; inner_width=&#8221;auto&#8221; inner_max_width=&#8221;1080px&#8221;][et_pb_fullwidth_image _builder_version=&#8221;3.26.3&#8243; src=&#8221;http:\/\/www.istanbulbilisimkongresi.org.tr\/2019\/wp-content\/uploads\/sites\/8\/2019\/09\/IBK_2019_UBanner.jpg&#8221; box_shadow_horizontal_tablet=&#8221;0px&#8221; box_shadow_vertical_tablet=&#8221;0px&#8221; box_shadow_blur_tablet=&#8221;40px&#8221; box_shadow_spread_tablet=&#8221;0px&#8221; z_index_tablet=&#8221;500&#8243; \/][\/et_pb_section][et_pb_section bb_built=&#8221;1&#8243; prev_background_color=&#8221;#000000&#8243; inner_width=&#8221;auto&#8221; inner_max_width=&#8221;1080px&#8221;][et_pb_row][et_pb_column type=&#8221;4_4&#8243; custom_padding__hover=&#8221;|||&#8221; custom_padding=&#8221;|||&#8221;][et_pb_text _builder_version=&#8221;3.26.3&#8243; text_text_shadow_horizontal_length=&#8221;text_text_shadow_style,%91object Object%93&#8243; text_text_shadow_horizontal_length_tablet=&#8221;0px&#8221; text_text_shadow_vertical_length=&#8221;text_text_shadow_style,%91object Object%93&#8243; text_text_shadow_vertical_length_tablet=&#8221;0px&#8221; text_text_shadow_blur_strength=&#8221;text_text_shadow_style,%91object Object%93&#8243; text_text_shadow_blur_strength_tablet=&#8221;1px&#8221; link_text_shadow_horizontal_length=&#8221;link_text_shadow_style,%91object Object%93&#8243; link_text_shadow_horizontal_length_tablet=&#8221;0px&#8221; link_text_shadow_vertical_length=&#8221;link_text_shadow_style,%91object Object%93&#8243; link_text_shadow_vertical_length_tablet=&#8221;0px&#8221; link_text_shadow_blur_strength=&#8221;link_text_shadow_style,%91object Object%93&#8243; link_text_shadow_blur_strength_tablet=&#8221;1px&#8221; ul_text_shadow_horizontal_length=&#8221;ul_text_shadow_style,%91object Object%93&#8243; ul_text_shadow_horizontal_length_tablet=&#8221;0px&#8221; ul_text_shadow_vertical_length=&#8221;ul_text_shadow_style,%91object Object%93&#8243; ul_text_shadow_vertical_length_tablet=&#8221;0px&#8221; ul_text_shadow_blur_strength=&#8221;ul_text_shadow_style,%91object Object%93&#8243; ul_text_shadow_blur_strength_tablet=&#8221;1px&#8221; ol_text_shadow_horizontal_length=&#8221;ol_text_shadow_style,%91object Object%93&#8243; ol_text_shadow_horizontal_length_tablet=&#8221;0px&#8221; ol_text_shadow_vertical_length=&#8221;ol_text_shadow_style,%91object Object%93&#8243; ol_text_shadow_vertical_length_tablet=&#8221;0px&#8221; ol_text_shadow_blur_strength=&#8221;ol_text_shadow_style,%91object Object%93&#8243; ol_text_shadow_blur_strength_tablet=&#8221;1px&#8221; quote_text_shadow_horizontal_length=&#8221;quote_text_shadow_style,%91object Object%93&#8243; quote_text_shadow_horizontal_length_tablet=&#8221;0px&#8221; quote_text_shadow_vertical_length=&#8221;quote_text_shadow_style,%91object Object%93&#8243; quote_text_shadow_vertical_length_tablet=&#8221;0px&#8221; quote_text_shadow_blur_strength=&#8221;quote_text_shadow_style,%91object Object%93&#8243; quote_text_shadow_blur_strength_tablet=&#8221;1px&#8221; header_text_shadow_horizontal_length=&#8221;header_text_shadow_style,%91object Object%93&#8243; header_text_shadow_horizontal_length_tablet=&#8221;0px&#8221; header_text_shadow_vertical_length=&#8221;header_text_shadow_style,%91object Object%93&#8243; header_text_shadow_vertical_length_tablet=&#8221;0px&#8221; header_text_shadow_blur_strength=&#8221;header_text_shadow_style,%91object Object%93&#8243; header_text_shadow_blur_strength_tablet=&#8221;1px&#8221; header_2_text_shadow_horizontal_length=&#8221;header_2_text_shadow_style,%91object Object%93&#8243; header_2_text_shadow_horizontal_length_tablet=&#8221;0px&#8221; header_2_text_shadow_vertical_length=&#8221;header_2_text_shadow_style,%91object Object%93&#8243; header_2_text_shadow_vertical_length_tablet=&#8221;0px&#8221; header_2_text_shadow_blur_strength=&#8221;header_2_text_shadow_style,%91object Object%93&#8243; header_2_text_shadow_blur_strength_tablet=&#8221;1px&#8221; header_3_text_shadow_horizontal_length=&#8221;header_3_text_shadow_style,%91object Object%93&#8243; header_3_text_shadow_horizontal_length_tablet=&#8221;0px&#8221; header_3_text_shadow_vertical_length=&#8221;header_3_text_shadow_style,%91object Object%93&#8243; header_3_text_shadow_vertical_length_tablet=&#8221;0px&#8221; header_3_text_shadow_blur_strength=&#8221;header_3_text_shadow_style,%91object Object%93&#8243; header_3_text_shadow_blur_strength_tablet=&#8221;1px&#8221; header_4_text_shadow_horizontal_length=&#8221;header_4_text_shadow_style,%91object Object%93&#8243; header_4_text_shadow_horizontal_length_tablet=&#8221;0px&#8221; header_4_text_shadow_vertical_length=&#8221;header_4_text_shadow_style,%91object Object%93&#8243; header_4_text_shadow_vertical_length_tablet=&#8221;0px&#8221; header_4_text_shadow_blur_strength=&#8221;header_4_text_shadow_style,%91object Object%93&#8243; header_4_text_shadow_blur_strength_tablet=&#8221;1px&#8221; header_5_text_shadow_horizontal_length=&#8221;header_5_text_shadow_style,%91object Object%93&#8243; header_5_text_shadow_horizontal_length_tablet=&#8221;0px&#8221; header_5_text_shadow_vertical_length=&#8221;header_5_text_shadow_style,%91object Object%93&#8243; header_5_text_shadow_vertical_length_tablet=&#8221;0px&#8221; header_5_text_shadow_blur_strength=&#8221;header_5_text_shadow_style,%91object Object%93&#8243; header_5_text_shadow_blur_strength_tablet=&#8221;1px&#8221; header_6_text_shadow_horizontal_length=&#8221;header_6_text_shadow_style,%91object Object%93&#8243; header_6_text_shadow_horizontal_length_tablet=&#8221;0px&#8221; header_6_text_shadow_vertical_length=&#8221;header_6_text_shadow_style,%91object Object%93&#8243; header_6_text_shadow_vertical_length_tablet=&#8221;0px&#8221; header_6_text_shadow_blur_strength=&#8221;header_6_text_shadow_style,%91object Object%93&#8243; header_6_text_shadow_blur_strength_tablet=&#8221;1px&#8221; box_shadow_horizontal_tablet=&#8221;0px&#8221; box_shadow_vertical_tablet=&#8221;0px&#8221; box_shadow_blur_tablet=&#8221;40px&#8221; box_shadow_spread_tablet=&#8221;0px&#8221; z_index_tablet=&#8221;500&#8243;]<\/p>\n<p><strong>ONUR KURULU<\/strong><\/p>\n<p><strong>Rahmi AKTEPE<\/strong><br \/>TBD Genel Ba\u015fkan\u0131<\/p>\n<p><strong>Prof. Dr.\u00a0\u015eirin KARADEN\u0130Z<\/strong><br \/>Bah\u00e7e\u015fehir \u00dcniversitesi Rekt\u00f6r\u00fc<\/p>\n<p><strong>KONGRE BA\u015eKANLI\u011eI<\/strong><\/p>\n<p><strong>Deniz T\u0130RYAK\u0130O\u011eLU<\/strong><br \/>TBD \u0130stanbul \u015eubesi Y\u00f6netim Kurulu Ba\u015fkan\u0131<\/p>\n<p><strong>Doc.Dr. \u0130smail Burak K\u00fcntay<\/strong><br \/>Bah\u00e7e\u015fehir \u00dcniversitesi Sosyal Bilimler Enstit\u00fc M\u00fcd\u00fcr\u00fc\u00a0<\/p>\n<p><strong>AKADEM\u0130K KURUL BA\u015eKANI<\/strong><\/p>\n<p><strong>Prof.Dr. M.Erdal BALABAN<\/strong><br \/>TBD \u0130stanbul \u015eubesi Onur Kurulu Ba\u015fkan\u0131<\/p>\n<p><strong>KONGRE Y\u00dcR\u00dcTME KURULU<\/strong><\/p>\n<p><strong>H\u00fcseyin KARAYA\u011eIZ<\/strong><br \/>Kongre Y\u00fcr\u00fctme Kurulu Ba\u015fkan\u0131,\u00a0<\/p>\n<p><strong>Nesrin \u00d6ZG\u00dcL<\/strong><br \/>Kongre Y\u00fcr\u00fctme Kurulu Ba\u015fkan Yard\u0131mc\u0131s\u0131<\/p>\n<p><strong>Ahmet AYVALI<\/strong><br \/>\u0130dari Koordinat\u00f6r<\/p>\n<p><strong>Cahit CENG\u0130ZHAN<\/strong><br \/>Kongre Y\u00fcr\u00fctme Kurulu \u00dcyesi \/Akademik Bildiriler<\/p>\n<p><strong>Can DA\u011eDELEN<\/strong><br \/>Kongre Y\u00fcr\u00fctme Kurulu \u00dcyesi \/ Sosyal Medya Sorumlusu<\/p>\n<p><strong>Dr. \u00d6\u011fr. \u00dcyesi Tu\u011f\u00e7e ASLAN<\/strong><br \/>Kongre Y\u00fcr\u00fctme Kurulu \u00dcyesi \/ Bah\u00e7e\u015fehir \u00dcniversitesi<\/p>\n<p><strong>\u0130hsan ALPARGIN<\/strong><br \/>Kongre Y\u00fcr\u00fctme Kurulu \u00dcyesi \/ Bah\u00e7e\u015fehir \u00dcniversitesi<\/p>\n<p><strong>Cemal K\u0131van\u00e7 \u00d6NER <\/strong><br \/>Kongre Y\u00fcr\u00fctme Kurulu \u00dcyesi<\/p>\n<p><strong>Tufan TEK\u0130N<\/strong><br \/>Kongre Y\u00fcr\u00fctme Kurulu \u00dcyesi<\/p>\n<p><strong>Birden Tulu\u011f S\u0130YAH\u0130<br \/><\/strong>Kongre Y\u00fcr\u00fctme Kurulu \u00dcyesi<\/p>\n<p><strong>G\u00f6ker SARP<\/strong><br \/>Kongre Y\u00fcr\u00fctme Kurulu \u00dcyesi<\/p>\n<p>\u00a0<\/p>\n<p>\u00a0<\/p>\n<p>[\/et_pb_text][\/et_pb_column][\/et_pb_row][\/et_pb_section]<\/p>\n","protected":false},"excerpt":{"rendered":"<p><div class=\"et_pb_row et_pb_row_0 et_pb_row_empty\">\n\t\t\t\t\n\t\t\t\t\n\t\t\t\t\n\t\t\t\t\n\t\t\t\t\n\t\t\t<\/div> ONUR KURULURahmi AKTEPETBD Genel Ba\u015fkan\u0131Prof. Dr.\u00a0\u015eirin KARADEN\u0130ZBah\u00e7e\u015fehir \u00dcniversitesi Rekt\u00f6r\u00fcKONGRE BA\u015eKANLI\u011eIDeniz T\u0130RYAK\u0130O\u011eLUTBD \u0130stanbul \u015eubesi Y\u00f6netim Kurulu Ba\u015fkan\u0131Doc.Dr. \u0130smail Burak K\u00fcntayBah\u00e7e\u015fehir \u00dcniversitesi Sosyal Bilimler Enstit\u00fc M\u00fcd\u00fcr\u00fc\u00a0AKADEM\u0130K KURUL BA\u015eKANIProf.Dr. M.Erdal BALABANTBD \u0130stanbul \u015eubesi Onur Kurulu Ba\u015fkan\u0131KONGRE Y\u00dcR\u00dcTME KURULUH\u00fcseyin KARAYA\u011eIZKongre Y\u00fcr\u00fctme Kurulu Ba\u015fkan\u0131,\u00a0Nesrin \u00d6ZG\u00dcLKongre Y\u00fcr\u00fctme Kurulu Ba\u015fkan Yard\u0131mc\u0131s\u0131Ahmet AYVALI\u0130dari Koordinat\u00f6rCahit CENG\u0130ZHANKongre Y\u00fcr\u00fctme Kurulu \u00dcyesi \/Akademik BildirilerCan DA\u011eDELENKongre Y\u00fcr\u00fctme [&hellip;]<\/p>\n","protected":false},"author":2,"featured_media":0,"parent":0,"menu_order":0,"comment_status":"closed","ping_status":"closed","template":"","meta":{"_et_pb_use_builder":"on","_et_pb_old_content":"","_et_gb_content_width":"","footnotes":""},"class_list":["post-130","page","type-page","status-publish","hentry"],"amp_enabled":true,"_links":{"self":[{"href":"https:\/\/www.istanbulbilisimkongresi.org.tr\/2019\/wp-json\/wp\/v2\/pages\/130","targetHints":{"allow":["GET"]}}],"collection":[{"href":"https:\/\/www.istanbulbilisimkongresi.org.tr\/2019\/wp-json\/wp\/v2\/pages"}],"about":[{"href":"https:\/\/www.istanbulbilisimkongresi.org.tr\/2019\/wp-json\/wp\/v2\/types\/page"}],"author":[{"embeddable":true,"href":"https:\/\/www.istanbulbilisimkongresi.org.tr\/2019\/wp-json\/wp\/v2\/users\/2"}],"replies":[{"embeddable":true,"href":"https:\/\/www.istanbulbilisimkongresi.org.tr\/2019\/wp-json\/wp\/v2\/comments?post=130"}],"version-history":[{"count":5,"href":"https:\/\/www.istanbulbilisimkongresi.org.tr\/2019\/wp-json\/wp\/v2\/pages\/130\/revisions"}],"predecessor-version":[{"id":265,"href":"https:\/\/www.istanbulbilisimkongresi.org.tr\/2019\/wp-json\/wp\/v2\/pages\/130\/revisions\/265"}],"wp:attachment":[{"href":"https:\/\/www.istanbulbilisimkongresi.org.tr\/2019\/wp-json\/wp\/v2\/media?parent=130"}],"curies":[{"name":"wp","href":"https:\/\/api.w.org\/{rel}","templated":true}]}}