{"id":98,"date":"2018-07-06T18:22:28","date_gmt":"2018-07-06T15:22:28","guid":{"rendered":"http:\/\/www.istanbulbilisimkongresi.org.tr\/2018\/?page_id=98"},"modified":"2019-09-17T14:51:48","modified_gmt":"2019-09-17T11:51:48","slug":"iletisim","status":"publish","type":"page","link":"https:\/\/www.istanbulbilisimkongresi.org.tr\/2018\/iletisim\/","title":{"rendered":"\u0130leti\u015fim"},"content":{"rendered":"<p>[et_pb_section fb_built=&#8221;1&#8243; fullwidth=&#8221;on&#8221; admin_label=&#8221;B\u00f6l\u00fcm&#8221; _builder_version=&#8221;3.22&#8243;][et_pb_fullwidth_image src=&#8221;http:\/\/www.istanbulbilisimkongresi.org.tr\/2018\/wp-content\/uploads\/sites\/2\/2019\/09\/ibk-2018-ust-tbd.jpg&#8221; admin_label=&#8221;Tam Geni\u015f Resim&#8221; _builder_version=&#8221;3.26.3&#8243; animation_style=&#8221;slide&#8221; animation_direction=&#8221;left&#8221; animation_duration=&#8221;500ms&#8221; animation_intensity_slide=&#8221;10%&#8221; animation=&#8221;left&#8221; border_style=&#8221;solid&#8221;][\/et_pb_fullwidth_image][\/et_pb_section][et_pb_section fb_built=&#8221;1&#8243; admin_label=&#8221;section&#8221; _builder_version=&#8221;3.22&#8243;][et_pb_row admin_label=&#8221;row&#8221; _builder_version=&#8221;3.25&#8243; background_size=&#8221;initial&#8221; background_position=&#8221;top_left&#8221; background_repeat=&#8221;repeat&#8221;][et_pb_column type=&#8221;4_4&#8243; _builder_version=&#8221;3.25&#8243; custom_padding=&#8221;|||&#8221; custom_padding__hover=&#8221;|||&#8221;][et_pb_text admin_label=&#8221;Metin&#8221; _builder_version=&#8221;3.0.87&#8243; border_style=&#8221;solid&#8221;]<strong>T\u00dcRK\u0130YE B\u0130L\u0130\u015e\u0130M DERNE\u011e\u0130 \u0130STANBUL \u015eUBES\u0130<\/strong><\/p>\n<p>Cafera\u011fa Mahallesi Gn. As\u0131m G\u00fcnd\u00fcz Caddesi<br \/>\nNo:72 Kat:1 Daire: 1 Kad\u0131k\u00f6y \u0130STANBUL<br \/>\nTel: (216) 337 70 41<br \/>\n<a target=\"_blank\" href=\"https:\/www.tbd.org.tr\/\" rel=\"noopener noreferrer\">www.tbd.org.tr<\/a>\u00a0\u2013 \u00a0 mail :\u00a0<a href=\"mailto:tbd-istanbul@tbd.org.tr\">tbd-istanbul@tbd.org.tr<\/a><br \/>\n[\/et_pb_text][\/et_pb_column][\/et_pb_row][\/et_pb_section]<\/p>\n","protected":false},"excerpt":{"rendered":"<p>T\u00dcRK\u0130YE B\u0130L\u0130\u015e\u0130M DERNE\u011e\u0130 \u0130STANBUL \u015eUBES\u0130 Cafera\u011fa Mahallesi Gn. As\u0131m G\u00fcnd\u00fcz Caddesi No:72 Kat:1 Daire: 1 Kad\u0131k\u00f6y \u0130STANBUL Tel: (216) 337 70 41 www.tbd.org.tr\u00a0\u2013 \u00a0 mail :\u00a0tbd-istanbul@tbd.org.tr<\/p>\n","protected":false},"author":3,"featured_media":0,"parent":0,"menu_order":0,"comment_status":"closed","ping_status":"closed","template":"","meta":{"_et_pb_use_builder":"on","_et_pb_old_content":"<p><strong>T\u00dcRK\u0130YE B\u0130L\u0130\u015e\u0130M DERNE\u011e\u0130 \u0130STANBUL \u015eUBES\u0130<\/strong><\/p><p>Cafera\u011fa Mahallesi Gn. As\u0131m G\u00fcnd\u00fcz Caddesi<\/p><p>No:72 Kat:1 Daire: 1 Kad\u0131k\u00f6y \u0130STANBUL<\/p><p>Tel: (216) 337 70 41<\/p><p><a href=\"https:\/\/web.archive.org\/web\/20180808145520\/http:\/\/www.tbd.org.tr\/\">www.tbd.org.tr<\/a>\u00a0\u2013 \u00a0 mail :\u00a0<a href=\"https:\/\/web.archive.org\/web\/20180808145520\/mailto:ist@tbd.org.tr\">ist@tbd.org.tr<\/a><\/p>","_et_gb_content_width":"","footnotes":""},"class_list":["post-98","page","type-page","status-publish","hentry"],"amp_enabled":true,"_links":{"self":[{"href":"https:\/\/www.istanbulbilisimkongresi.org.tr\/2018\/wp-json\/wp\/v2\/pages\/98","targetHints":{"allow":["GET"]}}],"collection":[{"href":"https:\/\/www.istanbulbilisimkongresi.org.tr\/2018\/wp-json\/wp\/v2\/pages"}],"about":[{"href":"https:\/\/www.istanbulbilisimkongresi.org.tr\/2018\/wp-json\/wp\/v2\/types\/page"}],"author":[{"embeddable":true,"href":"https:\/\/www.istanbulbilisimkongresi.org.tr\/2018\/wp-json\/wp\/v2\/users\/3"}],"replies":[{"embeddable":true,"href":"https:\/\/www.istanbulbilisimkongresi.org.tr\/2018\/wp-json\/wp\/v2\/comments?post=98"}],"version-history":[{"count":3,"href":"https:\/\/www.istanbulbilisimkongresi.org.tr\/2018\/wp-json\/wp\/v2\/pages\/98\/revisions"}],"predecessor-version":[{"id":217,"href":"https:\/\/www.istanbulbilisimkongresi.org.tr\/2018\/wp-json\/wp\/v2\/pages\/98\/revisions\/217"}],"wp:attachment":[{"href":"https:\/\/www.istanbulbilisimkongresi.org.tr\/2018\/wp-json\/wp\/v2\/media?parent=98"}],"curies":[{"name":"wp","href":"https:\/\/api.w.org\/{rel}","templated":true}]}}