{"id":95,"date":"2018-07-06T18:18:48","date_gmt":"2018-07-06T15:18:48","guid":{"rendered":"http:\/\/www.istanbulbilisimkongresi.org.tr\/2018\/?page_id=95"},"modified":"2019-09-17T15:29:08","modified_gmt":"2019-09-17T12:29:08","slug":"sponsorlar","status":"publish","type":"page","link":"https:\/\/www.istanbulbilisimkongresi.org.tr\/2018\/sponsorlar\/","title":{"rendered":"Sponsorlar"},"content":{"rendered":"<p>[et_pb_section fb_built=&#8221;1&#8243; fullwidth=&#8221;on&#8221; admin_label=&#8221;B\u00f6l\u00fcm&#8221; _builder_version=&#8221;3.22&#8243;][et_pb_fullwidth_image src=&#8221;http:\/\/www.istanbulbilisimkongresi.org.tr\/2018\/wp-content\/uploads\/sites\/2\/2019\/09\/ibk-2018-ust-tbd.jpg&#8221; admin_label=&#8221;Tam Geni\u015f Resim&#8221; _builder_version=&#8221;3.26.3&#8243; animation_style=&#8221;slide&#8221; animation_direction=&#8221;left&#8221; animation_duration=&#8221;500ms&#8221; animation_intensity_slide=&#8221;10%&#8221; animation=&#8221;left&#8221; border_style=&#8221;solid&#8221;][\/et_pb_fullwidth_image][\/et_pb_section][et_pb_section fb_built=&#8221;1&#8243; admin_label=&#8221;section&#8221; _builder_version=&#8221;3.22&#8243;][et_pb_row admin_label=&#8221;row&#8221; _builder_version=&#8221;3.26.3&#8243; background_size=&#8221;initial&#8221; background_position=&#8221;top_left&#8221; background_repeat=&#8221;repeat&#8221; width=&#8221;100%&#8221;][et_pb_column type=&#8221;4_4&#8243; _builder_version=&#8221;3.25&#8243; custom_padding=&#8221;|||&#8221; custom_padding__hover=&#8221;|||&#8221;][et_pb_image src=&#8221;http:\/\/www.istanbulbilisimkongresi.org.tr\/2018\/wp-content\/uploads\/sites\/2\/2019\/07\/ibk-2018-sponsor.jpg&#8221; align=&#8221;center&#8221; align_tablet=&#8221;center&#8221; align_last_edited=&#8221;on|desktop&#8221; admin_label=&#8221;G\u00f6r\u00fcnt\u00fc&#8221; _builder_version=&#8221;3.26.3&#8243; width=&#8221;1000px&#8221; max_width=&#8221;1000px&#8221; animation_style=&#8221;slide&#8221; animation_direction=&#8221;left&#8221; animation_duration=&#8221;500ms&#8221; animation_intensity_slide=&#8221;10%&#8221; border_style=&#8221;solid&#8221; sticky=&#8221;off&#8221; always_center_on_mobile=&#8221;on&#8221;][\/et_pb_image][\/et_pb_column][\/et_pb_row][\/et_pb_section]<\/p>\n","protected":false},"excerpt":{"rendered":"","protected":false},"author":3,"featured_media":0,"parent":0,"menu_order":0,"comment_status":"closed","ping_status":"closed","template":"","meta":{"_et_pb_use_builder":"on","_et_pb_old_content":"","_et_gb_content_width":"","footnotes":""},"class_list":["post-95","page","type-page","status-publish","hentry"],"amp_enabled":true,"_links":{"self":[{"href":"https:\/\/www.istanbulbilisimkongresi.org.tr\/2018\/wp-json\/wp\/v2\/pages\/95","targetHints":{"allow":["GET"]}}],"collection":[{"href":"https:\/\/www.istanbulbilisimkongresi.org.tr\/2018\/wp-json\/wp\/v2\/pages"}],"about":[{"href":"https:\/\/www.istanbulbilisimkongresi.org.tr\/2018\/wp-json\/wp\/v2\/types\/page"}],"author":[{"embeddable":true,"href":"https:\/\/www.istanbulbilisimkongresi.org.tr\/2018\/wp-json\/wp\/v2\/users\/3"}],"replies":[{"embeddable":true,"href":"https:\/\/www.istanbulbilisimkongresi.org.tr\/2018\/wp-json\/wp\/v2\/comments?post=95"}],"version-history":[{"count":8,"href":"https:\/\/www.istanbulbilisimkongresi.org.tr\/2018\/wp-json\/wp\/v2\/pages\/95\/revisions"}],"predecessor-version":[{"id":244,"href":"https:\/\/www.istanbulbilisimkongresi.org.tr\/2018\/wp-json\/wp\/v2\/pages\/95\/revisions\/244"}],"wp:attachment":[{"href":"https:\/\/www.istanbulbilisimkongresi.org.tr\/2018\/wp-json\/wp\/v2\/media?parent=95"}],"curies":[{"name":"wp","href":"https:\/\/api.w.org\/{rel}","templated":true}]}}