{"id":70,"date":"2018-06-11T21:50:53","date_gmt":"2018-06-11T18:50:53","guid":{"rendered":"http:\/\/www.istanbulbilisimkongresi.org.tr\/2018\/?page_id=70"},"modified":"2019-09-17T15:14:06","modified_gmt":"2019-09-17T12:14:06","slug":"cok-yakinda-yayinda-olacak","status":"publish","type":"page","link":"https:\/\/www.istanbulbilisimkongresi.org.tr\/2018\/","title":{"rendered":"ANASAYFA"},"content":{"rendered":"<p>[et_pb_section fb_built=&#8221;1&#8243; admin_label=&#8221;section&#8221; _builder_version=&#8221;3.26.3&#8243; background_color=&#8221;#ffffff&#8221; use_background_color_gradient=&#8221;on&#8221; background_color_gradient_start=&#8221;#ffffff&#8221; background_color_gradient_end=&#8221;#ffffff&#8221;][et_pb_row admin_label=&#8221;row&#8221; _builder_version=&#8221;3.25&#8243; background_size=&#8221;initial&#8221; background_position=&#8221;top_left&#8221; background_repeat=&#8221;repeat&#8221;][et_pb_column type=&#8221;4_4&#8243; _builder_version=&#8221;3.25&#8243; custom_padding=&#8221;|||&#8221; custom_padding__hover=&#8221;|||&#8221;][et_pb_image src=&#8221;http:\/\/www.istanbulbilisimkongresi.org.tr\/2018\/wp-content\/uploads\/sites\/2\/2019\/07\/ibk-2018-anasayfa.jpg&#8221; align_tablet=&#8221;center&#8221; align_last_edited=&#8221;on|desktop&#8221; admin_label=&#8221;G\u00f6r\u00fcnt\u00fc&#8221; _builder_version=&#8221;3.23&#8243; animation_style=&#8221;slide&#8221; animation_direction=&#8221;left&#8221; animation_duration=&#8221;500ms&#8221; animation_intensity_slide=&#8221;10%&#8221; sticky=&#8221;off&#8221; border_style=&#8221;solid&#8221; always_center_on_mobile=&#8221;on&#8221;][\/et_pb_image][\/et_pb_column][\/et_pb_row][\/et_pb_section]<\/p>\n","protected":false},"excerpt":{"rendered":"","protected":false},"author":1,"featured_media":0,"parent":0,"menu_order":0,"comment_status":"closed","ping_status":"closed","template":"","meta":{"_et_pb_use_builder":"on","_et_pb_old_content":"<p>[et_pb_section bb_built=\"1\" admin_label=\"section\" _builder_version=\"3.0.51\" use_background_color_gradient=\"on\" background_color_gradient_start=\"rgba(188,132,232,0.49)\" background_color_gradient_end=\"rgba(0,0,0,0.25)\"][et_pb_row admin_label=\"row\"][et_pb_column type=\"4_4\"][et_pb_image admin_label=\"G\u00f6r\u00fcnt\u00fc\" _builder_version=\"3.0.51\" src=\"http:\/\/www.istanbulbilisimkongresi.org.tr\/2018\/wp-content\/uploads\/sites\/2\/2019\/07\/ibk-2018-anasayfa.jpg\" show_in_lightbox=\"off\" url_new_window=\"off\" use_overlay=\"off\" sticky=\"off\" align=\"left\" always_center_on_mobile=\"on\" border_style=\"solid\" force_fullwidth=\"off\" \/][\/et_pb_column][\/et_pb_row][\/et_pb_section]<\/p>","_et_gb_content_width":"","footnotes":""},"class_list":["post-70","page","type-page","status-publish","hentry"],"amp_enabled":false,"_links":{"self":[{"href":"https:\/\/www.istanbulbilisimkongresi.org.tr\/2018\/wp-json\/wp\/v2\/pages\/70","targetHints":{"allow":["GET"]}}],"collection":[{"href":"https:\/\/www.istanbulbilisimkongresi.org.tr\/2018\/wp-json\/wp\/v2\/pages"}],"about":[{"href":"https:\/\/www.istanbulbilisimkongresi.org.tr\/2018\/wp-json\/wp\/v2\/types\/page"}],"author":[{"embeddable":true,"href":"https:\/\/www.istanbulbilisimkongresi.org.tr\/2018\/wp-json\/wp\/v2\/users\/1"}],"replies":[{"embeddable":true,"href":"https:\/\/www.istanbulbilisimkongresi.org.tr\/2018\/wp-json\/wp\/v2\/comments?post=70"}],"version-history":[{"count":7,"href":"https:\/\/www.istanbulbilisimkongresi.org.tr\/2018\/wp-json\/wp\/v2\/pages\/70\/revisions"}],"predecessor-version":[{"id":231,"href":"https:\/\/www.istanbulbilisimkongresi.org.tr\/2018\/wp-json\/wp\/v2\/pages\/70\/revisions\/231"}],"wp:attachment":[{"href":"https:\/\/www.istanbulbilisimkongresi.org.tr\/2018\/wp-json\/wp\/v2\/media?parent=70"}],"curies":[{"name":"wp","href":"https:\/\/api.w.org\/{rel}","templated":true}]}}