{"id":189,"date":"2019-07-08T14:06:09","date_gmt":"2019-07-08T11:06:09","guid":{"rendered":"http:\/\/www.istanbulbilisimkongresi.org.tr\/2018\/?page_id=189"},"modified":"2019-09-17T14:50:27","modified_gmt":"2019-09-17T11:50:27","slug":"bildiri-programi","status":"publish","type":"page","link":"https:\/\/www.istanbulbilisimkongresi.org.tr\/2018\/bildiri-programi\/","title":{"rendered":"Bildiri Program\u0131"},"content":{"rendered":"<p>[et_pb_section fb_built=&#8221;1&#8243; fullwidth=&#8221;on&#8221; admin_label=&#8221;B\u00f6l\u00fcm&#8221; _builder_version=&#8221;3.22&#8243;][et_pb_fullwidth_image src=&#8221;http:\/\/www.istanbulbilisimkongresi.org.tr\/2018\/wp-content\/uploads\/sites\/2\/2019\/09\/ibk-2018-ust-tbd.jpg&#8221; admin_label=&#8221;Tam Geni\u015f Resim&#8221; _builder_version=&#8221;3.26.3&#8243; animation_style=&#8221;slide&#8221; animation_direction=&#8221;left&#8221; animation_duration=&#8221;500ms&#8221; animation_intensity_slide=&#8221;10%&#8221; animation=&#8221;left&#8221; border_style=&#8221;solid&#8221;][\/et_pb_fullwidth_image][\/et_pb_section][et_pb_section fb_built=&#8221;1&#8243; admin_label=&#8221;section&#8221; _builder_version=&#8221;3.22&#8243;][et_pb_row admin_label=&#8221;row&#8221; _builder_version=&#8221;3.25&#8243; background_size=&#8221;initial&#8221; background_position=&#8221;top_left&#8221; background_repeat=&#8221;repeat&#8221;][et_pb_column type=&#8221;4_4&#8243; _builder_version=&#8221;3.25&#8243; custom_padding=&#8221;|||&#8221; custom_padding__hover=&#8221;|||&#8221;][et_pb_text admin_label=&#8221;Metin&#8221; _builder_version=&#8221;3.0.87&#8243; border_style=&#8221;solid&#8221;]<\/p>\n<table style=\"width: 100%;\">\n<tbody>\n<tr>\n<td style=\"text-align: center;\">14:00 &#8211; 15:00<\/td>\n<td>\n<table style=\"width: 100%;\">\n<tbody>\n<tr>\n<th width=\"50%\">B\u00fcy\u00fck Salon<\/th>\n<th width=\"50%\">Salon 104<\/th>\n<\/tr>\n<tr>\n<td valign=\"top\"><strong>Oturum Ba\u015fkan\u0131: ZERR\u0130N AYVAZ RE\u0130S<\/strong><\/p>\n<p>\u0130nternet Teknolojileri Kullan\u0131m\u0131nda Hane Halk\u0131 Profilinin Belirlenmesi : T\u00fcrkiye \u00d6rne\u011fi<br \/>\nG\u00f6k\u00e7e KARAHAN ADALI, Y\u00fcksek H\u0131zl\u0131 Ara\u00e7 Ad-Hoc A\u011flarda Zaman Senkronizasyonu<br \/>\nMerve SA\u0130MLER, Dr. Bar\u0131\u015f BULUT<\/p>\n<p>S\u0131n\u0131rs\u0131z Say\u0131daki Etiket \u0130\u00e7in Kapal\u0131 Form \u00c7\u00f6z\u00fcm\u00fc \u0130le UGB 1B Konumland\u0131rma Sistemi<br \/>\nHikmet Y\u00dcCEL, B. El\u00e7in ERDO\u011eAN<\/p>\n<p>Modbus RTU Protokol\u00fcn\u00fcn Haberle\u015fme H\u0131z\u0131n\u0131n \u0130yile\u015ftirilmesine Y\u00f6nelik Bir Y\u00f6ntem<br \/>\nSalih Bak\u0131r, Fuad ALIEW<\/td>\n<td valign=\"top\"><strong>Oturum Ba\u015fkan\u0131: F. \u00d6NAY KO\u00c7O\u011eLU<\/strong><\/p>\n<p>Kamu Alacaklar\u0131n\u0131n Takibinde E-\u0130mza Kullan\u0131m\u0131yla S\u00fcre\u00e7 \u0130yile\u015ftirmesi \u00d6rne\u011fi<br \/>\nNihal B\u0130LAL, Engin HAZAR, Cihan KABRAN, \u015eebnem TEZCAN<\/p>\n<p>Kripto Para Blokzincir Teknolojisi Nedir? Nas\u0131l \u00c7al\u0131\u015f\u0131r?<br \/>\nERKAN KULE<\/p>\n<p>Ak\u0131ll\u0131 Ortamlar \u0130\u00e7in Blockchain Tabanl\u0131 Bir Eri\u015fim Kontrol Modeli<br \/>\nMohammed ALSADI, B\u00fc\u015fra \u00d6ZDEN\u0130ZC\u0130 K\u00d6SE, Cem \u00c7EV\u0130KBA\u015e, Sevin\u00e7 G\u00dcLSE\u00c7EN, Vedat CO\u015eKUN<\/td>\n<\/tr>\n<\/tbody>\n<\/table>\n<\/td>\n<\/tr>\n<tr>\n<td style=\"width: 150px; text-align: center;\">15:00 &#8211; 15:15<\/td>\n<td>\u00c7AY KAHVE ARASI<\/td>\n<\/tr>\n<tr>\n<td style=\"width: 150px; text-align: center;\">15:15 &#8211; 16:15<\/td>\n<td>\n<table style=\"width: 100%;\">\n<tbody>\n<tr>\n<th width=\"50%\">B\u00fcy\u00fck Salon<\/th>\n<th width=\"50%\">Salon 104<\/th>\n<\/tr>\n<tr>\n<td valign=\"top\"><strong>Oturum Ba\u015fkan\u0131: BATUHAN KOCAO\u011eLU<\/strong><\/p>\n<p>\u201cBlockcha\u0131n\u201d Projeleri \u00d6zelinde Ki\u015fisel Verilerin Korunmas\u0131 Kanunu\u2019Na \u0130li\u015fkin Hukuki De\u011ferlendirmeler<br \/>\nEl\u00e7in KARATAY, Mutlucan SOLAK<\/p>\n<p>Otonom Ara\u00e7 Testleri \u0130\u00e7in G\u00fcvenlik Manevralar\u0131n\u0131n \u00c7\u0131kar\u0131lmas\u0131<br \/>\nBurak Ugranl\u0131, Dr. Ahmetcan ERDO\u011eAN, Dr. Emre Kaplan, Ali \u015eENTA\u015e<\/p>\n<p>Optik Karakter Tan\u0131ma, Yapay Zeka Ve \u0130\u015f Ak\u0131\u015f\u0131 \u0130le Operasyonel S\u00fcre\u00e7lerin Otomatikle\u015ftirilmesi<br \/>\nG\u00f6kay SALDAMLI, \u00d6zg\u00fcr HAMURCU<\/td>\n<td valign=\"top\"><strong>Oturum Ba\u015fkan\u0131: B\u0130LG\u0130N MET\u0130N<\/strong><\/p>\n<p>\u0130\u015fe Al\u0131m Analiti\u011fi<br \/>\nBesim SOLAK<\/p>\n<p>Yetersizce K\u00fc\u00e7\u00fck, Gereksizce B\u00fcy\u00fck Veri!<br \/>\nKutsev Bengisu ALTU\u011e, Dr. Sami Emre K\u00dc\u00c7\u00dcK<\/p>\n<p>Sosyal Etki Kuram\u0131 Temelinde Sosyal Medyada Ayna N\u00f6ronlar\u0131n Kullan\u0131c\u0131 Davran\u0131\u015flar\u0131na Etkisi<br \/>\nDr. Ye\u015fim ESG\u0130N<\/p>\n<p>Yapay Zek\u00e2 Uygulamalar\u0131 \u0130le Sava\u015f Similasyon Programlar\u0131n\u0131n Yap\u0131lmas\u0131 Ve Geli\u015ftirilmesi<br \/>\nSerkan \u00d6ZARGIN<\/td>\n<\/tr>\n<\/tbody>\n<\/table>\n<\/td>\n<\/tr>\n<tr>\n<td style=\"width: 150px; text-align: center;\">16:15 &#8211; 16:30<\/td>\n<td>\u00c7AY KAHVE ARASI<\/td>\n<\/tr>\n<tr>\n<td style=\"width: 150px; text-align: center;\">16:30 &#8211; 17:30<\/td>\n<td>\n<table style=\"width: 100%;\">\n<tbody>\n<tr>\n<th width=\"50%\">B\u00fcy\u00fck Salon<\/th>\n<th width=\"50%\">Salon 104<\/th>\n<\/tr>\n<tr>\n<td valign=\"top\"><strong>Oturum Ba\u015fkan\u0131: ZEK\u0130 \u00d6ZEN<\/strong><\/p>\n<p>CRISP-DM Metodolojisi Ve Servis Sa\u011flay\u0131c\u0131larda M\u00fc\u015fteri Memnuniyeti Tahminlemesi \u00dczerine Uygulamas\u0131<br \/>\nDr. Bar\u0131\u015f BULUT , B\u00fc\u015fra Kele\u015f, Esra KARABIYIK, Ahmet T\u00dcRKMEN, Halil \u0130brahim B\u0130LG\u0130N<\/p>\n<p>\u00c7evik Metodolojilere Kar\u015f\u0131 Yal\u0131n Prensipler: Hangisi Teknoloji Giri\u015fim \u015eirketlerinin B\u00fcy\u00fcmesi \u0130\u00e7in Kullan\u0131lmal\u0131d\u0131r?<br \/>\nCeren \u00c7UBUK\u00c7U, U\u011fur Osman Y\u00dcCEL<\/p>\n<p>M\u00fc\u015fteri Analiti\u011fine Dayal\u0131 Ki\u015fiselle\u015ftirilmi\u015f Kampanya Motoru<br \/>\nDr. H\u00fcseyin BUDAK, Bora SEZEN<\/p>\n<p>Mahalli \u0130darelerin Y\u00f6netilmesinde, Y\u00f6netim Bili\u015fim Sistemleri Kullan\u0131m\u0131 \u0130le Dijital \u00c7a\u011fa Uyum<br \/>\nFatih G\u00dc\u00c7L\u00dcER, Dr. Mustafa \u00d6zg\u00fcr G\u00dcNG\u00d6R<\/td>\n<td valign=\"top\"><strong>Oturum Ba\u015fkan\u0131: EL\u0130F KARTAL<\/strong><\/p>\n<p>Na\u0131v\u00e9 Bayes Y\u00f6ntemiyle Potansiyel Karavan Sigorta M\u00fc\u015fterisi Tahmini<br \/>\nBurcu TUNGA, Beyza \u015eENG\u00dcL, Ahmet KIRI\u015e<\/p>\n<p>Makine \u00d6\u011frenmesi \u0130\u00e7in Sentetik Veri Kalitesi<br \/>\nDr. Ahmetcan Erdo\u011fan , Erkan Adal\u0131<\/p>\n<p>Veri Madencili\u011fi Teknikleri \u0130le Ki\u015fiselle\u015ftirilebilir Ak\u0131ll\u0131 Ott Platformu Geli\u015ftirilmesi<br \/>\nNur EM\u0130RLERO\u011eLU, B. Tonra DAYLAN<\/p>\n<p>Veri Madencili\u011fi \u0130le Futbolda Ba\u015far\u0131ya Giden Yol Haritas\u0131<br \/>\nM. Erdal BALABAN, Elif KARTAL<\/p>\n<p>Y\u00fcksek Boyutlu Model G\u00f6sterilimi \u0130le \u00d6znitelik \u00c7\u0131kar\u0131m\u0131 Yap\u0131larak Dijital Mamogramlarda Meme Kanseri Tan\u0131s\u0131<br \/>\nK\u00fcbra KARACAN, Burcu TUNGA<\/td>\n<\/tr>\n<\/tbody>\n<\/table>\n<\/td>\n<\/tr>\n<tr>\n<td style=\"width: 150px; text-align: center;\">17:30<\/td>\n<td>KAPANI\u015e<\/td>\n<\/tr>\n<\/tbody>\n<\/table>\n<p>[\/et_pb_text][et_pb_button button_url=&#8221;http:\/\/www.istanbulbilisimkongresi.org.tr\/2018\/program\/&#8221; button_text=&#8221;Kongre Panel Program\u0131&#8221; button_alignment=&#8221;left&#8221; admin_label=&#8221;D\u00fc\u011fme&#8221; _builder_version=&#8221;3.16&#8243; button_letter_spacing_hover=&#8221;0&#8243; button_text_size__hover_enabled=&#8221;off&#8221; button_one_text_size__hover_enabled=&#8221;off&#8221; button_two_text_size__hover_enabled=&#8221;off&#8221; button_text_color__hover_enabled=&#8221;off&#8221; button_one_text_color__hover_enabled=&#8221;off&#8221; button_two_text_color__hover_enabled=&#8221;off&#8221; button_border_width__hover_enabled=&#8221;off&#8221; button_one_border_width__hover_enabled=&#8221;off&#8221; button_two_border_width__hover_enabled=&#8221;off&#8221; button_border_color__hover_enabled=&#8221;off&#8221; button_one_border_color__hover_enabled=&#8221;off&#8221; button_two_border_color__hover_enabled=&#8221;off&#8221; button_border_radius__hover_enabled=&#8221;off&#8221; button_one_border_radius__hover_enabled=&#8221;off&#8221; button_two_border_radius__hover_enabled=&#8221;off&#8221; button_letter_spacing__hover_enabled=&#8221;on&#8221; button_letter_spacing__hover=&#8221;0&#8243; button_one_letter_spacing__hover_enabled=&#8221;off&#8221; button_two_letter_spacing__hover_enabled=&#8221;off&#8221; button_bg_color__hover_enabled=&#8221;off&#8221; button_one_bg_color__hover_enabled=&#8221;off&#8221; button_two_bg_color__hover_enabled=&#8221;off&#8221;][\/et_pb_button][\/et_pb_column][\/et_pb_row][\/et_pb_section]<\/p>\n","protected":false},"excerpt":{"rendered":"<p>14:00 &#8211; 15:00 B\u00fcy\u00fck Salon Salon 104 Oturum Ba\u015fkan\u0131: ZERR\u0130N AYVAZ RE\u0130S \u0130nternet Teknolojileri Kullan\u0131m\u0131nda Hane Halk\u0131 Profilinin Belirlenmesi : T\u00fcrkiye \u00d6rne\u011fi G\u00f6k\u00e7e KARAHAN ADALI, Y\u00fcksek H\u0131zl\u0131 Ara\u00e7 Ad-Hoc A\u011flarda Zaman Senkronizasyonu Merve SA\u0130MLER, Dr. Bar\u0131\u015f BULUT S\u0131n\u0131rs\u0131z Say\u0131daki Etiket \u0130\u00e7in Kapal\u0131 Form \u00c7\u00f6z\u00fcm\u00fc \u0130le UGB 1B Konumland\u0131rma Sistemi Hikmet Y\u00dcCEL, B. El\u00e7in ERDO\u011eAN Modbus [&hellip;]<\/p>\n","protected":false},"author":2,"featured_media":0,"parent":0,"menu_order":0,"comment_status":"closed","ping_status":"closed","template":"","meta":{"_et_pb_use_builder":"on","_et_pb_old_content":"","_et_gb_content_width":"","footnotes":""},"class_list":["post-189","page","type-page","status-publish","hentry"],"amp_enabled":true,"_links":{"self":[{"href":"https:\/\/www.istanbulbilisimkongresi.org.tr\/2018\/wp-json\/wp\/v2\/pages\/189","targetHints":{"allow":["GET"]}}],"collection":[{"href":"https:\/\/www.istanbulbilisimkongresi.org.tr\/2018\/wp-json\/wp\/v2\/pages"}],"about":[{"href":"https:\/\/www.istanbulbilisimkongresi.org.tr\/2018\/wp-json\/wp\/v2\/types\/page"}],"author":[{"embeddable":true,"href":"https:\/\/www.istanbulbilisimkongresi.org.tr\/2018\/wp-json\/wp\/v2\/users\/2"}],"replies":[{"embeddable":true,"href":"https:\/\/www.istanbulbilisimkongresi.org.tr\/2018\/wp-json\/wp\/v2\/comments?post=189"}],"version-history":[{"count":11,"href":"https:\/\/www.istanbulbilisimkongresi.org.tr\/2018\/wp-json\/wp\/v2\/pages\/189\/revisions"}],"predecessor-version":[{"id":216,"href":"https:\/\/www.istanbulbilisimkongresi.org.tr\/2018\/wp-json\/wp\/v2\/pages\/189\/revisions\/216"}],"wp:attachment":[{"href":"https:\/\/www.istanbulbilisimkongresi.org.tr\/2018\/wp-json\/wp\/v2\/media?parent=189"}],"curies":[{"name":"wp","href":"https:\/\/api.w.org\/{rel}","templated":true}]}}