{"id":126,"date":"2019-07-04T17:16:12","date_gmt":"2019-07-04T14:16:12","guid":{"rendered":"http:\/\/www.istanbulbilisimkongresi.org.tr\/2018\/?page_id=126"},"modified":"2019-09-17T14:56:57","modified_gmt":"2019-09-17T11:56:57","slug":"akademik-bildiri","status":"publish","type":"page","link":"https:\/\/www.istanbulbilisimkongresi.org.tr\/2018\/akademik-bildiri\/","title":{"rendered":"Akademik Bildiri"},"content":{"rendered":"<p>[et_pb_section fb_built=&#8221;1&#8243; fullwidth=&#8221;on&#8221; admin_label=&#8221;B\u00f6l\u00fcm&#8221; _builder_version=&#8221;3.22&#8243;][et_pb_fullwidth_image src=&#8221;http:\/\/www.istanbulbilisimkongresi.org.tr\/2018\/wp-content\/uploads\/sites\/2\/2019\/09\/ibk-2018-ust-tbd.jpg&#8221; admin_label=&#8221;Tam Geni\u015f Resim&#8221; _builder_version=&#8221;3.26.3&#8243; animation_style=&#8221;slide&#8221; animation_direction=&#8221;left&#8221; animation_duration=&#8221;500ms&#8221; animation_intensity_slide=&#8221;10%&#8221; animation=&#8221;left&#8221; border_style=&#8221;solid&#8221;][\/et_pb_fullwidth_image][\/et_pb_section][et_pb_section fb_built=&#8221;1&#8243; admin_label=&#8221;section&#8221; _builder_version=&#8221;3.22&#8243;][et_pb_row admin_label=&#8221;row&#8221; _builder_version=&#8221;3.25&#8243; background_size=&#8221;initial&#8221; background_position=&#8221;top_left&#8221; background_repeat=&#8221;repeat&#8221;][et_pb_column type=&#8221;4_4&#8243; _builder_version=&#8221;3.25&#8243; custom_padding=&#8221;|||&#8221; custom_padding__hover=&#8221;|||&#8221;][et_pb_text admin_label=&#8221;Metin&#8221; _builder_version=&#8221;3.0.87&#8243; border_style=&#8221;solid&#8221;]<\/p>\n<h3 style=\"text-align: center;\"><b>12<\/b><b>. \u0130STANBUL B\u0130L\u0130\u015e\u0130M KONGRES\u0130\u00a0 \u2013 \u0130BK-2018<br \/>\n<\/b><b>Akademik Bildiri Kat\u0131l\u0131m \u00c7a\u011fr\u0131s\u0131 \u2013 1<\/b><br \/>\nAral\u0131k 2018 \u2013 Kadir Has \u00dcniversitesi \u2013\u0130stanbul<br \/>\n<a href=\"https:\/\/web.archive.org\/web\/20180808145948\/http:\/\/www.istanbulbilisimkongresi.org.tr\/\">www.istanbulbilisimkongresi.org.tr<\/a><span data-ccp-props=\"{&quot;201341983&quot;:0,&quot;335551550&quot;:2,&quot;335551620&quot;:2,&quot;335559739&quot;:0,&quot;335559740&quot;:240}\">\u00a0<\/span><\/h3>\n<p><span data-ccp-props=\"{&quot;201341983&quot;:0,&quot;335551550&quot;:2,&quot;335551620&quot;:2,&quot;335559739&quot;:0,&quot;335559740&quot;:240}\">\u00a0<\/span>1971 y\u0131l\u0131nda kurulan T\u00fcrkiye Bili\u015fim Derne\u011fi-TBD 47\u00a0y\u0131ld\u0131r faaliyetlerini s\u00fcrd\u00fcrmektedir. TBD \u0130stanbul \u015eubesi, 1998 y\u0131l\u0131ndan bu yana b\u00f6lgesinde kamu, \u00f6zel sekt\u00f6r, \u00dcniversite ve bili\u015fim \u00e7al\u0131\u015fanlar\u0131n\u0131n kat\u0131l\u0131m\u0131 ile 20 y\u0131ld\u0131r faaliyet g\u00f6stermektedir.\u00a0Onbe\u015f\u00a0bine yak\u0131n \u00fcyesi ve g\u00f6n\u00fcll\u00fcleri ile TBD, T\u00fcrkiye\u2019de bili\u015fim teknolojilerinin planlanmas\u0131, projelendirilmesi, edinimi ve kullan\u0131m\u0131; ulusal bili\u015fim politikalar\u0131n\u0131n olu\u015fmas\u0131 ve uygulanmas\u0131na katk\u0131s\u0131n\u0131 b\u00fcy\u00fck bir \u00f6zveriyle s\u00fcrd\u00fcrmeye devam etmektedir.\u00a0<span data-ccp-props=\"{&quot;201341983&quot;:0,&quot;335551550&quot;:6,&quot;335551620&quot;:6,&quot;335559731&quot;:708,&quot;335559739&quot;:0,&quot;335559740&quot;:240}\">\u00a0<\/span><\/p>\n<p><span data-ccp-props=\"{&quot;201341983&quot;:0,&quot;335551550&quot;:6,&quot;335551620&quot;:6,&quot;335559739&quot;:0,&quot;335559740&quot;:240}\">\u00a0<\/span>T\u00fcrkiye Bili\u015fim Derne\u011fi \u0130stanbul \u015eubesi olarak bu\u00a0y\u0131l\u00a0on ikincisini\u00a0d\u00fczenleyece\u011fimiz \u0130stanbul Bili\u015fim Kongresi Aral\u0131k ay\u0131nda(*)\u00a0<b>\u201cVerinin Paraya D\u00f6n\u00fc\u015f\u00fcm\u00fc\u201d Ticaretin Dijital \u00c7a\u011f\u0131 temal\u0131<\/b>\u00a0temas\u0131 ile Kadir Has \u00dcniversitesi\u00a0Cibali\u00a0Kamp\u00fcs\u00fc\u2019nde yap\u0131lacakt\u0131r.\u00a0<span data-ccp-props=\"{&quot;201341983&quot;:0,&quot;335559731&quot;:708,&quot;335559739&quot;:0,&quot;335559740&quot;:240}\">\u00a0<\/span><\/p>\n<p><span data-ccp-props=\"{&quot;201341983&quot;:0,&quot;335559731&quot;:708,&quot;335559739&quot;:0,&quot;335559740&quot;:240}\">\u00a0<\/span>Bu kapsamda Kongremiz; \u00c7a\u011fr\u0131l\u0131 Konu\u015fmac\u0131lar, A\u00e7\u0131k oturum, Paneller, Akademik Bildiriler, \u00dcr\u00fcn Tan\u0131t\u0131m Stantlar\u0131,\u00a0Sekt\u00f6rel\u00a0ve Sosyal Etkinlikler ile \u015fekillenecektir.\u00a0<span data-ccp-props=\"{&quot;201341983&quot;:0,&quot;335559731&quot;:708,&quot;335559739&quot;:0,&quot;335559740&quot;:240}\">\u00a0<\/span><\/p>\n<p><span data-ccp-props=\"{&quot;201341983&quot;:0,&quot;335559739&quot;:0,&quot;335559740&quot;:240}\">\u00a0<\/span>XII. \u0130stanbul Bili\u015fim Kongresinde akademik ve teknoloji uygulama bildirilerinin sunulaca\u011f\u0131 oturumlar da sunulacak olup her bir bildiri i\u00e7in, toplam 20 dakikal\u0131k sunum yap\u0131lmas\u0131 planlanm\u0131\u015ft\u0131r. Bildiri yaz\u0131m ve sunum dili T\u00fcrk\u00e7e olacakt\u0131r. Bildirilerin a\u015fa\u011f\u0131daki kongre takvimine g\u00f6re kongre\u00a0<b>sekretarya e-posta<\/b>\u00a0adresine g\u00f6nderilmesi gerekmektedir.\u00a0G\u00f6nderilen bildiri ba\u015fvurular\u0131 Bildiri De\u011ferlendirme Kurul \u00fcyeleri\u00a0taraf\u0131ndan de\u011ferlendirilecek, kabul edilen bildiriler,\u00a0<b>s\u00f6zl\u00fc<\/b>\u00a0ya da\u00a0<b>poster<\/b>\u00a0bildiri olarak konu ba\u015fl\u0131klar\u0131na g\u00f6re s\u0131n\u0131fland\u0131r\u0131larak programda\u00a0yay\u0131nlanacakt\u0131r.\u00a0Kongreye kat\u0131larak sunum yap\u0131lmayan\u00a0bildiriler Kongre Bildiriler Kitab\u0131\u2019nda yer almayacakt\u0131r. Bildirilerin \u00d6rnek Bildiri Haz\u0131rlama K\u0131lavuzu\u2019nda yer alan formata g\u00f6re haz\u0131rlanmas\u0131\u00a0\u00f6n kabul i\u00e7in\u00a0gerekmektedir.\u00a0Kongrede sunulan\u00a0bildiriler aras\u0131ndan se\u00e7ilen\u00a0tam metin\u00a0bildiriler\u00a0<b>b\u00f6l\u00fcm yazarl\u0131 kitapta<\/b>\u00a0d\u00fczenlenerek yay\u0131nlanacakt\u0131r.<span data-ccp-props=\"{&quot;201341983&quot;:0,&quot;335551550&quot;:6,&quot;335551620&quot;:6,&quot;335559731&quot;:708,&quot;335559739&quot;:0,&quot;335559740&quot;:240}\">\u00a0<\/span><\/p>\n<p><span data-ccp-props=\"{&quot;201341983&quot;:0,&quot;335551550&quot;:6,&quot;335551620&quot;:6,&quot;335559739&quot;:0,&quot;335559740&quot;:240}\">\u00a0<\/span><b>\u00d6nemli Tarihler:<\/b><span data-ccp-props=\"{&quot;134233117&quot;:true,&quot;134233118&quot;:true,&quot;201341983&quot;:0,&quot;335559740&quot;:240}\">\u00a0<\/span><\/p>\n<ul>\n<li data-leveltext=\"\uf0b7\" data-font=\"Symbol\" data-listid=\"3\" aria-setsize=\"-1\" data-aria-posinset=\"1\" data-aria-level=\"1\"><b>12 Kas\u0131m 2018<\/b>\u00a0Geni\u015fletilmi\u015f \u00d6zet (Summary) Bildirilerin Son G\u00f6nderim Tarihi<span data-ccp-props=\"{&quot;134233117&quot;:true,&quot;134233118&quot;:true,&quot;201341983&quot;:0,&quot;335559739&quot;:0,&quot;335559740&quot;:240}\">\u00a0<\/span><\/li>\n<li data-leveltext=\"\uf0b7\" data-font=\"Symbol\" data-listid=\"3\" aria-setsize=\"-1\" data-aria-posinset=\"2\" data-aria-level=\"1\"><b>19 Kas\u0131m 2018\u00a0<\/b>Kabul Edilen Bildirilerin Yazarlar\u0131na Geri Bildirimi<span data-ccp-props=\"{&quot;134233117&quot;:true,&quot;134233118&quot;:true,&quot;201341983&quot;:0,&quot;335559739&quot;:0,&quot;335559740&quot;:240}\">\u00a0<\/span><\/li>\n<li data-leveltext=\"\uf0b7\" data-font=\"Symbol\" data-listid=\"3\" aria-setsize=\"-1\" data-aria-posinset=\"3\" data-aria-level=\"1\"><b>30 Kas\u0131m 2018<\/b>\u00a0Bildirili Kat\u0131l\u0131mc\u0131lar\u0131 i\u00e7in Kongre Kat\u0131l\u0131m \u00dccreti Son \u00d6deme Tarihi<span data-ccp-props=\"{&quot;134233117&quot;:true,&quot;134233118&quot;:true,&quot;201341983&quot;:0,&quot;335559739&quot;:0,&quot;335559740&quot;:240}\">\u00a0<\/span><\/li>\n<\/ul>\n<p><span data-ccp-props=\"{&quot;201341983&quot;:0,&quot;335551550&quot;:6,&quot;335551620&quot;:6,&quot;335559739&quot;:0,&quot;335559740&quot;:240}\">\u00a0<\/span><b>Akademik bildiriler i\u00e7in a\u015fa\u011f\u0131daki konu ba\u015fl\u0131klar\u0131 belirlenmi\u015ftir.<\/b><span data-ccp-props=\"{&quot;201341983&quot;:0,&quot;335559739&quot;:0,&quot;335559740&quot;:240}\">\u00a0<\/span><\/p>\n<ul>\n<li><span data-ccp-props=\"{&quot;134233279&quot;:true,&quot;201341983&quot;:0,&quot;335559685&quot;:360,&quot;335559739&quot;:160,&quot;335559740&quot;:240}\">\u00a0<\/span>Ak\u0131ll\u0131 Binalar<span data-ccp-props=\"{&quot;134233279&quot;:true,&quot;201341983&quot;:0,&quot;335559739&quot;:160,&quot;335559740&quot;:240}\">\u00a0<\/span><\/li>\n<li data-leveltext=\"\uf0b7\" data-font=\"Symbol\" data-listid=\"1\" aria-setsize=\"-1\" data-aria-posinset=\"0\" data-aria-level=\"1\">Ak\u0131ll\u0131 Fabrikalar ve De\u011fi\u015fen Sanayi<span data-ccp-props=\"{&quot;134233279&quot;:true,&quot;201341983&quot;:0,&quot;335559739&quot;:160,&quot;335559740&quot;:240}\">\u00a0<\/span><\/li>\n<li data-leveltext=\"\uf0b7\" data-font=\"Symbol\" data-listid=\"1\" aria-setsize=\"-1\" data-aria-posinset=\"0\" data-aria-level=\"1\">Ak\u0131ll\u0131 \u015eehircilik<span data-ccp-props=\"{&quot;134233279&quot;:true,&quot;201341983&quot;:0,&quot;335559739&quot;:160,&quot;335559740&quot;:240}\">\u00a0<\/span><\/li>\n<li data-leveltext=\"\uf0b7\" data-font=\"Symbol\" data-listid=\"1\" aria-setsize=\"-1\" data-aria-posinset=\"0\" data-aria-level=\"1\">Ak\u0131ll\u0131 Teknolojiler<span data-ccp-props=\"{&quot;134233279&quot;:true,&quot;201341983&quot;:0,&quot;335559739&quot;:160,&quot;335559740&quot;:240}\">\u00a0<\/span><\/li>\n<li data-leveltext=\"\uf0b7\" data-font=\"Symbol\" data-listid=\"1\" aria-setsize=\"-1\" data-aria-posinset=\"0\" data-aria-level=\"1\">Bilgisayar Oyunlar\u0131<span data-ccp-props=\"{&quot;134233279&quot;:true,&quot;201341983&quot;:0,&quot;335559739&quot;:160,&quot;335559740&quot;:240}\">\u00a0<\/span><\/li>\n<\/ul>\n<ul>\n<li data-leveltext=\"\uf0b7\" data-font=\"Symbol\" data-listid=\"2\" aria-setsize=\"-1\" data-aria-posinset=\"0\" data-aria-level=\"1\">Bili\u015fim Eti\u011fi<span data-ccp-props=\"{&quot;134233279&quot;:true,&quot;201341983&quot;:0,&quot;335559739&quot;:160,&quot;335559740&quot;:240}\">\u00a0<\/span><\/li>\n<li data-leveltext=\"\uf0b7\" data-font=\"Symbol\" data-listid=\"2\" aria-setsize=\"-1\" data-aria-posinset=\"0\" data-aria-level=\"1\">Bili\u015fim Sistemlerinde Gizlilik<span data-ccp-props=\"{&quot;134233279&quot;:true,&quot;201341983&quot;:0,&quot;335559739&quot;:160,&quot;335559740&quot;:240}\">\u00a0<\/span><\/li>\n<li data-leveltext=\"\uf0b7\" data-font=\"Symbol\" data-listid=\"1\" aria-setsize=\"-1\" data-aria-posinset=\"0\" data-aria-level=\"1\">Bili\u015fim ve \u00c7ocuk<span data-ccp-props=\"{&quot;134233279&quot;:true,&quot;201341983&quot;:0,&quot;335559739&quot;:160,&quot;335559740&quot;:240}\">\u00a0<\/span><\/li>\n<li data-leveltext=\"\uf0b7\" data-font=\"Symbol\" data-listid=\"1\" aria-setsize=\"-1\" data-aria-posinset=\"0\" data-aria-level=\"1\">Bili\u015fim ve Kad\u0131n<span data-ccp-props=\"{&quot;134233279&quot;:true,&quot;201341983&quot;:0,&quot;335559739&quot;:160,&quot;335559740&quot;:240}\">\u00a0<\/span><\/li>\n<li data-leveltext=\"\uf0b7\" data-font=\"Symbol\" data-listid=\"1\" aria-setsize=\"-1\" data-aria-posinset=\"0\" data-aria-level=\"1\">Bili\u015fimde Patent, Lisans ve Fikri M\u00fclkiyet<span data-ccp-props=\"{&quot;134233279&quot;:true,&quot;201341983&quot;:0,&quot;335559739&quot;:160,&quot;335559740&quot;:240}\">\u00a0<\/span><\/li>\n<\/ul>\n<ul>\n<li data-leveltext=\"\uf0b7\" data-font=\"Symbol\" data-listid=\"1\" aria-setsize=\"-1\" data-aria-posinset=\"0\" data-aria-level=\"1\">Bulan\u0131k Mant\u0131k<span data-ccp-props=\"{&quot;134233279&quot;:true,&quot;201341983&quot;:0,&quot;335559739&quot;:160,&quot;335559740&quot;:240}\">\u00a0<\/span><\/li>\n<li data-leveltext=\"\uf0b7\" data-font=\"Symbol\" data-listid=\"1\" aria-setsize=\"-1\" data-aria-posinset=\"0\" data-aria-level=\"1\">Bulut Bili\u015fim<span data-ccp-props=\"{&quot;134233279&quot;:true,&quot;201341983&quot;:0,&quot;335559739&quot;:160,&quot;335559740&quot;:240}\">\u00a0<\/span><\/li>\n<li data-leveltext=\"\uf0b7\" data-font=\"Symbol\" data-listid=\"1\" aria-setsize=\"-1\" data-aria-posinset=\"0\" data-aria-level=\"1\">B\u00fcy\u00fck Veri<span data-ccp-props=\"{&quot;134233279&quot;:true,&quot;201341983&quot;:0,&quot;335559739&quot;:160,&quot;335559740&quot;:240}\">\u00a0<\/span><\/li>\n<li data-leveltext=\"\uf0b7\" data-font=\"Symbol\" data-listid=\"1\" aria-setsize=\"-1\" data-aria-posinset=\"0\" data-aria-level=\"1\">Co\u011frafik Bilgi Sistemleri<span data-ccp-props=\"{&quot;134233279&quot;:true,&quot;201341983&quot;:0,&quot;335559739&quot;:160,&quot;335559740&quot;:240}\">\u00a0<\/span><\/li>\n<li data-leveltext=\"\uf0b7\" data-font=\"Symbol\" data-listid=\"1\" aria-setsize=\"-1\" data-aria-posinset=\"0\" data-aria-level=\"1\">Dijital Okuryazarl\u0131k<span data-ccp-props=\"{&quot;134233279&quot;:true,&quot;201341983&quot;:0,&quot;335559739&quot;:160,&quot;335559740&quot;:240}\">\u00a0<\/span><\/li>\n<\/ul>\n<ul>\n<li data-leveltext=\"\uf0b7\" data-font=\"Symbol\" data-listid=\"1\" aria-setsize=\"-1\" data-aria-posinset=\"0\" data-aria-level=\"1\">E-Devlet<span data-ccp-props=\"{&quot;134233279&quot;:true,&quot;201341983&quot;:0,&quot;335559739&quot;:160,&quot;335559740&quot;:240}\">\u00a0<\/span><\/li>\n<li data-leveltext=\"\uf0b7\" data-font=\"Symbol\" data-listid=\"1\" aria-setsize=\"-1\" data-aria-posinset=\"0\" data-aria-level=\"1\">E-D\u00f6n\u00fc\u015f\u00fcm,\u00a0<span data-ccp-props=\"{&quot;134233279&quot;:true,&quot;201341983&quot;:0,&quot;335559739&quot;:160,&quot;335559740&quot;:240}\">\u00a0<\/span><\/li>\n<li data-leveltext=\"\uf0b7\" data-font=\"Symbol\" data-listid=\"1\" aria-setsize=\"-1\" data-aria-posinset=\"0\" data-aria-level=\"1\">E-\u0130\u015fletme ve E-Kurum<span data-ccp-props=\"{&quot;134233279&quot;:true,&quot;201341983&quot;:0,&quot;335559739&quot;:160,&quot;335559740&quot;:240}\">\u00a0<\/span><\/li>\n<li data-leveltext=\"\uf0b7\" data-font=\"Symbol\" data-listid=\"1\" aria-setsize=\"-1\" data-aria-posinset=\"0\" data-aria-level=\"1\">Elektronik Belge Y\u00f6netimi<span data-ccp-props=\"{&quot;134233279&quot;:true,&quot;201341983&quot;:0,&quot;335559739&quot;:160,&quot;335559740&quot;:240}\">\u00a0<\/span><\/li>\n<li data-leveltext=\"\uf0b7\" data-font=\"Symbol\" data-listid=\"1\" aria-setsize=\"-1\" data-aria-posinset=\"0\" data-aria-level=\"1\">Engelsiz Bili\u015fim<span data-ccp-props=\"{&quot;134233279&quot;:true,&quot;201341983&quot;:0,&quot;335559739&quot;:160,&quot;335559740&quot;:240}\">\u00a0<\/span><\/li>\n<\/ul>\n<ul>\n<li data-leveltext=\"\uf0b7\" data-font=\"Symbol\" data-listid=\"1\" aria-setsize=\"-1\" data-aria-posinset=\"0\" data-aria-level=\"1\">E-\u00d6deme<span data-ccp-props=\"{&quot;134233279&quot;:true,&quot;201341983&quot;:0,&quot;335559739&quot;:160,&quot;335559740&quot;:240}\">\u00a0<\/span><\/li>\n<li data-leveltext=\"\uf0b7\" data-font=\"Symbol\" data-listid=\"1\" aria-setsize=\"-1\" data-aria-posinset=\"0\" data-aria-level=\"1\">E-\u00d6\u011frenme, E\u011fitimde Bili\u015fim<span data-ccp-props=\"{&quot;134233279&quot;:true,&quot;201341983&quot;:0,&quot;335559739&quot;:160,&quot;335559740&quot;:240}\">\u00a0<\/span><\/li>\n<li data-leveltext=\"\uf0b7\" data-font=\"Symbol\" data-listid=\"1\" aria-setsize=\"-1\" data-aria-posinset=\"0\" data-aria-level=\"1\">E-Ticaret<span data-ccp-props=\"{&quot;134233279&quot;:true,&quot;201341983&quot;:0,&quot;335559739&quot;:160,&quot;335559740&quot;:240}\">\u00a0<\/span><\/li>\n<li data-leveltext=\"\uf0b7\" data-font=\"Symbol\" data-listid=\"1\" aria-setsize=\"-1\" data-aria-posinset=\"0\" data-aria-level=\"1\">Hukukta Bili\u015fim<span data-ccp-props=\"{&quot;134233279&quot;:true,&quot;201341983&quot;:0,&quot;335559739&quot;:160,&quot;335559740&quot;:240}\">\u00a0<\/span><\/li>\n<li data-leveltext=\"\uf0b7\" data-font=\"Symbol\" data-listid=\"1\" aria-setsize=\"-1\" data-aria-posinset=\"0\" data-aria-level=\"1\">\u0130\u015f Zek\u00e2s\u0131<span data-ccp-props=\"{&quot;134233279&quot;:true,&quot;201341983&quot;:0,&quot;335559739&quot;:160,&quot;335559740&quot;:240}\">\u00a0<\/span><\/li>\n<li data-leveltext=\"\uf0b7\" data-font=\"Symbol\" data-listid=\"1\" aria-setsize=\"-1\" data-aria-posinset=\"0\" data-aria-level=\"1\">Karar Destek Sistemleri<span data-ccp-props=\"{&quot;134233279&quot;:true,&quot;201341983&quot;:0,&quot;335559739&quot;:160,&quot;335559740&quot;:240}\">\u00a0<\/span><\/li>\n<li data-leveltext=\"\uf0b7\" data-font=\"Symbol\" data-listid=\"1\" aria-setsize=\"-1\" data-aria-posinset=\"0\" data-aria-level=\"1\">Kriptoloji,\u00a0Blockchain\u00a0ve Kripto Paralar<span data-ccp-props=\"{&quot;134233279&quot;:true,&quot;201341983&quot;:0,&quot;335559739&quot;:160,&quot;335559740&quot;:240}\">\u00a0<\/span><\/li>\n<li data-leveltext=\"\uf0b7\" data-font=\"Symbol\" data-listid=\"1\" aria-setsize=\"-1\" data-aria-posinset=\"0\" data-aria-level=\"1\">Makine \u00d6\u011frenmesi<span data-ccp-props=\"{&quot;134233279&quot;:true,&quot;201341983&quot;:0,&quot;335559739&quot;:160,&quot;335559740&quot;:240}\">\u00a0<\/span><\/li>\n<li data-leveltext=\"\uf0b7\" data-font=\"Symbol\" data-listid=\"1\" aria-setsize=\"-1\" data-aria-posinset=\"0\" data-aria-level=\"1\">Metin Madencili\u011fi<span data-ccp-props=\"{&quot;134233279&quot;:true,&quot;201341983&quot;:0,&quot;335559739&quot;:160,&quot;335559740&quot;:240}\">\u00a0<\/span><\/li>\n<li data-leveltext=\"\uf0b7\" data-font=\"Symbol\" data-listid=\"1\" aria-setsize=\"-1\" data-aria-posinset=\"0\" data-aria-level=\"1\">Mobil Sistemler, Mobil Ticaret<span data-ccp-props=\"{&quot;134233279&quot;:true,&quot;201341983&quot;:0,&quot;335559739&quot;:160,&quot;335559740&quot;:240}\">\u00a0<\/span><\/li>\n<li>Nesnelerin \u0130nterneti<span data-ccp-props=\"{&quot;134233279&quot;:true,&quot;201341983&quot;:0,&quot;335559739&quot;:160,&quot;335559740&quot;:240}\">\u00a0<\/span><\/li>\n<li>Sa\u011fl\u0131kta Bili\u015fim<span data-ccp-props=\"{&quot;134233279&quot;:true,&quot;201341983&quot;:0,&quot;335559739&quot;:160,&quot;335559740&quot;:240}\">\u00a0<\/span><\/li>\n<li>Sanal ve\u00a0Artt\u0131l\u0131lm\u0131\u015f\u00a0Ger\u00e7eklik<span data-ccp-props=\"{&quot;134233279&quot;:true,&quot;201341983&quot;:0,&quot;335559739&quot;:160,&quot;335559740&quot;:240}\">\u00a0<\/span><\/li>\n<li>Say\u0131sal U\u00e7urum ve Gelece\u011fin Toplumu<span data-ccp-props=\"{&quot;134233279&quot;:true,&quot;201341983&quot;:0,&quot;335559739&quot;:160,&quot;335559740&quot;:240}\">\u00a0<\/span><\/li>\n<li>Ses-G\u00f6r\u00fcnt\u00fc \u0130\u015flemleri<span data-ccp-props=\"{&quot;134233279&quot;:true,&quot;201341983&quot;:0,&quot;335559739&quot;:160,&quot;335559740&quot;:240}\">\u00a0<\/span><\/li>\n<li>Siber G\u00fcvenlik<span data-ccp-props=\"{&quot;134233279&quot;:true,&quot;201341983&quot;:0,&quot;335559739&quot;:160,&quot;335559740&quot;:240}\">\u00a0<\/span><\/li>\n<li>Sim\u00fclasyon Sistemleri<span data-ccp-props=\"{&quot;134233279&quot;:true,&quot;201341983&quot;:0,&quot;335559739&quot;:160,&quot;335559740&quot;:240}\">\u00a0<\/span><\/li>\n<li>Sistem Analizi ve Tasar\u0131m\u0131<span data-ccp-props=\"{&quot;134233279&quot;:true,&quot;201341983&quot;:0,&quot;335559739&quot;:160,&quot;335559740&quot;:240}\">\u00a0<\/span><\/li>\n<li>Sosyal Medya ve Sosyal A\u011flar<span data-ccp-props=\"{&quot;134233279&quot;:true,&quot;201341983&quot;:0,&quot;335559739&quot;:160,&quot;335559740&quot;:240}\">\u00a0<\/span><\/li>\n<li>Uzman Sistemler<span data-ccp-props=\"{&quot;134233279&quot;:true,&quot;201341983&quot;:0,&quot;335559739&quot;:160,&quot;335559740&quot;:240}\">\u00a0<\/span><\/li>\n<li>Veri Madencili\u011fi<span data-ccp-props=\"{&quot;134233279&quot;:true,&quot;201341983&quot;:0,&quot;335559739&quot;:160,&quot;335559740&quot;:240}\">\u00a0<\/span><\/li>\n<li>Veri ve Bilgi Y\u00f6netimi<span data-ccp-props=\"{&quot;134233279&quot;:true,&quot;201341983&quot;:0,&quot;335559739&quot;:160,&quot;335559740&quot;:240}\">\u00a0<\/span><\/li>\n<li>Yapay Sinir A\u011flar\u0131<span data-ccp-props=\"{&quot;134233279&quot;:true,&quot;201341983&quot;:0,&quot;335559739&quot;:160,&quot;335559740&quot;:240}\">\u00a0<\/span><\/li>\n<li>Yapay Zek\u00e2 Uygulamalar\u0131\u00a0<span data-ccp-props=\"{&quot;134233279&quot;:true,&quot;201341983&quot;:0,&quot;335559739&quot;:160,&quot;335559740&quot;:240}\">\u00a0<\/span><\/li>\n<li>Yapay\u00a0Zeka\u00a0ve Robot Teknolojileri\u00a0<span data-ccp-props=\"{&quot;134233279&quot;:true,&quot;201341983&quot;:0,&quot;335559739&quot;:160,&quot;335559740&quot;:240}\">\u00a0<\/span><\/li>\n<li>Y\u00f6netim Bili\u015fim Sistemleri<span data-ccp-props=\"{&quot;134233279&quot;:true,&quot;201341983&quot;:0,&quot;335559739&quot;:160,&quot;335559740&quot;:240}\">\u00a0<\/span><\/li>\n<\/ul>\n<p>Kongre ile ilgili t\u00fcm detaylar\u0131, konular\u0131, kay\u0131t ve kat\u0131l\u0131m bilgilerini, bildiri \u00f6zet ve tam metin k\u0131lavuzu vb. bir\u00e7ok bilgiyi\u00a0haz\u0131rlanmakta\u00a0olan\u00a0\u00a0www.istanbulbilisimkongresi.org.tr\u00a0\u00a0 Internet\u00a0sitesi\u00a0\u00fczerinde bulabilirsiniz.<span data-ccp-props=\"{&quot;134233117&quot;:true,&quot;134233118&quot;:true,&quot;201341983&quot;:0,&quot;335559739&quot;:0,&quot;335559740&quot;:240}\">\u00a0<\/span><\/p>\n<p>Soru ve \u00f6nerileriniz i\u00e7in\u00a0TBD \u0130stanbul \u015eubesi &lt;tbd-istanbul@tbd.org.tr&gt;\u00a0e-posta adresini kullanabilirsiniz.<span data-ccp-props=\"{&quot;134233117&quot;:true,&quot;134233118&quot;:true,&quot;201341983&quot;:0,&quot;335559739&quot;:0,&quot;335559740&quot;:240}\">\u00a0<\/span><\/p>\n<p><strong>Prof. Dr. M. Erdal BALABAN<\/strong><br \/>\n<strong>Kongre Akademik Kurul Ba\u015fkan\u0131\u00a0<\/strong><\/p>\n<p>\u00d6RNEK B\u0130LD\u0130R\u0130 \u015eABLONU<\/p>\n<p>B\u0130LD\u0130R\u0130 YAZIM KURALLARI<\/p>\n<p>TEL\u0130F HAKLARI DEV\u0130R ANLA\u015eMASI<br \/>\n[\/et_pb_text][\/et_pb_column][\/et_pb_row][\/et_pb_section]<\/p>\n","protected":false},"excerpt":{"rendered":"<p>12. \u0130STANBUL B\u0130L\u0130\u015e\u0130M KONGRES\u0130\u00a0 \u2013 \u0130BK-2018 Akademik Bildiri Kat\u0131l\u0131m \u00c7a\u011fr\u0131s\u0131 \u2013 1 Aral\u0131k 2018 \u2013 Kadir Has \u00dcniversitesi \u2013\u0130stanbul www.istanbulbilisimkongresi.org.tr\u00a0 \u00a01971 y\u0131l\u0131nda kurulan T\u00fcrkiye Bili\u015fim Derne\u011fi-TBD 47\u00a0y\u0131ld\u0131r faaliyetlerini s\u00fcrd\u00fcrmektedir. TBD \u0130stanbul \u015eubesi, 1998 y\u0131l\u0131ndan bu yana b\u00f6lgesinde kamu, \u00f6zel sekt\u00f6r, \u00dcniversite ve bili\u015fim \u00e7al\u0131\u015fanlar\u0131n\u0131n kat\u0131l\u0131m\u0131 ile 20 y\u0131ld\u0131r faaliyet g\u00f6stermektedir.\u00a0Onbe\u015f\u00a0bine yak\u0131n \u00fcyesi ve g\u00f6n\u00fcll\u00fcleri ile [&hellip;]<\/p>\n","protected":false},"author":2,"featured_media":0,"parent":0,"menu_order":0,"comment_status":"closed","ping_status":"closed","template":"","meta":{"_et_pb_use_builder":"on","_et_pb_old_content":"","_et_gb_content_width":"","footnotes":""},"class_list":["post-126","page","type-page","status-publish","hentry"],"amp_enabled":true,"_links":{"self":[{"href":"https:\/\/www.istanbulbilisimkongresi.org.tr\/2018\/wp-json\/wp\/v2\/pages\/126","targetHints":{"allow":["GET"]}}],"collection":[{"href":"https:\/\/www.istanbulbilisimkongresi.org.tr\/2018\/wp-json\/wp\/v2\/pages"}],"about":[{"href":"https:\/\/www.istanbulbilisimkongresi.org.tr\/2018\/wp-json\/wp\/v2\/types\/page"}],"author":[{"embeddable":true,"href":"https:\/\/www.istanbulbilisimkongresi.org.tr\/2018\/wp-json\/wp\/v2\/users\/2"}],"replies":[{"embeddable":true,"href":"https:\/\/www.istanbulbilisimkongresi.org.tr\/2018\/wp-json\/wp\/v2\/comments?post=126"}],"version-history":[{"count":2,"href":"https:\/\/www.istanbulbilisimkongresi.org.tr\/2018\/wp-json\/wp\/v2\/pages\/126\/revisions"}],"predecessor-version":[{"id":220,"href":"https:\/\/www.istanbulbilisimkongresi.org.tr\/2018\/wp-json\/wp\/v2\/pages\/126\/revisions\/220"}],"wp:attachment":[{"href":"https:\/\/www.istanbulbilisimkongresi.org.tr\/2018\/wp-json\/wp\/v2\/media?parent=126"}],"curies":[{"name":"wp","href":"https:\/\/api.w.org\/{rel}","templated":true}]}}