{"id":117,"date":"2019-07-04T16:51:43","date_gmt":"2019-07-04T13:51:43","guid":{"rendered":"http:\/\/www.istanbulbilisimkongresi.org.tr\/2018\/?page_id=117"},"modified":"2019-09-17T15:18:47","modified_gmt":"2019-09-17T12:18:47","slug":"kurullar","status":"publish","type":"page","link":"https:\/\/www.istanbulbilisimkongresi.org.tr\/2018\/kurullar\/","title":{"rendered":"Kurullar"},"content":{"rendered":"<p>[et_pb_section fb_built=&#8221;1&#8243; fullwidth=&#8221;on&#8221; _builder_version=&#8221;3.26.3&#8243;][et_pb_fullwidth_image _builder_version=&#8221;3.26.3&#8243; src=&#8221;http:\/\/www.istanbulbilisimkongresi.org.tr\/2018\/wp-content\/uploads\/sites\/2\/2019\/09\/ibk-2018-ust-tbd.jpg&#8221;][\/et_pb_fullwidth_image][\/et_pb_section][et_pb_section fb_built=&#8221;1&#8243; _builder_version=&#8221;3.22&#8243;][et_pb_row _builder_version=&#8221;3.25&#8243; background_size=&#8221;initial&#8221; background_position=&#8221;top_left&#8221; background_repeat=&#8221;repeat&#8221;][et_pb_column type=&#8221;4_4&#8243; _builder_version=&#8221;3.25&#8243; custom_padding=&#8221;|||&#8221; custom_padding__hover=&#8221;|||&#8221;][et_pb_text _builder_version=&#8221;3.0.74&#8243; background_size=&#8221;initial&#8221; background_position=&#8221;top_left&#8221; background_repeat=&#8221;repeat&#8221;]<\/p>\n<h3>ONUR KURULU<\/h3>\n<p><strong>Prof. Dr. Mustafa AYDIN<\/strong><br \/>\nKadir Has \u00dcniversitesi Rekt\u00f6r\u00fc<\/p>\n<p><strong>Rahmi Aktepe<\/strong><br \/>\nTBD Genel Ba\u015fkan\u0131<\/p>\n<h3>KONGRE BA\u015eKANLI\u011eI<\/h3>\n<p><strong>Deniz Tiryakio\u011flu<\/strong><br \/>\nTBD \u0130stanbul \u015eubesi Y\u00f6n. Kur. Ba\u015fkan\u0131<\/p>\n<p><strong>Yrd. Do\u00e7. Dr. Taner ARSAN<\/strong><br \/>\nKadir Has \u00dcniversitesi MDBF Dekan Yrd.<\/p>\n<h3>KONGRE Y\u00dcR\u00dcTME KURULU<\/h3>\n<p><strong>H\u00fcseyin Karaya\u011f\u0131z<\/strong><br \/>\nKongre Y\u00fcr\u00fctme Kurulu Ba\u015fkan\u0131, TBD Istanbul Y\u00f6netim Kurulu \u00dcyesi<\/p>\n<p><strong>Ahmet AYVALI<\/strong><br \/>\n\u0130dari Koordinat\u00f6r<\/p>\n<p><strong>Cahit CENG\u0130ZHAN<\/strong><br \/>\nKongre Y\u00fcr\u00fctme Kurulu \u00dcyesi<\/p>\n<p><strong>Tufan TEK\u0130N<\/strong><br \/>\nKongre Y\u00fcr\u00fctme Kurulu \u00dcyesi<\/p>\n<p><b>Ebru GAD\u0130\u015e<\/b><br \/>\nKongre Y\u00fcr\u00fctme Kurulu \u00dcyesi<\/p>\n<p><b>Yusuf AND\u0130C<\/b><br \/>\nKongre Y\u00fcr\u00fctme Kurulu \u00dcyesi<\/p>\n<p><strong>Can Da\u011fdelen<\/strong><br \/>\nSosyal Medya Sorumlusu[\/et_pb_text][\/et_pb_column][\/et_pb_row][\/et_pb_section]<\/p>\n","protected":false},"excerpt":{"rendered":"<p>ONUR KURULU Prof. Dr. Mustafa AYDIN Kadir Has \u00dcniversitesi Rekt\u00f6r\u00fc Rahmi Aktepe TBD Genel Ba\u015fkan\u0131 KONGRE BA\u015eKANLI\u011eI Deniz Tiryakio\u011flu TBD \u0130stanbul \u015eubesi Y\u00f6n. Kur. Ba\u015fkan\u0131 Yrd. Do\u00e7. Dr. Taner ARSAN Kadir Has \u00dcniversitesi MDBF Dekan Yrd. KONGRE Y\u00dcR\u00dcTME KURULU H\u00fcseyin Karaya\u011f\u0131z Kongre Y\u00fcr\u00fctme Kurulu Ba\u015fkan\u0131, TBD Istanbul Y\u00f6netim Kurulu \u00dcyesi Ahmet AYVALI \u0130dari Koordinat\u00f6r Cahit [&hellip;]<\/p>\n","protected":false},"author":2,"featured_media":0,"parent":0,"menu_order":0,"comment_status":"closed","ping_status":"closed","template":"","meta":{"_et_pb_use_builder":"on","_et_pb_old_content":"<h3>ONUR KURULU<\/h3>\r\n<strong>Prof. Dr. Mustafa AYDIN<\/strong>\r\nKadir Has \u00dcniversitesi Rekt\u00f6r\u00fc\r\n\r\n<strong>Rahmi Aktepe<\/strong>\r\nTBD Genel Ba\u015fkan\u0131\r\n<h3>KONGRE BA\u015eKANLI\u011eI<\/h3>\r\n<strong>Deniz Tiryakio\u011flu<\/strong>\r\nTBD \u0130stanbul \u015eubesi Y\u00f6n. Kur. Ba\u015fkan\u0131\r\n\r\n<strong>Yrd. Do\u00e7. Dr. Taner ARSAN<\/strong>\r\nKadir Has \u00dcniversitesi MDBF Dekan Yrd.\r\n<h3>KONGRE Y\u00dcR\u00dcTME KURULU<\/h3>\r\n<strong>H\u00fcseyin Karaya\u011f\u0131z<\/strong>\r\nKongre Y\u00fcr\u00fctme Kurulu Ba\u015fkan\u0131, TBD Istanbul Y\u00f6netim Kurulu \u00dcyesi\r\n\r\n<strong>Ahmet AYVALI<\/strong>\r\n\u0130dari Koordinat\u00f6r\r\n\r\n<strong>Cahit CENG\u0130ZHAN<\/strong>\r\nKongre Y\u00fcr\u00fctme Kurulu \u00dcyesi\r\n\r\n<strong>Tufan TEK\u0130N<\/strong>\r\nKongre Y\u00fcr\u00fctme Kurulu \u00dcyesi\r\n\r\n<b>Ebru GAD\u0130\u015e<\/b>\r\nKongre Y\u00fcr\u00fctme Kurulu \u00dcyesi\r\n\r\n<b>Yusuf AND\u0130C<\/b>\r\nKongre Y\u00fcr\u00fctme Kurulu \u00dcyesi\r\n\r\n<strong>Can Da\u011fdelen<\/strong>\r\nSosyal Medya Sorumlusu","_et_gb_content_width":"","footnotes":""},"class_list":["post-117","page","type-page","status-publish","hentry"],"amp_enabled":true,"_links":{"self":[{"href":"https:\/\/www.istanbulbilisimkongresi.org.tr\/2018\/wp-json\/wp\/v2\/pages\/117","targetHints":{"allow":["GET"]}}],"collection":[{"href":"https:\/\/www.istanbulbilisimkongresi.org.tr\/2018\/wp-json\/wp\/v2\/pages"}],"about":[{"href":"https:\/\/www.istanbulbilisimkongresi.org.tr\/2018\/wp-json\/wp\/v2\/types\/page"}],"author":[{"embeddable":true,"href":"https:\/\/www.istanbulbilisimkongresi.org.tr\/2018\/wp-json\/wp\/v2\/users\/2"}],"replies":[{"embeddable":true,"href":"https:\/\/www.istanbulbilisimkongresi.org.tr\/2018\/wp-json\/wp\/v2\/comments?post=117"}],"version-history":[{"count":3,"href":"https:\/\/www.istanbulbilisimkongresi.org.tr\/2018\/wp-json\/wp\/v2\/pages\/117\/revisions"}],"predecessor-version":[{"id":236,"href":"https:\/\/www.istanbulbilisimkongresi.org.tr\/2018\/wp-json\/wp\/v2\/pages\/117\/revisions\/236"}],"wp:attachment":[{"href":"https:\/\/www.istanbulbilisimkongresi.org.tr\/2018\/wp-json\/wp\/v2\/media?parent=117"}],"curies":[{"name":"wp","href":"https:\/\/api.w.org\/{rel}","templated":true}]}}