{"id":743,"date":"2017-12-18T15:00:34","date_gmt":"2017-12-18T13:00:34","guid":{"rendered":"http:\/\/www.istanbulbilisimkongresi.org.tr\/2017\/?page_id=743"},"modified":"2017-12-18T15:03:20","modified_gmt":"2017-12-18T13:03:20","slug":"sponsor-2","status":"publish","type":"page","link":"https:\/\/www.istanbulbilisimkongresi.org.tr\/2017\/sponsor-2\/","title":{"rendered":"Sponsorlar"},"content":{"rendered":"<p>[et_pb_section bb_built=&#8221;1&#8243; admin_label=&#8221;B\u00f6l\u00fcm&#8221; fullwidth=&#8221;on&#8221; specialty=&#8221;off&#8221;][et_pb_fullwidth_image admin_label=&#8221;Tam Geni\u015f Resim&#8221; _builder_version=&#8221;3.0.51&#8243; show_in_lightbox=&#8221;off&#8221; url_new_window=&#8221;off&#8221; src=&#8221;http:\/\/www.istanbulbilisimkongresi.org.tr\/2017\/wp-content\/uploads\/res21-1.jpg&#8221; use_overlay=&#8221;off&#8221; border_style=&#8221;solid&#8221; animation=&#8221;left&#8221; \/][\/et_pb_section][et_pb_section bb_built=&#8221;1&#8243; admin_label=&#8221;section&#8221;][et_pb_row admin_label=&#8221;row&#8221;][et_pb_column type=&#8221;4_4&#8243;][et_pb_image admin_label=&#8221;G\u00f6r\u00fcnt\u00fc&#8221; _builder_version=&#8221;3.0.51&#8243; show_in_lightbox=&#8221;off&#8221; url_new_window=&#8221;off&#8221; src=&#8221;http:\/\/www.istanbulbilisimkongresi.org.tr\/2017\/wp-content\/uploads\/SAYFA-7.jpg&#8221; sticky=&#8221;off&#8221; align=&#8221;left&#8221; always_center_on_mobile=&#8221;on&#8221; use_overlay=&#8221;off&#8221; border_style=&#8221;solid&#8221; force_fullwidth=&#8221;off&#8221; \/][\/et_pb_column][\/et_pb_row][\/et_pb_section]<\/p>\n","protected":false},"excerpt":{"rendered":"<p>[et_pb_section bb_built=&#8221;1&#8243; admin_label=&#8221;B\u00f6l\u00fcm&#8221; fullwidth=&#8221;on&#8221; specialty=&#8221;off&#8221;][et_pb_fullwidth_image admin_label=&#8221;Tam Geni\u015f Resim&#8221; _builder_version=&#8221;3.0.51&#8243; show_in_lightbox=&#8221;off&#8221; url_new_window=&#8221;off&#8221; src=&#8221;http:\/\/www.istanbulbilisimkongresi.org.tr\/2017\/wp-content\/uploads\/res21-1.jpg&#8221; use_overlay=&#8221;off&#8221; border_style=&#8221;solid&#8221; animation=&#8221;left&#8221; \/][\/et_pb_section][et_pb_section bb_built=&#8221;1&#8243; admin_label=&#8221;section&#8221;][et_pb_row admin_label=&#8221;row&#8221;][et_pb_column type=&#8221;4_4&#8243;][et_pb_image admin_label=&#8221;G\u00f6r\u00fcnt\u00fc&#8221; _builder_version=&#8221;3.0.51&#8243; show_in_lightbox=&#8221;off&#8221; url_new_window=&#8221;off&#8221; src=&#8221;http:\/\/www.istanbulbilisimkongresi.org.tr\/2017\/wp-content\/uploads\/SAYFA-7.jpg&#8221; sticky=&#8221;off&#8221; align=&#8221;left&#8221; always_center_on_mobile=&#8221;on&#8221; use_overlay=&#8221;off&#8221; border_style=&#8221;solid&#8221; force_fullwidth=&#8221;off&#8221; \/][\/et_pb_column][\/et_pb_row][\/et_pb_section]<\/p>\n","protected":false},"author":1,"featured_media":0,"parent":0,"menu_order":0,"comment_status":"closed","ping_status":"closed","template":"","meta":{"_et_pb_use_builder":"on","_et_pb_old_content":"","footnotes":""},"_links":{"self":[{"href":"https:\/\/www.istanbulbilisimkongresi.org.tr\/2017\/wp-json\/wp\/v2\/pages\/743"}],"collection":[{"href":"https:\/\/www.istanbulbilisimkongresi.org.tr\/2017\/wp-json\/wp\/v2\/pages"}],"about":[{"href":"https:\/\/www.istanbulbilisimkongresi.org.tr\/2017\/wp-json\/wp\/v2\/types\/page"}],"author":[{"embeddable":true,"href":"https:\/\/www.istanbulbilisimkongresi.org.tr\/2017\/wp-json\/wp\/v2\/users\/1"}],"replies":[{"embeddable":true,"href":"https:\/\/www.istanbulbilisimkongresi.org.tr\/2017\/wp-json\/wp\/v2\/comments?post=743"}],"version-history":[{"count":4,"href":"https:\/\/www.istanbulbilisimkongresi.org.tr\/2017\/wp-json\/wp\/v2\/pages\/743\/revisions"}],"predecessor-version":[{"id":764,"href":"https:\/\/www.istanbulbilisimkongresi.org.tr\/2017\/wp-json\/wp\/v2\/pages\/743\/revisions\/764"}],"wp:attachment":[{"href":"https:\/\/www.istanbulbilisimkongresi.org.tr\/2017\/wp-json\/wp\/v2\/media?parent=743"}],"curies":[{"name":"wp","href":"https:\/\/api.w.org\/{rel}","templated":true}]}}