{"id":101,"date":"2017-08-10T14:44:41","date_gmt":"2017-08-10T11:44:41","guid":{"rendered":"http:\/\/www.istanbulbilisimkongresi.org.tr\/2017\/?page_id=101"},"modified":"2017-11-28T13:03:48","modified_gmt":"2017-11-28T11:03:48","slug":"ana-sayfa","status":"publish","type":"page","link":"https:\/\/www.istanbulbilisimkongresi.org.tr\/2017\/","title":{"rendered":"Ana Sayfa"},"content":{"rendered":"<p>[et_pb_section bb_built=&#8221;1&#8243; admin_label=&#8221;section&#8221; _builder_version=&#8221;3.0.51&#8243; background_color=&#8221;#d6d6d6&#8243; background_image=&#8221;http:\/\/www.istanbulbilisimkongresi.org.tr\/2017\/wp-content\/uploads\/technology-2.jpg&#8221;][et_pb_row admin_label=&#8221;row&#8221; background_position=&#8221;top_left&#8221; background_repeat=&#8221;repeat&#8221; background_size=&#8221;initial&#8221; _builder_version=&#8221;3.0.51&#8243;][et_pb_column type=&#8221;4_4&#8243;][et_pb_image admin_label=&#8221;G\u00f6r\u00fcnt\u00fc&#8221; _builder_version=&#8221;3.0.51&#8243; show_in_lightbox=&#8221;off&#8221; url_new_window=&#8221;off&#8221; src=&#8221;http:\/\/www.istanbulbilisimkongresi.org.tr\/2017\/wp-content\/uploads\/Sunu1.jpg&#8221; sticky=&#8221;off&#8221; align=&#8221;center&#8221; always_center_on_mobile=&#8221;on&#8221; use_overlay=&#8221;off&#8221; border_style=&#8221;solid&#8221; force_fullwidth=&#8221;off&#8221; \/][\/et_pb_column][\/et_pb_row][\/et_pb_section]<\/p>\n","protected":false},"excerpt":{"rendered":"<p>[et_pb_section bb_built=&#8221;1&#8243; admin_label=&#8221;section&#8221; _builder_version=&#8221;3.0.51&#8243; background_color=&#8221;#d6d6d6&#8243; background_image=&#8221;http:\/\/www.istanbulbilisimkongresi.org.tr\/2017\/wp-content\/uploads\/technology-2.jpg&#8221;][et_pb_row admin_label=&#8221;row&#8221; background_position=&#8221;top_left&#8221; background_repeat=&#8221;repeat&#8221; background_size=&#8221;initial&#8221; _builder_version=&#8221;3.0.51&#8243;][et_pb_column type=&#8221;4_4&#8243;][et_pb_image admin_label=&#8221;G\u00f6r\u00fcnt\u00fc&#8221; _builder_version=&#8221;3.0.51&#8243; show_in_lightbox=&#8221;off&#8221; url_new_window=&#8221;off&#8221; src=&#8221;http:\/\/www.istanbulbilisimkongresi.org.tr\/2017\/wp-content\/uploads\/Sunu1.jpg&#8221; sticky=&#8221;off&#8221; align=&#8221;center&#8221; always_center_on_mobile=&#8221;on&#8221; use_overlay=&#8221;off&#8221; border_style=&#8221;solid&#8221; force_fullwidth=&#8221;off&#8221; \/][\/et_pb_column][\/et_pb_row][\/et_pb_section]<\/p>\n","protected":false},"author":2,"featured_media":329,"parent":0,"menu_order":0,"comment_status":"closed","ping_status":"closed","template":"","meta":{"_et_pb_use_builder":"on","_et_pb_old_content":"","footnotes":""},"_links":{"self":[{"href":"https:\/\/www.istanbulbilisimkongresi.org.tr\/2017\/wp-json\/wp\/v2\/pages\/101"}],"collection":[{"href":"https:\/\/www.istanbulbilisimkongresi.org.tr\/2017\/wp-json\/wp\/v2\/pages"}],"about":[{"href":"https:\/\/www.istanbulbilisimkongresi.org.tr\/2017\/wp-json\/wp\/v2\/types\/page"}],"author":[{"embeddable":true,"href":"https:\/\/www.istanbulbilisimkongresi.org.tr\/2017\/wp-json\/wp\/v2\/users\/2"}],"replies":[{"embeddable":true,"href":"https:\/\/www.istanbulbilisimkongresi.org.tr\/2017\/wp-json\/wp\/v2\/comments?post=101"}],"version-history":[{"count":12,"href":"https:\/\/www.istanbulbilisimkongresi.org.tr\/2017\/wp-json\/wp\/v2\/pages\/101\/revisions"}],"predecessor-version":[{"id":575,"href":"https:\/\/www.istanbulbilisimkongresi.org.tr\/2017\/wp-json\/wp\/v2\/pages\/101\/revisions\/575"}],"wp:featuredmedia":[{"embeddable":true,"href":"https:\/\/www.istanbulbilisimkongresi.org.tr\/2017\/wp-json\/wp\/v2\/media\/329"}],"wp:attachment":[{"href":"https:\/\/www.istanbulbilisimkongresi.org.tr\/2017\/wp-json\/wp\/v2\/media?parent=101"}],"curies":[{"name":"wp","href":"https:\/\/api.w.org\/{rel}","templated":true}]}}