{"id":87,"date":"2017-08-10T14:21:10","date_gmt":"2017-08-10T11:21:10","guid":{"rendered":"http:\/\/www.istanbulbilisimkongresi.org.tr\/2017\/?page_id=87"},"modified":"2017-11-29T22:54:44","modified_gmt":"2017-11-29T20:54:44","slug":"program","status":"publish","type":"page","link":"http:\/\/www.istanbulbilisimkongresi.org.tr\/2017\/program\/","title":{"rendered":"Program"},"content":{"rendered":"<p>[et_pb_section bb_built=&#8221;1&#8243; admin_label=&#8221;B\u00f6l\u00fcm&#8221; fullwidth=&#8221;on&#8221; specialty=&#8221;off&#8221;][et_pb_fullwidth_image admin_label=&#8221;Tam Geni\u015f Resim&#8221; _builder_version=&#8221;3.0.51&#8243; show_in_lightbox=&#8221;off&#8221; url_new_window=&#8221;off&#8221; src=&#8221;http:\/\/www.istanbulbilisimkongresi.org.tr\/2017\/wp-content\/uploads\/res21-1.jpg&#8221; use_overlay=&#8221;off&#8221; border_style=&#8221;solid&#8221; animation=&#8221;left&#8221; \/][\/et_pb_section][et_pb_section bb_built=&#8221;1&#8243; admin_label=&#8221;section&#8221;][et_pb_row admin_label=&#8221;row&#8221; background_position=&#8221;top_left&#8221; background_repeat=&#8221;repeat&#8221; background_size=&#8221;initial&#8221;][et_pb_column type=&#8221;2_3&#8243;][et_pb_image admin_label=&#8221;G\u00f6r\u00fcnt\u00fc&#8221; _builder_version=&#8221;3.0.51&#8243; show_in_lightbox=&#8221;off&#8221; url_new_window=&#8221;off&#8221; src=&#8221;http:\/\/www.istanbulbilisimkongresi.org.tr\/2017\/wp-content\/uploads\/PANO1-copy.jpg&#8221; sticky=&#8221;off&#8221; align=&#8221;left&#8221; always_center_on_mobile=&#8221;on&#8221; use_overlay=&#8221;off&#8221; border_style=&#8221;solid&#8221; force_fullwidth=&#8221;off&#8221; \/][\/et_pb_column][et_pb_column type=&#8221;1_3&#8243;][et_pb_text admin_label=&#8221;Metin&#8221; background_position=&#8221;top_left&#8221; background_repeat=&#8221;repeat&#8221; background_size=&#8221;initial&#8221; _builder_version=&#8221;3.0.51&#8243; background_layout=&#8221;light&#8221; text_orientation=&#8221;left&#8221; border_style=&#8221;solid&#8221;]<\/p>\n<p style=\"text-align: left;\"><span style=\"color: #000000;\"><strong>09:30 &#8211; 10:30\u00a0 B\u00fcy\u00fck Salon<\/strong><\/span><\/p>\n<p style=\"text-align: left;\"><span style=\"color: #000000;\"><strong>\u00a0\u00a0<\/strong><\/span><a href=\"http:\/\/www.istanbulbilisimkongresi.org.tr\/2017\/program\/acilis-konusmalari\/\"><strong>A\u00e7\u0131l\u0131\u015f Konu\u015fmalar\u0131<\/strong><\/a><\/p>\n<p><span style=\"color: #000000;\"><strong>10:30 &#8211; 11:00\u00a0<\/strong><\/span> <strong><span style=\"color: #000000;\">B\u00fcy\u00fck Salon\u00a0<\/span><span style=\"color: #000000;\">Davetli Konu\u015fmac\u0131:<\/span><\/strong><\/p>\n<p><strong><a href=\"http:\/\/www.istanbulbilisimkongresi.org.tr\/2017\/program\/gelecekteki-sektorler-ve-islerimiz\/\">Eray Y\u00fcksek<\/a>,\u00a0 <\/strong><span style=\"color: #000000;\"><span style=\"color: #333333;\"><strong>F\u00fct\u00fcristler Derne\u011fi Ba\u015fkan\u0131:<\/strong><\/span><\/span><\/p>\n<p><span style=\"color: #000000;\"> &#8220;<\/span><strong><a href=\"http:\/\/www.istanbulbilisimkongresi.org.tr\/2017\/program\/gelecekteki-sektorler-ve-islerimiz\/\">Gelecekteki Sekt\u00f6rler ve \u0130\u015flerimiz<\/a>&#8220;<\/strong><\/p>\n<p><strong><span style=\"color: #000000;\">11:30 &#8211; 12:30\u00a0 B\u00fcy\u00fck Salon<\/span><\/strong><br \/>\n<strong><span style=\"color: #000000;\">Sponsor Sunumlar\u0131:<\/span> <\/strong><\/p>\n<p><strong><a href=\"http:\/\/www.istanbulbilisimkongresi.org.tr\/2017\/program\/veri-odakli-e-donusumun-neresindeyiz\/\">Veri Odakl\u0131 E-D\u00f6n\u00fc\u015f\u00fcm\u00fcn Neresindeyiz?<\/a><\/strong><\/p>\n<p><strong><span style=\"color: #000000;\">14:00 &#8211; 15:00\u00a0 Sinema A Salonu<\/span><\/strong><br \/>\n<a href=\"http:\/\/www.istanbulbilisimkongresi.org.tr\/2017\/program\/e-donusum-e-devlet-e-vatandas-e-sirket-e-imza-ve-e-kobi\/\"><strong>E-D\u00f6n\u00fc\u015f\u00fcm Paneli: e-Devlet, e-Vatanda\u015f, e-\u015eirket, e-\u0130mza ve e-Kobi<\/strong><\/a><\/p>\n<p><span style=\"color: #000000;\"><strong>14:00 &#8211; 15:00\u00a0 Sinema B Salonu<\/strong><\/span><br \/>\n<a href=\"http:\/\/www.istanbulbilisimkongresi.org.tr\/2017\/program\/verinin-guvenli-sunulmasi-bulut-tabanli-hizmet-ve-servisler\/\"><strong>Verinin G\u00fcvenli Sunulmas\u0131 Paneli : Bulut Tabanl\u0131 Hizmet ve Servisler<\/strong><\/a><\/p>\n<p><strong><span style=\"color: #000000;\">15:20 &#8211; 16:30\u00a0 Sinema A Salonu<\/span><\/strong><br \/>\n<a href=\"http:\/\/www.istanbulbilisimkongresi.org.tr\/2017\/program\/veri-madenciligi-is-zekasi-veri-analitigi-ve-buyuk-veri-yonetiminden-e-donusume-katki\/\"><strong>Veri Madencili\u011fi Paneli : \u0130\u015f Zekas\u0131, Veri Analiti\u011fi ve B\u00fcy\u00fck Veri Y\u00f6netiminden e-D\u00f6n\u00fc\u015f\u00fcme katk\u0131<\/strong><\/a><\/p>\n<p><strong><span style=\"color: #000000;\">15:20 &#8211; 16:30\u00a0 Sinema B Salonu<\/span><\/strong><br \/>\n<a href=\"http:\/\/www.istanbulbilisimkongresi.org.tr\/2017\/program\/sanayi-4-0-veri-her-yerden-geliyor-sehirler-evler-arabalar-pc-notebook-mobil\/\"><strong>Sanayi 4.0 Paneli : Veri Her Yerden Geliyor &#8211; \u015eehirler, Evler, Arabalar, PC, Notebook, Mobil<\/strong><\/a><\/p>\n<p><strong><span style=\"color: #000000;\">16:45 &#8211; 17:45\u00a0 Sinema A Salonu<\/span><\/strong><br \/>\n<a href=\"http:\/\/www.istanbulbilisimkongresi.org.tr\/2017\/program\/turk-modeli-girisimcilik-ve-yatirimcilik\/\"><strong>T\u00fcrk Modeli Giri\u015fimcilik ve Yat\u0131r\u0131mc\u0131l\u0131k<\/strong><\/a><\/p>\n<p><strong><span style=\"color: #000000;\">16:45 &#8211; 17:45\u00a0 Sinema B Salonu<\/span><\/strong><br \/>\n<a href=\"http:\/\/www.istanbulbilisimkongresi.org.tr\/2017\/program\/blockchain-bitcoin-ve-e-para-e-para-yeni-finansal-sistemler-regulasyonlar\/\"><strong>Blockchain, Bitcoin ve E-para: e-Para, Yeni Finansal Sistemler, Reg\u00fclasyonlar<\/strong><\/a><\/p>\n<p>[\/et_pb_text][\/et_pb_column][\/et_pb_row][\/et_pb_section]<\/p>\n","protected":false},"excerpt":{"rendered":"<p>[et_pb_section bb_built=&#8221;1&#8243; admin_label=&#8221;B\u00f6l\u00fcm&#8221; fullwidth=&#8221;on&#8221; specialty=&#8221;off&#8221;][et_pb_fullwidth_image admin_label=&#8221;Tam Geni\u015f Resim&#8221; _builder_version=&#8221;3.0.51&#8243; show_in_lightbox=&#8221;off&#8221; url_new_window=&#8221;off&#8221; src=&#8221;http:\/\/www.istanbulbilisimkongresi.org.tr\/2017\/wp-content\/uploads\/res21-1.jpg&#8221; use_overlay=&#8221;off&#8221; border_style=&#8221;solid&#8221; animation=&#8221;left&#8221; \/][\/et_pb_section][et_pb_section bb_built=&#8221;1&#8243; admin_label=&#8221;section&#8221;][et_pb_row admin_label=&#8221;row&#8221; background_position=&#8221;top_left&#8221; background_repeat=&#8221;repeat&#8221; background_size=&#8221;initial&#8221;][et_pb_column type=&#8221;2_3&#8243;][et_pb_image admin_label=&#8221;G\u00f6r\u00fcnt\u00fc&#8221; _builder_version=&#8221;3.0.51&#8243; show_in_lightbox=&#8221;off&#8221; url_new_window=&#8221;off&#8221; src=&#8221;http:\/\/www.istanbulbilisimkongresi.org.tr\/2017\/wp-content\/uploads\/PANO1-copy.jpg&#8221; sticky=&#8221;off&#8221; align=&#8221;left&#8221; always_center_on_mobile=&#8221;on&#8221; use_overlay=&#8221;off&#8221; border_style=&#8221;solid&#8221; force_fullwidth=&#8221;off&#8221; \/][\/et_pb_column][et_pb_column type=&#8221;1_3&#8243;][et_pb_text admin_label=&#8221;Metin&#8221; background_position=&#8221;top_left&#8221; background_repeat=&#8221;repeat&#8221; background_size=&#8221;initial&#8221; _builder_version=&#8221;3.0.51&#8243; background_layout=&#8221;light&#8221; text_orientation=&#8221;left&#8221; border_style=&#8221;solid&#8221;] 09:30 &#8211; 10:30\u00a0 B\u00fcy\u00fck Salon \u00a0\u00a0A\u00e7\u0131l\u0131\u015f Konu\u015fmalar\u0131 10:30 &#8211; 11:00\u00a0 B\u00fcy\u00fck [&hellip;]<\/p>\n","protected":false},"author":2,"featured_media":0,"parent":0,"menu_order":0,"comment_status":"closed","ping_status":"closed","template":"","meta":{"_et_pb_use_builder":"on","_et_pb_old_content":"<p style=\"text-align: left;\">09:30 - 10:30\u00a0 B\u00fcy\u00fck Salon<br \/> <strong>A\u00e7\u0131l\u0131\u015f Konu\u015fmalar\u0131<\/strong><\/p><p>10:30 - 11:00\u00a0 B\u00fcy\u00fck Salon<br \/> <strong>Davetli Konu\u015fmac\u0131: Eray Y\u00fcksek,\u00a0 F\u00fct\u00fcristler Derne\u011fi Ba\u015fkan\u0131: \"Gelecekteki Sekt\u00f6rler ve \u0130\u015flerimiz\"<\/strong><\/p><p>11:30 - 12:30\u00a0 B\u00fcy\u00fck Salon<br \/> <strong>Sponsor Sunumlar\u0131: Veri Odakl\u0131 E-D\u00f6n\u00fc\u015f\u00fcm\u00fcn Neresindeyiz?<\/strong><\/p><p>14:00 - 15:00\u00a0 Sinema A Salonu<br \/> <strong>E-D\u00f6n\u00fc\u015f\u00fcm: e-Devlet, e-Vatanda\u015f, e-\u015eirket, e-\u0130mza ve e-Kobi<\/strong><\/p><p>14:00 - 15:00\u00a0 Sinema B Salonu<br \/> <strong>Verinin G\u00fcvenli Sunulmas\u0131: Bulut Tabanl\u0131 Hizmet ve Servisler<\/strong><\/p><p>15:20 - 16:30\u00a0 Sinema A Salonu<br \/> <strong>Veri Madencili\u011fi, \u0130\u015f Zekas\u0131, Veri Analiti\u011fi ve B\u00fcy\u00fck Veri Y\u00f6netiminden e-D\u00f6n\u00fc\u015f\u00fcme katk\u0131<\/strong><\/p><p>15:20 - 16:30\u00a0 Sinema B Salonu<br \/> <strong>Sanayi 4.0: Veri Her Yerden Geliyor - \u015eehirler, Evler, Arabalar, PC, Notebook, Mobil<\/strong><\/p><p>16:45 - 17:45\u00a0 Sinema A Salonu<br \/> <strong>T\u00fcrk Modeli Giri\u015fimcilik ve Yat\u0131r\u0131mc\u0131l\u0131k<\/strong><\/p><p>16:45 - 17:45\u00a0 Sinema B Salonu<br \/> <strong>Blockchain, Bitcoin ve E-para: e-Para, Yeni Finansal Sistemler, Reg\u00fclasyonlar<\/strong><\/p>","footnotes":""},"_links":{"self":[{"href":"http:\/\/www.istanbulbilisimkongresi.org.tr\/2017\/wp-json\/wp\/v2\/pages\/87"}],"collection":[{"href":"http:\/\/www.istanbulbilisimkongresi.org.tr\/2017\/wp-json\/wp\/v2\/pages"}],"about":[{"href":"http:\/\/www.istanbulbilisimkongresi.org.tr\/2017\/wp-json\/wp\/v2\/types\/page"}],"author":[{"embeddable":true,"href":"http:\/\/www.istanbulbilisimkongresi.org.tr\/2017\/wp-json\/wp\/v2\/users\/2"}],"replies":[{"embeddable":true,"href":"http:\/\/www.istanbulbilisimkongresi.org.tr\/2017\/wp-json\/wp\/v2\/comments?post=87"}],"version-history":[{"count":17,"href":"http:\/\/www.istanbulbilisimkongresi.org.tr\/2017\/wp-json\/wp\/v2\/pages\/87\/revisions"}],"predecessor-version":[{"id":422,"href":"http:\/\/www.istanbulbilisimkongresi.org.tr\/2017\/wp-json\/wp\/v2\/pages\/87\/revisions\/422"}],"wp:attachment":[{"href":"http:\/\/www.istanbulbilisimkongresi.org.tr\/2017\/wp-json\/wp\/v2\/media?parent=87"}],"curies":[{"name":"wp","href":"https:\/\/api.w.org\/{rel}","templated":true}]}}