{"id":493,"date":"2017-11-21T15:07:00","date_gmt":"2017-11-21T13:07:00","guid":{"rendered":"http:\/\/www.istanbulbilisimkongresi.org.tr\/2017\/?page_id=493"},"modified":"2017-11-30T15:37:17","modified_gmt":"2017-11-30T13:37:17","slug":"sanayi-4-0-veri-her-yerden-geliyor-sehirler-evler-arabalar-pc-notebook-mobil","status":"publish","type":"page","link":"http:\/\/www.istanbulbilisimkongresi.org.tr\/2017\/program\/sanayi-4-0-veri-her-yerden-geliyor-sehirler-evler-arabalar-pc-notebook-mobil\/","title":{"rendered":"Sanayi 4.0: Veri Her Yerden Geliyor &#8211; \u015eehirler, Evler, Arabalar, PC, Notebook, Mobil"},"content":{"rendered":"<p>[et_pb_section bb_built=&#8221;1&#8243; admin_label=&#8221;section&#8221; _builder_version=&#8221;3.0.51&#8243; use_background_color_gradient=&#8221;on&#8221; background_color_gradient_start=&#8221;rgba(138,154,163,0.52)&#8221; background_color_gradient_end=&#8221;rgba(119,149,155,0.32)&#8221;][et_pb_row admin_label=&#8221;row&#8221; background_position=&#8221;top_left&#8221; background_repeat=&#8221;repeat&#8221; background_size=&#8221;initial&#8221;][et_pb_column type=&#8221;1_3&#8243;][et_pb_text admin_label=&#8221;Metin&#8221; _builder_version=&#8221;3.0.51&#8243; background_layout=&#8221;light&#8221; text_orientation=&#8221;left&#8221; border_style=&#8221;solid&#8221;]<\/p>\n<p><strong><span style=\"color: #000000;\">Sanayi 4.0: Veri Her Yerden Geliyor &#8211; \u015eehirler, Evler, Arabalar, PC, Notebook, Mobil<\/span><\/strong><\/p>\n<p><span style=\"color: #000000;\">Moderat\u00f6r: Polat Kutnay<\/span> TBD \u0130stanbul \u015eubesi Kurucu Ba\u015fkan<\/p>\n<p>Panelistler<\/p>\n<ul>\n<li><span style=\"color: #000000;\">Emre Alaman,<\/span> HP T\u00fcrkiye Kanal Sat\u0131\u015f Direkt\u00f6r\u00fc<\/li>\n<li><span style=\"color: #000000;\">Dr. Sema Dumanl\u0131,<\/span> T.C. Sa\u011fl\u0131k Bakanl\u0131\u011f\u0131, Dan\u0131\u015fman<\/li>\n<li><span style=\"color: #000000;\">Prof. Dr. Gonca Telli<\/span>, Maltepe \u00dcniversitesi<\/li>\n<li><span style=\"color: #000000;\">\u00d6mer \u00c7\u0131tak<\/span>, BI Technology Teknik Sat\u0131\u015f Lideri<\/li>\n<\/ul>\n<p>[\/et_pb_text][\/et_pb_column][et_pb_column type=&#8221;2_3&#8243;][et_pb_image admin_label=&#8221;G\u00f6r\u00fcnt\u00fc&#8221; _builder_version=&#8221;3.0.51&#8243; show_in_lightbox=&#8221;off&#8221; url_new_window=&#8221;off&#8221; src=&#8221;http:\/\/www.istanbulbilisimkongresi.org.tr\/2017\/wp-content\/uploads\/sana\u013140.jpg&#8221; sticky=&#8221;off&#8221; align=&#8221;left&#8221; always_center_on_mobile=&#8221;on&#8221; use_overlay=&#8221;off&#8221; border_style=&#8221;solid&#8221; force_fullwidth=&#8221;off&#8221; \/][\/et_pb_column][\/et_pb_row][\/et_pb_section]<\/p>\n","protected":false},"excerpt":{"rendered":"<p>[et_pb_section bb_built=&#8221;1&#8243; admin_label=&#8221;section&#8221; _builder_version=&#8221;3.0.51&#8243; use_background_color_gradient=&#8221;on&#8221; background_color_gradient_start=&#8221;rgba(138,154,163,0.52)&#8221; background_color_gradient_end=&#8221;rgba(119,149,155,0.32)&#8221;][et_pb_row admin_label=&#8221;row&#8221; background_position=&#8221;top_left&#8221; background_repeat=&#8221;repeat&#8221; background_size=&#8221;initial&#8221;][et_pb_column type=&#8221;1_3&#8243;][et_pb_text admin_label=&#8221;Metin&#8221; _builder_version=&#8221;3.0.51&#8243; background_layout=&#8221;light&#8221; text_orientation=&#8221;left&#8221; border_style=&#8221;solid&#8221;] Sanayi 4.0: Veri Her Yerden Geliyor &#8211; \u015eehirler, Evler, Arabalar, PC, Notebook, Mobil Moderat\u00f6r: Polat Kutnay TBD \u0130stanbul \u015eubesi Kurucu Ba\u015fkan Panelistler Emre Alaman, HP T\u00fcrkiye Kanal Sat\u0131\u015f Direkt\u00f6r\u00fc Dr. Sema Dumanl\u0131, T.C. Sa\u011fl\u0131k Bakanl\u0131\u011f\u0131, Dan\u0131\u015fman Prof. Dr. [&hellip;]<\/p>\n","protected":false},"author":1,"featured_media":0,"parent":87,"menu_order":0,"comment_status":"closed","ping_status":"closed","template":"","meta":{"_et_pb_use_builder":"on","_et_pb_old_content":"<p><strong>Sanayi 4.0: Veri Her Yerden Geliyor - \u015eehirler, Evler, Arabalar, PC, Notebook, Mobil<br \/> <\/strong>Moderat\u00f6r: Polat Kutnay<\/p><p>Panelistler<\/p><ul><li>Emre Alaman, HP<\/li><li>Dr. Sema Dumanl\u0131, T.C. Sa\u011fl\u0131k Bakanl\u0131\u011f\u0131, Dan\u0131\u015fman<\/li><li>Prof. Dr. Gonca Telli, Maltepe \u00dcniversitesi<\/li><\/ul>","footnotes":""},"_links":{"self":[{"href":"http:\/\/www.istanbulbilisimkongresi.org.tr\/2017\/wp-json\/wp\/v2\/pages\/493"}],"collection":[{"href":"http:\/\/www.istanbulbilisimkongresi.org.tr\/2017\/wp-json\/wp\/v2\/pages"}],"about":[{"href":"http:\/\/www.istanbulbilisimkongresi.org.tr\/2017\/wp-json\/wp\/v2\/types\/page"}],"author":[{"embeddable":true,"href":"http:\/\/www.istanbulbilisimkongresi.org.tr\/2017\/wp-json\/wp\/v2\/users\/1"}],"replies":[{"embeddable":true,"href":"http:\/\/www.istanbulbilisimkongresi.org.tr\/2017\/wp-json\/wp\/v2\/comments?post=493"}],"version-history":[{"count":10,"href":"http:\/\/www.istanbulbilisimkongresi.org.tr\/2017\/wp-json\/wp\/v2\/pages\/493\/revisions"}],"predecessor-version":[{"id":618,"href":"http:\/\/www.istanbulbilisimkongresi.org.tr\/2017\/wp-json\/wp\/v2\/pages\/493\/revisions\/618"}],"up":[{"embeddable":true,"href":"http:\/\/www.istanbulbilisimkongresi.org.tr\/2017\/wp-json\/wp\/v2\/pages\/87"}],"wp:attachment":[{"href":"http:\/\/www.istanbulbilisimkongresi.org.tr\/2017\/wp-json\/wp\/v2\/media?parent=493"}],"curies":[{"name":"wp","href":"https:\/\/api.w.org\/{rel}","templated":true}]}}