{"id":489,"date":"2017-11-21T15:06:05","date_gmt":"2017-11-21T13:06:05","guid":{"rendered":"http:\/\/www.istanbulbilisimkongresi.org.tr\/2017\/?page_id=489"},"modified":"2017-11-30T15:15:51","modified_gmt":"2017-11-30T13:15:51","slug":"verinin-guvenli-sunulmasi-bulut-tabanli-hizmet-ve-servisler","status":"publish","type":"page","link":"http:\/\/www.istanbulbilisimkongresi.org.tr\/2017\/program\/verinin-guvenli-sunulmasi-bulut-tabanli-hizmet-ve-servisler\/","title":{"rendered":"Verinin G\u00fcvenli Sunulmas\u0131: Bulut Tabanl\u0131 Hizmet ve Servisler"},"content":{"rendered":"<p>[et_pb_section bb_built=&#8221;1&#8243; admin_label=&#8221;section&#8221; _builder_version=&#8221;3.0.51&#8243; use_background_color_gradient=&#8221;on&#8221; background_color_gradient_start=&#8221;rgba(158,158,158,0.16)&#8221; background_color_gradient_end=&#8221;rgba(150,190,206,0.52)&#8221;][et_pb_row admin_label=&#8221;row&#8221; background_position=&#8221;top_left&#8221; background_repeat=&#8221;repeat&#8221; background_size=&#8221;initial&#8221;][et_pb_column type=&#8221;1_3&#8243;][et_pb_text admin_label=&#8221;Metin&#8221; background_position=&#8221;top_left&#8221; background_repeat=&#8221;repeat&#8221; background_size=&#8221;initial&#8221;]<\/p>\n<p><strong>Verinin G\u00fcvenli Sunulmas\u0131: Bulut Tabanl\u0131 Hizmet ve Servisler<\/strong><\/p>\n<p>Moderat\u00f6r: Yrd. Do\u00e7. Dr. Taner Arsan, Kadir Has \u00dcnv. M\u00fch. Fak\u00fcltesi Dekan Yrd.<\/p>\n<p>Panelistler<\/p>\n<ul>\n<li>Serdar Yal\u00e7\u0131n, Fortinet T\u00fcrkiye \u00dclke M\u00fcd\u00fcr\u00fc<\/li>\n<li>Murat Demirel, Assista Genel M\u00fcd\u00fcr\u00fc<\/li>\n<li>Murat Lostar, Lostar A.\u015e. Genel M\u00fcd\u00fcr\u00fc<\/li>\n<\/ul>\n<p>[\/et_pb_text][\/et_pb_column][et_pb_column type=&#8221;2_3&#8243;][et_pb_image admin_label=&#8221;G\u00f6r\u00fcnt\u00fc&#8221; _builder_version=&#8221;3.0.51&#8243; show_in_lightbox=&#8221;off&#8221; url_new_window=&#8221;off&#8221; src=&#8221;http:\/\/www.istanbulbilisimkongresi.org.tr\/2017\/wp-content\/uploads\/Veri-G\u00fcvenligi.jpg&#8221; sticky=&#8221;off&#8221; align=&#8221;left&#8221; always_center_on_mobile=&#8221;on&#8221; use_overlay=&#8221;off&#8221; border_style=&#8221;solid&#8221; force_fullwidth=&#8221;off&#8221; \/][\/et_pb_column][\/et_pb_row][\/et_pb_section]<\/p>\n","protected":false},"excerpt":{"rendered":"<p>[et_pb_section bb_built=&#8221;1&#8243; admin_label=&#8221;section&#8221; _builder_version=&#8221;3.0.51&#8243; use_background_color_gradient=&#8221;on&#8221; background_color_gradient_start=&#8221;rgba(158,158,158,0.16)&#8221; background_color_gradient_end=&#8221;rgba(150,190,206,0.52)&#8221;][et_pb_row admin_label=&#8221;row&#8221; background_position=&#8221;top_left&#8221; background_repeat=&#8221;repeat&#8221; background_size=&#8221;initial&#8221;][et_pb_column type=&#8221;1_3&#8243;][et_pb_text admin_label=&#8221;Metin&#8221; background_position=&#8221;top_left&#8221; background_repeat=&#8221;repeat&#8221; background_size=&#8221;initial&#8221;] Verinin G\u00fcvenli Sunulmas\u0131: Bulut Tabanl\u0131 Hizmet ve Servisler Moderat\u00f6r: Yrd. Do\u00e7. Dr. Taner Arsan, Kadir Has \u00dcnv. M\u00fch. Fak\u00fcltesi Dekan Yrd. Panelistler Serdar Yal\u00e7\u0131n, Fortinet T\u00fcrkiye \u00dclke M\u00fcd\u00fcr\u00fc Murat Demirel, Assista Genel M\u00fcd\u00fcr\u00fc Murat Lostar, Lostar A.\u015e. Genel M\u00fcd\u00fcr\u00fc [&hellip;]<\/p>\n","protected":false},"author":1,"featured_media":0,"parent":87,"menu_order":0,"comment_status":"closed","ping_status":"closed","template":"","meta":{"_et_pb_use_builder":"on","_et_pb_old_content":"<p><strong>Verinin G\u00fcvenli Sunulmas\u0131: Bulut Tabanl\u0131 Hizmet ve Servisler<\/strong><\/p><p>Moderat\u00f6r: Yrd. Do\u00e7. Dr. Taner Arsan, Kadir Has \u00dcnv. M\u00fch. Fak\u00fcltesi Dekan Yrd.<\/p><p>Panelistler<\/p><ul><li>Serdar Yal\u00e7\u0131n, Fortinet T\u00fcrkiye \u00dclke M\u00fcd\u00fcr\u00fc<\/li><li>Murat Demirel, Assista Genel M\u00fcd\u00fcr\u00fc<\/li><li>Murat Lostar, Lostar A.\u015e. Genel M\u00fcd\u00fcr\u00fc<\/li><\/ul>","footnotes":""},"_links":{"self":[{"href":"http:\/\/www.istanbulbilisimkongresi.org.tr\/2017\/wp-json\/wp\/v2\/pages\/489"}],"collection":[{"href":"http:\/\/www.istanbulbilisimkongresi.org.tr\/2017\/wp-json\/wp\/v2\/pages"}],"about":[{"href":"http:\/\/www.istanbulbilisimkongresi.org.tr\/2017\/wp-json\/wp\/v2\/types\/page"}],"author":[{"embeddable":true,"href":"http:\/\/www.istanbulbilisimkongresi.org.tr\/2017\/wp-json\/wp\/v2\/users\/1"}],"replies":[{"embeddable":true,"href":"http:\/\/www.istanbulbilisimkongresi.org.tr\/2017\/wp-json\/wp\/v2\/comments?post=489"}],"version-history":[{"count":8,"href":"http:\/\/www.istanbulbilisimkongresi.org.tr\/2017\/wp-json\/wp\/v2\/pages\/489\/revisions"}],"predecessor-version":[{"id":608,"href":"http:\/\/www.istanbulbilisimkongresi.org.tr\/2017\/wp-json\/wp\/v2\/pages\/489\/revisions\/608"}],"up":[{"embeddable":true,"href":"http:\/\/www.istanbulbilisimkongresi.org.tr\/2017\/wp-json\/wp\/v2\/pages\/87"}],"wp:attachment":[{"href":"http:\/\/www.istanbulbilisimkongresi.org.tr\/2017\/wp-json\/wp\/v2\/media?parent=489"}],"curies":[{"name":"wp","href":"https:\/\/api.w.org\/{rel}","templated":true}]}}