{"id":485,"date":"2017-11-21T15:05:20","date_gmt":"2017-11-21T13:05:20","guid":{"rendered":"http:\/\/www.istanbulbilisimkongresi.org.tr\/2017\/?page_id=485"},"modified":"2017-12-01T18:01:40","modified_gmt":"2017-12-01T16:01:40","slug":"acilis-konusmalari","status":"publish","type":"page","link":"http:\/\/www.istanbulbilisimkongresi.org.tr\/2017\/program\/acilis-konusmalari\/","title":{"rendered":"A\u00e7\u0131l\u0131\u015f Konu\u015fmalar\u0131"},"content":{"rendered":"<p><span style=\"color: #000000;\"><strong><span style=\"font-size: 12pt;\">A\u00e7\u0131l\u0131\u015f Konu\u015fmalar\u0131<\/span><\/strong><\/span><\/p>\n<ul>\n<li><strong><span style=\"color: #000000;\">Prof. Dr. Nihat Berker,\u00a0<\/span><\/strong>Kadir Has \u00dcniversitesi M\u00fchendislik ve Do\u011fa Bilimleri Fak\u00fcltesi Dekan\u0131<\/li>\n<li><strong><span style=\"color: #000000;\">H\u00fcseyin Karaya\u011f\u0131z,<\/span><\/strong> Kongre Y\u00fcr\u00fctme Kurulu Ba\u015fkan\u0131<\/li>\n<li><strong><span style=\"color: #000000;\">Deniz Tiryakioglu,<\/span><\/strong> TBD \u0130stanbul Y\u00f6netim Kurulu Ba\u015fkan\u0131<\/li>\n<li><strong><span style=\"color: #000000;\">Yrd. Do\u00e7. Dr. Taner Arsan<\/span><\/strong>, Kadir Has \u00dcniversitesi M\u00fchendislik ve Do\u011fa Bilimleri Fak\u00fcltesi Dekan Yard\u0131mc\u0131s\u0131<\/li>\n<li><strong><span style=\"color: #000000;\">Rahmi Aktepe,<\/span><\/strong> T\u00fcrkiye Bili\u015fim Derne\u011fi Genel Ba\u015fkan\u0131<\/li>\n<li><strong><span style=\"color: #000000;\">Mustafa Demir,<\/span><\/strong> Fatih Belediye Ba\u015fkan\u0131<\/li>\n<\/ul>\n<p>&nbsp;<\/p>\n","protected":false},"excerpt":{"rendered":"<p>A\u00e7\u0131l\u0131\u015f Konu\u015fmalar\u0131 Prof. Dr. Nihat Berker,\u00a0Kadir Has \u00dcniversitesi M\u00fchendislik ve Do\u011fa Bilimleri Fak\u00fcltesi Dekan\u0131 H\u00fcseyin Karaya\u011f\u0131z, Kongre Y\u00fcr\u00fctme Kurulu Ba\u015fkan\u0131 Deniz Tiryakioglu, TBD \u0130stanbul Y\u00f6netim Kurulu Ba\u015fkan\u0131 Yrd. Do\u00e7. Dr. Taner Arsan, Kadir Has \u00dcniversitesi M\u00fchendislik ve Do\u011fa Bilimleri Fak\u00fcltesi Dekan Yard\u0131mc\u0131s\u0131 Rahmi Aktepe, T\u00fcrkiye Bili\u015fim Derne\u011fi Genel Ba\u015fkan\u0131 Mustafa Demir, Fatih Belediye Ba\u015fkan\u0131 &nbsp;<\/p>\n","protected":false},"author":1,"featured_media":0,"parent":87,"menu_order":0,"comment_status":"closed","ping_status":"closed","template":"","meta":{"_et_pb_use_builder":"","_et_pb_old_content":"","footnotes":""},"_links":{"self":[{"href":"http:\/\/www.istanbulbilisimkongresi.org.tr\/2017\/wp-json\/wp\/v2\/pages\/485"}],"collection":[{"href":"http:\/\/www.istanbulbilisimkongresi.org.tr\/2017\/wp-json\/wp\/v2\/pages"}],"about":[{"href":"http:\/\/www.istanbulbilisimkongresi.org.tr\/2017\/wp-json\/wp\/v2\/types\/page"}],"author":[{"embeddable":true,"href":"http:\/\/www.istanbulbilisimkongresi.org.tr\/2017\/wp-json\/wp\/v2\/users\/1"}],"replies":[{"embeddable":true,"href":"http:\/\/www.istanbulbilisimkongresi.org.tr\/2017\/wp-json\/wp\/v2\/comments?post=485"}],"version-history":[{"count":8,"href":"http:\/\/www.istanbulbilisimkongresi.org.tr\/2017\/wp-json\/wp\/v2\/pages\/485\/revisions"}],"predecessor-version":[{"id":638,"href":"http:\/\/www.istanbulbilisimkongresi.org.tr\/2017\/wp-json\/wp\/v2\/pages\/485\/revisions\/638"}],"up":[{"embeddable":true,"href":"http:\/\/www.istanbulbilisimkongresi.org.tr\/2017\/wp-json\/wp\/v2\/pages\/87"}],"wp:attachment":[{"href":"http:\/\/www.istanbulbilisimkongresi.org.tr\/2017\/wp-json\/wp\/v2\/media?parent=485"}],"curies":[{"name":"wp","href":"https:\/\/api.w.org\/{rel}","templated":true}]}}