{"id":481,"date":"2017-11-21T15:04:37","date_gmt":"2017-11-21T13:04:37","guid":{"rendered":"http:\/\/www.istanbulbilisimkongresi.org.tr\/2017\/?page_id=481"},"modified":"2017-12-01T16:46:54","modified_gmt":"2017-12-01T14:46:54","slug":"veri-odakli-e-donusumun-neresindeyiz","status":"publish","type":"page","link":"http:\/\/www.istanbulbilisimkongresi.org.tr\/2017\/program\/veri-odakli-e-donusumun-neresindeyiz\/","title":{"rendered":"Veri Odakl\u0131 E-D\u00f6n\u00fc\u015f\u00fcm\u00fcn Neresindeyiz?"},"content":{"rendered":"<p>[et_pb_section bb_built=&#8221;1&#8243; admin_label=&#8221;section&#8221; _builder_version=&#8221;3.0.51&#8243; use_background_color_gradient=&#8221;on&#8221; background_color_gradient_start=&#8221;rgba(171,190,252,0.46)&#8221; background_color_gradient_end=&#8221;rgba(219,219,219,0.72)&#8221;][et_pb_row admin_label=&#8221;row&#8221; background_position=&#8221;top_left&#8221; background_repeat=&#8221;repeat&#8221; background_size=&#8221;initial&#8221; _builder_version=&#8221;3.0.51&#8243; background_position_1=&#8221;top_left&#8221; background_repeat_1=&#8221;no-repeat&#8221; background_position_2=&#8221;top_left&#8221; background_repeat_2=&#8221;no-repeat&#8221;][et_pb_column type=&#8221;1_3&#8243;][et_pb_text admin_label=&#8221;Metin&#8221; background_position=&#8221;top_left&#8221; background_repeat=&#8221;repeat&#8221; background_size=&#8221;initial&#8221; _builder_version=&#8221;3.0.51&#8243; background_layout=&#8221;light&#8221; text_orientation=&#8221;left&#8221; border_style=&#8221;solid&#8221;]<\/p>\n<p><span style=\"color: #000000;\"><strong>Sponsor Sunumlar\u0131:<\/strong><\/span><\/p>\n<p><span style=\"color: #000000;\"><strong> Veri Odakl\u0131 E-D\u00f6n\u00fc\u015f\u00fcm\u00fcn Neresindeyiz?<\/strong><\/span><\/p>\n<p><strong><span style=\"color: #000000;\">Moderat\u00f6r : Rahmi Aktepe<\/span><\/strong> T\u00fcrkiye Bili\u015fim Derne\u011fi Genel Ba\u015fkan\u0131<\/p>\n<ul>\n<li><strong><span style=\"color: #000000;\">Ay\u015feg\u00fcl Topo\u011flu T\u00fcz\u00fcn<\/span><\/strong>, E-G\u00dcVEN\u00a0\u0130\u015f Geli\u015ftirme ,Sat\u0131\u015f ve Pazarlama Direkt\u00f6r\u00fc<\/li>\n<li><strong><span style=\"color: #000000;\">Serdar Yal\u00e7\u0131n,<\/span><\/strong> Fortinet T\u00fcrkiye \u00dclke M\u00fcd\u00fcr\u00fc<\/li>\n<li><strong><span style=\"color: #000000;\">Filiz Akdede,<\/span><\/strong>\u00a0 HP T\u00fcrkiye Genel M\u00fcd\u00fcr<\/li>\n<li><strong><span style=\"color: #000000;\">Yi\u011fit Karaba\u011f,<\/span> <\/strong>SAS &#8211; Orta Do\u011fu, T\u00fcrkiye ve Do\u011fu Avrupa \u0130\u015f \u00c7\u00f6z\u00fcmleri Direkt\u00f6r\u00fc<\/li>\n<\/ul>\n<p>[\/et_pb_text][\/et_pb_column][et_pb_column type=&#8221;2_3&#8243;][et_pb_image admin_label=&#8221;G\u00f6r\u00fcnt\u00fc&#8221; _builder_version=&#8221;3.0.51&#8243; show_in_lightbox=&#8221;off&#8221; url_new_window=&#8221;off&#8221; src=&#8221;http:\/\/www.istanbulbilisimkongresi.org.tr\/2017\/wp-content\/uploads\/Sponsorlar-Paneli-1.jpg&#8221; sticky=&#8221;off&#8221; align=&#8221;left&#8221; always_center_on_mobile=&#8221;on&#8221; use_overlay=&#8221;off&#8221; border_style=&#8221;solid&#8221; force_fullwidth=&#8221;off&#8221; \/][\/et_pb_column][\/et_pb_row][\/et_pb_section]<\/p>\n","protected":false},"excerpt":{"rendered":"<p>[et_pb_section bb_built=&#8221;1&#8243; admin_label=&#8221;section&#8221; _builder_version=&#8221;3.0.51&#8243; use_background_color_gradient=&#8221;on&#8221; background_color_gradient_start=&#8221;rgba(171,190,252,0.46)&#8221; background_color_gradient_end=&#8221;rgba(219,219,219,0.72)&#8221;][et_pb_row admin_label=&#8221;row&#8221; background_position=&#8221;top_left&#8221; background_repeat=&#8221;repeat&#8221; background_size=&#8221;initial&#8221; _builder_version=&#8221;3.0.51&#8243; background_position_1=&#8221;top_left&#8221; background_repeat_1=&#8221;no-repeat&#8221; background_position_2=&#8221;top_left&#8221; background_repeat_2=&#8221;no-repeat&#8221;][et_pb_column type=&#8221;1_3&#8243;][et_pb_text admin_label=&#8221;Metin&#8221; background_position=&#8221;top_left&#8221; background_repeat=&#8221;repeat&#8221; background_size=&#8221;initial&#8221; _builder_version=&#8221;3.0.51&#8243; background_layout=&#8221;light&#8221; text_orientation=&#8221;left&#8221; border_style=&#8221;solid&#8221;] Sponsor Sunumlar\u0131: Veri Odakl\u0131 E-D\u00f6n\u00fc\u015f\u00fcm\u00fcn Neresindeyiz? Moderat\u00f6r : Rahmi Aktepe T\u00fcrkiye Bili\u015fim Derne\u011fi Genel Ba\u015fkan\u0131 Ay\u015feg\u00fcl Topo\u011flu T\u00fcz\u00fcn, E-G\u00dcVEN\u00a0\u0130\u015f Geli\u015ftirme ,Sat\u0131\u015f ve Pazarlama Direkt\u00f6r\u00fc Serdar Yal\u00e7\u0131n, Fortinet T\u00fcrkiye \u00dclke M\u00fcd\u00fcr\u00fc [&hellip;]<\/p>\n","protected":false},"author":1,"featured_media":0,"parent":87,"menu_order":0,"comment_status":"closed","ping_status":"closed","template":"","meta":{"_et_pb_use_builder":"on","_et_pb_old_content":"<p><strong>Sponsor Sunumlar\u0131: Veri Odakl\u0131 E-D\u00f6n\u00fc\u015f\u00fcm\u00fcn Neresindeyiz?<\/strong><\/p><ul><li>Ay\u015feg\u00fcl Topo\u011flu T\u00fcz\u00fcn, Sat\u0131\u015f Pazarlama Direkt\u00f6r\u00fc - E-G\u00fcven<\/li><li>Serdar Yal\u00e7\u0131n, Fortinet T\u00fcrkiye \u00dclke M\u00fcd\u00fcr\u00fc<\/li><li>Filiz Akdede, Genel M\u00fcd\u00fcr - HP T\u00fcrkiye<\/li><li>Yi\u011fit Karaba\u011f, Orta Do\u011fu, T\u00fcrkiye ve Do\u011fu Avrupa \u0130\u015f \u00c7\u00f6z\u00fcmleri Direkt\u00f6r\u00fc, SAS<\/li><\/ul>","footnotes":""},"_links":{"self":[{"href":"http:\/\/www.istanbulbilisimkongresi.org.tr\/2017\/wp-json\/wp\/v2\/pages\/481"}],"collection":[{"href":"http:\/\/www.istanbulbilisimkongresi.org.tr\/2017\/wp-json\/wp\/v2\/pages"}],"about":[{"href":"http:\/\/www.istanbulbilisimkongresi.org.tr\/2017\/wp-json\/wp\/v2\/types\/page"}],"author":[{"embeddable":true,"href":"http:\/\/www.istanbulbilisimkongresi.org.tr\/2017\/wp-json\/wp\/v2\/users\/1"}],"replies":[{"embeddable":true,"href":"http:\/\/www.istanbulbilisimkongresi.org.tr\/2017\/wp-json\/wp\/v2\/comments?post=481"}],"version-history":[{"count":13,"href":"http:\/\/www.istanbulbilisimkongresi.org.tr\/2017\/wp-json\/wp\/v2\/pages\/481\/revisions"}],"predecessor-version":[{"id":634,"href":"http:\/\/www.istanbulbilisimkongresi.org.tr\/2017\/wp-json\/wp\/v2\/pages\/481\/revisions\/634"}],"up":[{"embeddable":true,"href":"http:\/\/www.istanbulbilisimkongresi.org.tr\/2017\/wp-json\/wp\/v2\/pages\/87"}],"wp:attachment":[{"href":"http:\/\/www.istanbulbilisimkongresi.org.tr\/2017\/wp-json\/wp\/v2\/media?parent=481"}],"curies":[{"name":"wp","href":"https:\/\/api.w.org\/{rel}","templated":true}]}}